{"id":354,"date":"2013-09-17T10:56:13","date_gmt":"2013-09-17T08:56:13","guid":{"rendered":"https:\/\/www.parthages.be\/wordpress\/produit\/l-accompagnement-au-quotidien-des-personnes-deficientes-visuelles\/"},"modified":"2022-04-05T14:38:12","modified_gmt":"2022-04-05T12:38:12","slug":"l-accompagnement-au-quotidien-des-personnes-deficientes-visuelles","status":"publish","type":"product","link":"https:\/\/www.parthages.be\/eboutique\/produit\/l-accompagnement-au-quotidien-des-personnes-deficientes-visuelles\/","title":{"rendered":"L&rsquo;accompagnement au quotidien des personnes d\u00e9ficientes visuelles"},"content":{"rendered":"<p>\u00ab Comment voient les aveugles ? Comment leur faire comprendre le monde visible avec nos moyens souvent si d\u00e9risoires ?<br \/>\nEn AVJ (accompagnement de la vie journali\u00e8re), on fait parfois des s\u00e9ances sp\u00e9ciales, on prend le temps, on va expliquer la passoire, on va v\u00e9rifier comment une grosse passoire n&rsquo;est pas une casserole, pourquoi elle laisse passer l&rsquo;eau et retient les macaronis. Pendant la s\u00e9ance, nous essayons de cr\u00e9er un lien \u00e0 partir des autres sens pour conna\u00eetre le monde. \u00bb C.A.<\/p>\n<p>Comprendre le fonctionnement sp\u00e9cifique au d\u00e9ficit visuel est n\u00e9cessaire pour proposer une aide ad\u00e9quate aux personnes qui en souffrent. Josiane Heyraud et Christianne Almendros t\u00e9moignent de leur exp\u00e9rience professionnelle aupr\u00e8s d&rsquo;enfants aveugles de naissance, aveugles tardifs, malvoyants et adultes handicap\u00e9s visuels. Elles montrent comment, en utilisant des techniques palliatives, elles leur permettent de construire des repr\u00e9sentations spatiales op\u00e9rantes et de d\u00e9velopper leur autonomie dans les divers contextes de la vie.<\/p>\n<p>Parents et professionnels aupr\u00e8s de personnes d\u00e9ficientes visuelles trouveront dans cet ouvrage quelques cl\u00e9s utiles pour soutenir et promouvoir une ma\u00eetrise du quotidien, qui autorise la confiance en soi et aide le sujet \u00e0 trouver sa place dans la vie sociale en tant que citoyen \u00e0 part enti\u00e8re, en toute dignit\u00e9. (Pr\u00e9sentation de l&rsquo;\u00e9diteur)<\/p>\n<p>HEYRAUD J.<\/p>\n<p>Er\u00e8s<\/p>\n<p>2013 &#8211; 223p. &#8211; 167gr &#8211; 14\u20ac<\/p>\n<p>ISBN\u00a0: 978-2-7492-3817-3<\/p>\n<p>Cote doc: 2-70-HEY-A<\/p>\n<span class=\"et_bloom_bottom_trigger\"><\/span>","protected":false},"excerpt":{"rendered":"<p>\u00ab Comment voient les aveugles ? Comment leur faire comprendre le monde visible avec nos moyens souvent si d\u00e9risoires ?<\/p>\n","protected":false},"featured_media":353,"comment_status":"open","ping_status":"closed","template":"","meta":{"_et_pb_use_builder":"","_et_pb_old_content":"","_et_gb_content_width":"","spay_email":""},"class_list":["post-354","product","type-product","status-publish","has-post-thumbnail","hentry","product_cat-livres","product_tag-accompagnement","product_tag-autonomie","product_tag-cecite","product_tag-confiance-en-soi","product_tag-deficience-visuelle","product_tag-technique-daide","product_tag-vie-quotidienne"],"jetpack_sharing_enabled":true,"jetpack_likes_enabled":true,"_links":{"self":[{"href":"https:\/\/www.parthages.be\/eboutique\/wp-json\/wp\/v2\/product\/354","targetHints":{"allow":["GET"]}}],"collection":[{"href":"https:\/\/www.parthages.be\/eboutique\/wp-json\/wp\/v2\/product"}],"about":[{"href":"https:\/\/www.parthages.be\/eboutique\/wp-json\/wp\/v2\/types\/product"}],"replies":[{"embeddable":true,"href":"https:\/\/www.parthages.be\/eboutique\/wp-json\/wp\/v2\/comments?post=354"}],"wp:featuredmedia":[{"embeddable":true,"href":"https:\/\/www.parthages.be\/eboutique\/wp-json\/wp\/v2\/media\/353"}],"wp:attachment":[{"href":"https:\/\/www.parthages.be\/eboutique\/wp-json\/wp\/v2\/media?parent=354"}],"curies":[{"name":"wp","href":"https:\/\/api.w.org\/{rel}","templated":true}]}}