{"id":358,"date":"2013-09-17T11:02:52","date_gmt":"2013-09-17T09:02:52","guid":{"rendered":"https:\/\/www.parthages.be\/wordpress\/produit\/l-alcool-un-ennemi-intime\/"},"modified":"2022-07-26T10:39:00","modified_gmt":"2022-07-26T08:39:00","slug":"l-alcool-un-ennemi-intime","status":"publish","type":"product","link":"https:\/\/www.parthages.be\/eboutique\/produit\/l-alcool-un-ennemi-intime\/","title":{"rendered":"L&rsquo;alcool, un ennemi intime"},"content":{"rendered":"<p>\u00ab\u00a0Je buvais \u00e0 m\u00eame la bouteille en la tenant \u00e0 deux mains; je tremblais tellement que je n&rsquo;aurais pas pu tenir un verre sans en renverser le contenu. Dans la demi-heure qui suivait je vomissais ce que j&rsquo;avais bu. Une fois le liquide rendu, je recrachais de la bile en grande quantit\u00e9; j&rsquo;avais l&rsquo;impression que mon foie partait en lambeaux. Cela mettait aussi mes intestins \u00e0 rude \u00e9preuve. Quand j&rsquo;osais me regarder dans un miroir, je voyais mes yeux jaunes, exorbit\u00e9s. Mon visage \u00e9tait rouge, bouffi avec des traces visibles de couperose sur les joues. Je me faisais horreur mais je n&rsquo;avais pas peur de ce qui pouvait m&rsquo;arriver. Dans ces cas-l\u00e0, on a d\u00e9pass\u00e9 ce stade et, en y r\u00e9fl\u00e9chissant, je n&rsquo;ai jamais pens\u00e9 que je risquais de mourir.\u00a0\u00bb<\/p>\n<p>Avec ces mots terriblement simples, G. Hudin\u00e9 \u00e9voque le climax de son alcoolisme. Pour en arriver l\u00e0, \u00e0 cette phase critique et mortif\u00e8re, il a fallu une lente mais inexorable p\u00e9riode d&rsquo;alcoolisation d\u00e9bouchant sur la d\u00e9pendance morbide. Un processus insidieux, fait de moments conviviaux, puis de plus en plus solitaires&#8230; Un processus qui s&rsquo;est doucement accompagn\u00e9 de mensonges, tromperies et manipulations, que met en relief ce t\u00e9moignage humble et \u00e9loquent, avant de d\u00e9crire cette renaissance que constituent le sevrage et l&rsquo;abstinence. Un texte en forme d&rsquo;auto-analyse, d&rsquo;expiation mais aussi d&rsquo;exemple pour les alcoolod\u00e9pendants, qui n&rsquo;a de cesse de souligner les ravages de cette addiction pour le malade et son entourage. (Pr\u00e9sentation de l\u2019\u00e9diteur)<\/p>\n<p>HUDINE G.<\/p>\n<p>Soci\u00e9t\u00e9 des \u00e9crivains<\/p>\n<p>2013- 154p. &#8211; 212gr &#8211; 12\u20ac<br \/>\nISBN\u00a0: 978-2-342-00924-8<\/p>\n<p>Cote doc: 1-20-HUD-A<\/p>\n<span class=\"et_bloom_bottom_trigger\"><\/span>","protected":false},"excerpt":{"rendered":"<p>Je buvais \u00e0 m\u00eame la bouteille en la tenant \u00e0 deux mains; je tremblais tellement que je n&rsquo;aurais pas pu tenir un verre sans en renverser le contenu.<\/p>\n","protected":false},"featured_media":357,"comment_status":"open","ping_status":"closed","template":"","meta":{"_et_pb_use_builder":"","_et_pb_old_content":"","_et_gb_content_width":"","spay_email":""},"class_list":["post-358","product","type-product","status-publish","has-post-thumbnail","hentry","product_cat-livres","product_tag-addiction","product_tag-alcoolisme","product_tag-temoignage"],"jetpack_sharing_enabled":true,"jetpack_likes_enabled":true,"_links":{"self":[{"href":"https:\/\/www.parthages.be\/eboutique\/wp-json\/wp\/v2\/product\/358","targetHints":{"allow":["GET"]}}],"collection":[{"href":"https:\/\/www.parthages.be\/eboutique\/wp-json\/wp\/v2\/product"}],"about":[{"href":"https:\/\/www.parthages.be\/eboutique\/wp-json\/wp\/v2\/types\/product"}],"replies":[{"embeddable":true,"href":"https:\/\/www.parthages.be\/eboutique\/wp-json\/wp\/v2\/comments?post=358"}],"wp:featuredmedia":[{"embeddable":true,"href":"https:\/\/www.parthages.be\/eboutique\/wp-json\/wp\/v2\/media\/357"}],"wp:attachment":[{"href":"https:\/\/www.parthages.be\/eboutique\/wp-json\/wp\/v2\/media?parent=358"}],"curies":[{"name":"wp","href":"https:\/\/api.w.org\/{rel}","templated":true}]}}