{"id":36,"date":"2012-09-24T11:37:53","date_gmt":"2012-09-24T09:37:53","guid":{"rendered":"https:\/\/www.parthages.be\/wordpress\/produit\/leur-regard-perce-nos-ombres\/"},"modified":"2021-08-17T10:32:35","modified_gmt":"2021-08-17T08:32:35","slug":"leur-regard-perce-nos-ombres","status":"publish","type":"product","link":"https:\/\/www.parthages.be\/eboutique\/produit\/leur-regard-perce-nos-ombres\/","title":{"rendered":"Leur regard perce nos ombres"},"content":{"rendered":"<p>Pendant plus d\u2019un an, Julia Kristeva, psychanalyste, romanci\u00e8re, qui fait de son v\u00e9cu de m\u00e8re un combat politique pour la vie digne dans la cit\u00e9 des hommes et des femmes en situation de handicap, et Jean Vanier, fondateur il y a quarante-six ans de L\u2019Arche, qui h\u00e9berge des handicap\u00e9s, ont \u00e9chang\u00e9 sous forme de lettres sur leur exp\u00e9rience respective.<br \/>\nPourquoi le handicap fait-il si peur aux gens? En quoi l\u2019irr\u00e9ductible diff\u00e9rence des handicap\u00e9s moteurs, sensoriels et surtout psychiques et mentaux suscite-t-elle recul, angoisse, parfois \u00e9pouvante\u00a0?<br \/>\nComment parvenir \u00e0 changer le regard de la soci\u00e9t\u00e9 sur ces \u00eatres que notre culture de la performance, de l\u2019excellence et de la comp\u00e9tition rendent les plus \u00ab\u00a0\u00e9trangers\u00a0\u00bb des \u00eatres humains\u00a0?<br \/>\nMais ce livre permet aussi d\u2019aborder d\u2019autres questions, plus g\u00e9n\u00e9rales\u00a0: pourquoi voulons-nous \u00eatre parents\u00a0? Qu\u2019est-ce qu\u2019\u00eatre m\u00e8re\u00a0? A quoi sert la religion\u00a0? Jusqu\u2019o\u00f9 ira la science\u00a0? Que peut la famille\u00a0?\u00a0Et l\u2019Etat\u00a0?<br \/>\nSans esquive, cet \u00e9change-l\u00e0 r\u00e9flexion analytique et la\u00efque de Julia Kristeva venant en contrepoint de celle de Jean Vanier, nourrie de foi chr\u00e9tienne \u2013interpelle notre vision de l\u2019existence et, \u00e0 travers celle-ci,\u00a0interroge notre humanit\u00e9. (Pr\u00e9sentation de l\u2019\u00e9diteur)<\/p>\n<p>KRISTEVA J.- VANIER J.<\/p>\n<p>Fayard<\/p>\n<p>2011-240p.18.30\u20ac<\/p>\n<p>330gr<\/p>\n<p>ISBN\u00a0: 978-2-213-65469-0<\/p>\n<p>Cote doc\u00a0: 7-30-KRI-L<\/p>\n<span class=\"et_bloom_bottom_trigger\"><\/span>","protected":false},"excerpt":{"rendered":"<p>Pendant plus d\u2019un an, Julia Kristeva, psychanalyste, romanci\u00e8re, qui fait de son v\u00e9cu de m\u00e8re un combat politique pour la vie digne dans la cit\u00e9 des hommes et des femmes en situation de handicap, et Jean Vanier, fondateur il y a quarante-six ans de L\u2019Arche, qui h\u00e9berge des handicap\u00e9s, ont \u00e9chang\u00e9 sous forme de lettres sur leur exp\u00e9rience respective.<\/p>\n","protected":false},"featured_media":1554,"comment_status":"open","ping_status":"closed","template":"","meta":{"_et_pb_use_builder":"","_et_pb_old_content":"","_et_gb_content_width":"","spay_email":""},"class_list":["post-36","product","type-product","status-publish","has-post-thumbnail","hentry","product_cat-livres","product_tag-echange","product_tag-famille","product_tag-laicite","product_tag-parentalite","product_tag-personne-handicapee","product_tag-psychanalyse","product_tag-reflexion","product_tag-relation-daide","product_tag-religion","product_tag-societe"],"jetpack_sharing_enabled":true,"jetpack_likes_enabled":true,"_links":{"self":[{"href":"https:\/\/www.parthages.be\/eboutique\/wp-json\/wp\/v2\/product\/36","targetHints":{"allow":["GET"]}}],"collection":[{"href":"https:\/\/www.parthages.be\/eboutique\/wp-json\/wp\/v2\/product"}],"about":[{"href":"https:\/\/www.parthages.be\/eboutique\/wp-json\/wp\/v2\/types\/product"}],"replies":[{"embeddable":true,"href":"https:\/\/www.parthages.be\/eboutique\/wp-json\/wp\/v2\/comments?post=36"}],"wp:featuredmedia":[{"embeddable":true,"href":"https:\/\/www.parthages.be\/eboutique\/wp-json\/wp\/v2\/media\/1554"}],"wp:attachment":[{"href":"https:\/\/www.parthages.be\/eboutique\/wp-json\/wp\/v2\/media?parent=36"}],"curies":[{"name":"wp","href":"https:\/\/api.w.org\/{rel}","templated":true}]}}