{"id":362,"date":"2013-09-30T11:21:53","date_gmt":"2013-09-30T09:21:53","guid":{"rendered":"https:\/\/www.parthages.be\/wordpress\/produit\/petit-cahier-d-exercices-des-fabuleux-pouvoirs-de-la-generosite-2\/"},"modified":"2021-08-18T09:46:37","modified_gmt":"2021-08-18T07:46:37","slug":"petit-cahier-d-exercices-des-fabuleux-pouvoirs-de-la-generosite-2","status":"publish","type":"product","link":"https:\/\/www.parthages.be\/eboutique\/produit\/petit-cahier-d-exercices-des-fabuleux-pouvoirs-de-la-generosite-2\/","title":{"rendered":"Petit cahier d&rsquo;exercices des fabuleux pouvoirs de la g\u00e9n\u00e9rosit\u00e9"},"content":{"rendered":"<p>Voici un outil au pouvoir insoup\u00e7onn\u00e9 : la g\u00e9n\u00e9rosit\u00e9 ! Elle peut changer votre vie et celles de vos proches. Alors, sortez crayons et plumes et donnez des mots et des couleurs \u00e0 votre quotidien !<\/p>\n<p>Ce petit cahier est plein de vie, d&rsquo;exercices faciles et de coloriages, de notes et de pens\u00e9es positives. Fut\u00e9 et dr\u00f4le, il vous emm\u00e8ne au quotidien sur le chemin de la g\u00e9n\u00e9rosit\u00e9 et de l&#8217;empathie qui sont des puissants exhausteurs de bonheur selon les conclusions de la psychologie positive.<\/p>\n<p>THALMANN Y.-A., AUGAGNEUR J.<br \/>\nJouvence<br \/>\n2012, 64p, 6,90\u20ac, 116gr<br \/>\nISBN\u00a0: 978-2-88911-386-6<\/p>\n<p>Cote doc\u00a0: 3-10-THA-P6<\/p>\n<span class=\"et_bloom_bottom_trigger\"><\/span>","protected":false},"excerpt":{"rendered":"<p>Voici un outil au pouvoir insoup\u00e7onn\u00e9 : la g\u00e9n\u00e9rosit\u00e9 ! Elle peut changer votre vie et celles de vos proches.<\/p>\n","protected":false},"featured_media":361,"comment_status":"open","ping_status":"closed","template":"","meta":{"_et_pb_use_builder":"","_et_pb_old_content":"","_et_gb_content_width":"","spay_email":""},"class_list":["post-362","product","type-product","status-publish","has-post-thumbnail","hentry","product_cat-livres","product_tag-affirmation-de-soi","product_tag-bien-etre","product_tag-technique-de-developpement-perso"],"jetpack_sharing_enabled":true,"jetpack_likes_enabled":true,"_links":{"self":[{"href":"https:\/\/www.parthages.be\/eboutique\/wp-json\/wp\/v2\/product\/362","targetHints":{"allow":["GET"]}}],"collection":[{"href":"https:\/\/www.parthages.be\/eboutique\/wp-json\/wp\/v2\/product"}],"about":[{"href":"https:\/\/www.parthages.be\/eboutique\/wp-json\/wp\/v2\/types\/product"}],"replies":[{"embeddable":true,"href":"https:\/\/www.parthages.be\/eboutique\/wp-json\/wp\/v2\/comments?post=362"}],"wp:featuredmedia":[{"embeddable":true,"href":"https:\/\/www.parthages.be\/eboutique\/wp-json\/wp\/v2\/media\/361"}],"wp:attachment":[{"href":"https:\/\/www.parthages.be\/eboutique\/wp-json\/wp\/v2\/media?parent=362"}],"curies":[{"name":"wp","href":"https:\/\/api.w.org\/{rel}","templated":true}]}}