{"id":368,"date":"2013-09-30T11:28:27","date_gmt":"2013-09-30T09:28:27","guid":{"rendered":"https:\/\/www.parthages.be\/wordpress\/produit\/handicap-et-citoyennete\/"},"modified":"2021-09-06T16:22:30","modified_gmt":"2021-09-06T14:22:30","slug":"handicap-et-citoyennete","status":"publish","type":"product","link":"https:\/\/www.parthages.be\/eboutique\/produit\/handicap-et-citoyennete\/","title":{"rendered":"Handicap et citoyennet\u00e9"},"content":{"rendered":"<p>\u00ab\u00a0Et si le handicap nous aidait \u00e0 r\u00e9inventer le lien social ?\u00a0\u00bb La question du handicap est celle de la d\u00e9mocratie ; la question du handicap est, centralement, politique comme en t\u00e9moigne le fonctionnement de la dialectique droits de l&rsquo;homme \u2013 droits du citoyen dans la probl\u00e9matique du handicap. Sans faire une histoire du handicap et sans pr\u00e9tendre donner des indications pour une politique du handicap, cet ouvrage donne quelques outils pour comprendre. (Pr\u00e9sentation de l\u2019\u00e9diteur)<\/p>\n<p>BRUCHON Y.<\/p>\n<p>L&rsquo;Harmattan<\/p>\n<p>2013, 172p, 18\u20ac, 292gr<br \/>\nISBN\u00a0: 978-2-296-99831-5<\/p>\n<p>Cote doc\u00a0: 7-10-BRU-H<\/p>\n<span class=\"et_bloom_bottom_trigger\"><\/span>","protected":false},"excerpt":{"rendered":"<p>\u00ab\u00a0Et si le handicap nous aidait \u00e0 r\u00e9inventer le lien social ?<\/p>\n","protected":false},"featured_media":367,"comment_status":"open","ping_status":"closed","template":"","meta":{"_et_pb_use_builder":"","_et_pb_old_content":"","_et_gb_content_width":"","spay_email":""},"class_list":["post-368","product","type-product","status-publish","has-post-thumbnail","hentry","product_cat-livres","product_tag-democratie","product_tag-droits-de-la-personne-handicapee","product_tag-outil","product_tag-personne-handicapee","product_tag-politique","product_tag-societe"],"jetpack_sharing_enabled":true,"jetpack_likes_enabled":true,"_links":{"self":[{"href":"https:\/\/www.parthages.be\/eboutique\/wp-json\/wp\/v2\/product\/368","targetHints":{"allow":["GET"]}}],"collection":[{"href":"https:\/\/www.parthages.be\/eboutique\/wp-json\/wp\/v2\/product"}],"about":[{"href":"https:\/\/www.parthages.be\/eboutique\/wp-json\/wp\/v2\/types\/product"}],"replies":[{"embeddable":true,"href":"https:\/\/www.parthages.be\/eboutique\/wp-json\/wp\/v2\/comments?post=368"}],"wp:featuredmedia":[{"embeddable":true,"href":"https:\/\/www.parthages.be\/eboutique\/wp-json\/wp\/v2\/media\/367"}],"wp:attachment":[{"href":"https:\/\/www.parthages.be\/eboutique\/wp-json\/wp\/v2\/media?parent=368"}],"curies":[{"name":"wp","href":"https:\/\/api.w.org\/{rel}","templated":true}]}}