{"id":372,"date":"2013-09-30T11:32:52","date_gmt":"2013-09-30T09:32:52","guid":{"rendered":"https:\/\/www.parthages.be\/wordpress\/produit\/soulager-la-fibromyalgie\/"},"modified":"2025-04-29T13:34:24","modified_gmt":"2025-04-29T11:34:24","slug":"soulager-la-fibromyalgie","status":"publish","type":"product","link":"https:\/\/www.parthages.be\/eboutique\/produit\/soulager-la-fibromyalgie\/","title":{"rendered":"Soulager la fibromyalgie"},"content":{"rendered":"<p>La fibromyalgie, maladie des temps modernes, concerne aujourd\u2019hui de plus en plus de gens \u00e0 travers le monde.\u00a0Si les traitements allopathiques apportent souvent un mieux-\u00eatre aux malades, les m\u00e9decines dites alternatives et l\u2019hom\u00e9opathie peuvent, elles aussi, apporter un v\u00e9ritable soulagement \u00e0 ce mal souvent m\u00e9connu et incompris. Cet ouvrage pr\u00e9sente un panorama complet des causes et sympt\u00f4mes, des traitements actuels pour la fibromyalgie, ainsi que des t\u00e9moignages de malades.<\/p>\n<p> V\u00e9ritable mal des temps modernes, la fibromyalgie concerne aujourd\u2019hui de plus en plus de gens \u00e0 travers le monde. Souvent mal connue, la fibromyalgie entra\u00eene des souffrances physiques et psychiques ainsi qu\u2019un repli sur soi pouvant aller jusqu\u2019\u00e0 l\u2019isolement et la d\u00e9socialisation.<\/p>\n<p> Si les traitements allopathiques apportent souvent un mieux-\u00eatre aux malades, les m\u00e9decines dites alternatives peuvent, elles aussi, \u00eatre la source d\u2019un v\u00e9ritable soulagement \u00e0 ce mal souvent incompris. L\u2019hom\u00e9opathie, la sophrologie, la phytoth\u00e9rapie mais aussi l\u2019ost\u00e9opathie ou l\u2019acupuncture ont pu ainsi apaiser de nombreuses personnes atteintes de la fibromyalgie.<\/p>\n<p> Cet ouvrage pr\u00e9sente donc les causes, sympt\u00f4mes et techniques de diagnostic de la fibromyalgie, revient sur les traitements existant, fait le point sur les nouvelles th\u00e9rapies pour la fibromyalgie et recueille des t\u00e9moignages de patients. S\u2019il offre un panorama complet, il se veut aussi et avant tout un message d\u2019espoir pour aider et accompagner les malades et leur entourage. (Pr\u00e9sentation de l\u2019\u00e9diteur)<\/p>\n<p>BRAGA C.:<\/p>\n<p>Quintessence<\/p>\n<p>2010, 160p, 12,20\u20ac, 205gr<br \/> ISBN\u00a0: 978-2-35805-034<\/p>\n<span class=\"et_bloom_bottom_trigger\"><\/span>","protected":false},"excerpt":{"rendered":"<p>La fibromyalgie, maladie des temps modernes, concerne aujourd\u2019hui de plus en plus de gens \u00e0 travers le monde.<\/p>\n","protected":false},"featured_media":371,"comment_status":"open","ping_status":"closed","template":"","meta":{"_et_pb_use_builder":"","_et_pb_old_content":"","_et_gb_content_width":"","spay_email":""},"class_list":["post-372","product","type-product","status-publish","has-post-thumbnail","hentry","product_cat-livres","product_tag-acupuncture","product_tag-diagnostic","product_tag-fibromyalgie","product_tag-homeopathie","product_tag-maladie-chronique","product_tag-medecine-alternative","product_tag-osteopathie","product_tag-phytotherapie","product_tag-sophrologie","product_tag-symptome"],"jetpack_sharing_enabled":true,"jetpack_likes_enabled":true,"_links":{"self":[{"href":"https:\/\/www.parthages.be\/eboutique\/wp-json\/wp\/v2\/product\/372","targetHints":{"allow":["GET"]}}],"collection":[{"href":"https:\/\/www.parthages.be\/eboutique\/wp-json\/wp\/v2\/product"}],"about":[{"href":"https:\/\/www.parthages.be\/eboutique\/wp-json\/wp\/v2\/types\/product"}],"replies":[{"embeddable":true,"href":"https:\/\/www.parthages.be\/eboutique\/wp-json\/wp\/v2\/comments?post=372"}],"wp:featuredmedia":[{"embeddable":true,"href":"https:\/\/www.parthages.be\/eboutique\/wp-json\/wp\/v2\/media\/371"}],"wp:attachment":[{"href":"https:\/\/www.parthages.be\/eboutique\/wp-json\/wp\/v2\/media?parent=372"}],"curies":[{"name":"wp","href":"https:\/\/api.w.org\/{rel}","templated":true}]}}