{"id":376,"date":"2013-09-30T11:37:11","date_gmt":"2013-09-30T09:37:11","guid":{"rendered":"https:\/\/www.parthages.be\/wordpress\/produit\/accompagner-vers-la-parentalite-les-personnes-en-situation-de-handicap\/"},"modified":"2022-03-23T17:07:28","modified_gmt":"2022-03-23T16:07:28","slug":"accompagner-vers-la-parentalite-les-personnes-en-situation-de-handicap","status":"publish","type":"product","link":"https:\/\/www.parthages.be\/eboutique\/produit\/accompagner-vers-la-parentalite-les-personnes-en-situation-de-handicap\/","title":{"rendered":"Accompagner vers la parentalit\u00e9 les personnes en situation de handicap"},"content":{"rendered":"<p>Parents comme tout le monde ?<br \/> Rencontrer un ou une amie, se projeter dans une vie de couple, d\u00e9sirer un enfant, souhaiter \u00eatre parent, \u00e9lever son enfant ou assumer sa parentalit\u00e9&#8230; autant de r\u00e9alit\u00e9s de vie qu&rsquo;une personne en situation de handicap essaie de plus en plus de faire siennes.<\/p>\n<p> Professionnels de l&rsquo;accompagnement, les \u00e9ducateurs sont amen\u00e9s \u00e0 r\u00e9pondre aux attentes nouvelles des personnes qui leur sont confi\u00e9es. Sans une r\u00e9flexion commune et de solides connaissances sur l&rsquo;origine du handicap et ses incidences sur la construction du couple et le d\u00e9sir d&rsquo;enfant, les r\u00e9ponses \u00e9ducatives ne peuvent se faire que sur du subjectif, du ressenti ou par simple projection.<\/p>\n<p> Cet ouvrage propose \u00e0 la fois une lecture des m\u00e9canismes de la construction des liens et un canevas pour aider les \u00e9quipes \u00e9ducatives \u00e0 accompagner les couples handicap\u00e9s et leur d\u00e9sir d&rsquo;enfant. Il pr\u00e9sente \u00e9galement l&rsquo;ensemble des dispositifs existant autour de ces familles, tout en soulignant l&rsquo;urgence de la r\u00e9flexion sur ces parentalit\u00e9s particuli\u00e8res et de la mise en place de services d\u00e9di\u00e9s \u00e0 la parentalit\u00e9 des personnes en situation de handicap. (Pr\u00e9sentation de l\u2019\u00e9diteur)<\/p>\n<p>\u00a0<\/p>\n<p>MORIN B.<\/p>\n<p>Chronique sociale<br \/> 2013, 144p, 13,50\u20ac, 212gr<br \/> ISBN\u00a0: 978-2-36717-003-9<\/p>\n<span class=\"et_bloom_bottom_trigger\"><\/span>","protected":false},"excerpt":{"rendered":"<p>Parents comme tout le monde ?<\/p>\n","protected":false},"featured_media":375,"comment_status":"open","ping_status":"closed","template":"","meta":{"_et_pb_use_builder":"","_et_pb_old_content":"","_et_gb_content_width":"","spay_email":""},"class_list":["post-376","product","type-product","status-publish","has-post-thumbnail","hentry","product_cat-livres","product_tag-accompagnement","product_tag-couple","product_tag-equipe-educative","product_tag-ethique","product_tag-experience-professionnelle","product_tag-parentalite","product_tag-pedagogie","product_tag-personne-handicapee","product_tag-strategie"],"jetpack_sharing_enabled":true,"jetpack_likes_enabled":true,"_links":{"self":[{"href":"https:\/\/www.parthages.be\/eboutique\/wp-json\/wp\/v2\/product\/376","targetHints":{"allow":["GET"]}}],"collection":[{"href":"https:\/\/www.parthages.be\/eboutique\/wp-json\/wp\/v2\/product"}],"about":[{"href":"https:\/\/www.parthages.be\/eboutique\/wp-json\/wp\/v2\/types\/product"}],"replies":[{"embeddable":true,"href":"https:\/\/www.parthages.be\/eboutique\/wp-json\/wp\/v2\/comments?post=376"}],"wp:featuredmedia":[{"embeddable":true,"href":"https:\/\/www.parthages.be\/eboutique\/wp-json\/wp\/v2\/media\/375"}],"wp:attachment":[{"href":"https:\/\/www.parthages.be\/eboutique\/wp-json\/wp\/v2\/media?parent=376"}],"curies":[{"name":"wp","href":"https:\/\/api.w.org\/{rel}","templated":true}]}}