{"id":378,"date":"2013-10-28T11:40:22","date_gmt":"2013-10-28T10:40:22","guid":{"rendered":"https:\/\/www.parthages.be\/wordpress\/produit\/sortir-mon-pere-du-cancer\/"},"modified":"2022-07-26T07:56:13","modified_gmt":"2022-07-26T05:56:13","slug":"sortir-mon-pere-du-cancer","status":"publish","type":"product","link":"https:\/\/www.parthages.be\/eboutique\/produit\/sortir-mon-pere-du-cancer\/","title":{"rendered":"Sortir mon p\u00e8re du cancer"},"content":{"rendered":"<p>Face au cancer de mon p\u00e8re, et contre la fatalit\u00e9 affich\u00e9e par la m\u00e9decine traditionnelle, j&rsquo;ai remu\u00e9 ciel et terre parfois nuit et jour durant des mois, pour trouver l&rsquo;antidote miracle. J&rsquo;ai pens\u00e9 qu&rsquo;un nouvel espoir \u00e9tait sans doute possible, au travers de m\u00e9thodes alternatives, en misant sur des solutions simples et accessibles. Je me suis ainsi tourn\u00e9 vers la vitamine C, la m\u00e9thode Budwig, et un panel de micronutriments recommand\u00e9s par des scientifiques, allant \u00e0 l&rsquo;encontre de certains lobbies. Il y a peu encore, j&rsquo;ignorais chacun de ces protocoles, car notre \u00e9ducation, nos m\u0153urs, nous permettent de ne conna\u00eetre et de ne nous fier qu&rsquo;\u00e0 une seule et unique voie de traitement. Mon t\u00e9moignage vise avant tout \u00e0 redonner espoir.<\/p>\n<p>(Pr\u00e9sentation de l&rsquo;\u00e9diteur)<\/p>\n<p>CHOLLET R.<\/p>\n<p>Editions Publibook<\/p>\n<p>2013-118p.-169gr- 15\u20ac<\/p>\n<p>ISBN\u00a0: 978-2-342-00764-0<\/p>\n<p>Cote doc: 1-70-CHO-S<\/p>\n<span class=\"et_bloom_bottom_trigger\"><\/span>","protected":false},"excerpt":{"rendered":"<p>Face au cancer de mon p\u00e8re, et contre la fatalit\u00e9 affich\u00e9e par la m\u00e9decine traditionnelle, j&rsquo;ai remu\u00e9 ciel et terre parfois nuit et jour durant des mois, pour trouver l&rsquo;antidote miracle.<\/p>\n","protected":false},"featured_media":377,"comment_status":"open","ping_status":"closed","template":"","meta":{"_et_pb_use_builder":"","_et_pb_old_content":"","_et_gb_content_width":"","spay_email":""},"class_list":["post-378","product","type-product","status-publish","has-post-thumbnail","hentry","product_cat-livres","product_tag-cancer","product_tag-medecine","product_tag-medecine-alternative","product_tag-temoignage","product_tag-therapeutique"],"jetpack_sharing_enabled":true,"jetpack_likes_enabled":true,"_links":{"self":[{"href":"https:\/\/www.parthages.be\/eboutique\/wp-json\/wp\/v2\/product\/378","targetHints":{"allow":["GET"]}}],"collection":[{"href":"https:\/\/www.parthages.be\/eboutique\/wp-json\/wp\/v2\/product"}],"about":[{"href":"https:\/\/www.parthages.be\/eboutique\/wp-json\/wp\/v2\/types\/product"}],"replies":[{"embeddable":true,"href":"https:\/\/www.parthages.be\/eboutique\/wp-json\/wp\/v2\/comments?post=378"}],"wp:featuredmedia":[{"embeddable":true,"href":"https:\/\/www.parthages.be\/eboutique\/wp-json\/wp\/v2\/media\/377"}],"wp:attachment":[{"href":"https:\/\/www.parthages.be\/eboutique\/wp-json\/wp\/v2\/media?parent=378"}],"curies":[{"name":"wp","href":"https:\/\/api.w.org\/{rel}","templated":true}]}}