{"id":382,"date":"2013-10-28T11:47:18","date_gmt":"2013-10-28T10:47:18","guid":{"rendered":"https:\/\/www.parthages.be\/wordpress\/produit\/parce-que-c-etait-toi-parce-que-c-etait-nous\/"},"modified":"2022-02-18T10:42:44","modified_gmt":"2022-02-18T09:42:44","slug":"parce-que-c-etait-toi-parce-que-c-etait-nous","status":"publish","type":"product","link":"https:\/\/www.parthages.be\/eboutique\/produit\/parce-que-c-etait-toi-parce-que-c-etait-nous\/","title":{"rendered":"Parce que c&rsquo;\u00e9tait toi\u2026 Parce que c&rsquo;\u00e9tait nous"},"content":{"rendered":"<p>Quatre ann\u00e9es pour avoir un troisi\u00e8me enfant&#8230; Quatre ann\u00e9es encore pour essayer d&rsquo;apprivoiser le handicap&#8230; Et seulement quelques heures pour que tout s&rsquo;\u00e9croule. Voici l&rsquo;histoire d&rsquo;Elio, petit gar\u00e7on handicap\u00e9 moteur.<\/p>\n<p>REMI C.<\/p>\n<p>L&rsquo;Harmattan<\/p>\n<p>2012- 1182p.-245gr- 16\u20ac<\/p>\n<p>ISBN: 978-2-296-99510-9<\/p>\n<span class=\"et_bloom_bottom_trigger\"><\/span>","protected":false},"excerpt":{"rendered":"<p>Quatre ann\u00e9es pour avoir un troisi\u00e8me enfant&#8230;<\/p>\n","protected":false},"featured_media":381,"comment_status":"open","ping_status":"closed","template":"","meta":{"_et_pb_use_builder":"","_et_pb_old_content":"","_et_gb_content_width":"","spay_email":""},"class_list":["post-382","product","type-product","status-publish","has-post-thumbnail","hentry","product_cat-livres","product_cat-livres-jeunesse"],"jetpack_sharing_enabled":true,"jetpack_likes_enabled":true,"_links":{"self":[{"href":"https:\/\/www.parthages.be\/eboutique\/wp-json\/wp\/v2\/product\/382","targetHints":{"allow":["GET"]}}],"collection":[{"href":"https:\/\/www.parthages.be\/eboutique\/wp-json\/wp\/v2\/product"}],"about":[{"href":"https:\/\/www.parthages.be\/eboutique\/wp-json\/wp\/v2\/types\/product"}],"replies":[{"embeddable":true,"href":"https:\/\/www.parthages.be\/eboutique\/wp-json\/wp\/v2\/comments?post=382"}],"wp:featuredmedia":[{"embeddable":true,"href":"https:\/\/www.parthages.be\/eboutique\/wp-json\/wp\/v2\/media\/381"}],"wp:attachment":[{"href":"https:\/\/www.parthages.be\/eboutique\/wp-json\/wp\/v2\/media?parent=382"}],"curies":[{"name":"wp","href":"https:\/\/api.w.org\/{rel}","templated":true}]}}