{"id":386,"date":"2013-12-11T11:25:42","date_gmt":"2013-12-11T10:25:42","guid":{"rendered":"https:\/\/www.parthages.be\/wordpress\/produit\/polyhandicap-processus-d-evaluation-cognitive\/"},"modified":"2022-04-05T14:44:28","modified_gmt":"2022-04-05T12:44:28","slug":"polyhandicap-processus-d-evaluation-cognitive","status":"publish","type":"product","link":"https:\/\/www.parthages.be\/eboutique\/produit\/polyhandicap-processus-d-evaluation-cognitive\/","title":{"rendered":"Polyhandicap: processus d&rsquo;\u00e9valuation cognitive"},"content":{"rendered":"<p>Pour comprendre les modes de fonctionnement et les comp\u00e9tences cognitives des enfants et des adolescents polyhandicap\u00e9s, il est indispensable de suivre une d\u00e9marche syst\u00e9matis\u00e9e, et d\u2019utiliser des outils valid\u00e9s, et adapt\u00e9s \u00e0 cette population pr\u00e9sentant de multiples d\u00e9ficits physiques et psychiques. L\u2019ouvrage apporte des \u00e9l\u00e9ments de r\u00e9ponses :<\/p>\n<p>Il fait le point sur les modalit\u00e9s d\u2019\u00e9valuation cognitive valid\u00e9e et exp\u00e9riment\u00e9e, \u00e0 partir d\u2019une r\u00e9flexion sur les principes d\u2019\u00e9valuation, de m\u00eame qu\u2019\u00e0 travers une pr\u00e9sentation d\u2019\u00e9tude de cas et d\u2019exemples concrets ;<\/p>\n<p>Il montre l\u2019int\u00e9r\u00eat pour l\u2019enfant, l\u2019adolescent, mais aussi pour les professionnels, de mener des \u00e9valuations les plus rigoureuses possibles qui tiennent compte de la temporalit\u00e9 de ces sujets, de leur d\u00e9pendance \u00e0 leurs proches, de leurs modalit\u00e9s d\u2019expression qui ne passent pas prioritairement par les codes ordinaires de communication. (Pr\u00e9sentation de l&rsquo;auteur)<\/p>\n<p>&nbsp;<\/p>\n<p>Editions DUNOD<\/p>\n<p>2013-288p-448gr-29.15\u20ac<\/p>\n<p>ISBN\u00a0: 978-2-10-057017-1<\/p>\n<p>Cote doc\u00a0: 2-60-SCE-P<\/p>\n<span class=\"et_bloom_bottom_trigger\"><\/span>","protected":false},"excerpt":{"rendered":"<p>Pour comprendre les modes de fonctionnement et les comp\u00e9tences cognitives des enfants et des adolescents polyhandicap\u00e9s, il est indispensable de suivre une d\u00e9marche syst\u00e9matis\u00e9e, et d\u2019utiliser des outils valid\u00e9s, et adapt\u00e9s \u00e0 cette population pr\u00e9sentant de multiples d\u00e9ficits physiques et psychiques.<\/p>\n","protected":false},"featured_media":385,"comment_status":"open","ping_status":"closed","template":"","meta":{"_et_pb_use_builder":"","_et_pb_old_content":"","_et_gb_content_width":"","spay_email":""},"class_list":["post-386","product","type-product","status-publish","has-post-thumbnail","hentry","product_cat-livres","product_cat-livres-jeunesse","product_tag-adolescent","product_tag-communication","product_tag-competence","product_tag-competence-cognitive","product_tag-enfant-handicape","product_tag-evaluation","product_tag-evaluation-cognitive","product_tag-expression","product_tag-polyhandicap"],"jetpack_sharing_enabled":true,"jetpack_likes_enabled":true,"_links":{"self":[{"href":"https:\/\/www.parthages.be\/eboutique\/wp-json\/wp\/v2\/product\/386","targetHints":{"allow":["GET"]}}],"collection":[{"href":"https:\/\/www.parthages.be\/eboutique\/wp-json\/wp\/v2\/product"}],"about":[{"href":"https:\/\/www.parthages.be\/eboutique\/wp-json\/wp\/v2\/types\/product"}],"replies":[{"embeddable":true,"href":"https:\/\/www.parthages.be\/eboutique\/wp-json\/wp\/v2\/comments?post=386"}],"wp:featuredmedia":[{"embeddable":true,"href":"https:\/\/www.parthages.be\/eboutique\/wp-json\/wp\/v2\/media\/385"}],"wp:attachment":[{"href":"https:\/\/www.parthages.be\/eboutique\/wp-json\/wp\/v2\/media?parent=386"}],"curies":[{"name":"wp","href":"https:\/\/api.w.org\/{rel}","templated":true}]}}