{"id":388,"date":"2013-12-11T11:27:41","date_gmt":"2013-12-11T10:27:41","guid":{"rendered":"https:\/\/www.parthages.be\/wordpress\/produit\/bonnes-pratiques-de-communication\/"},"modified":"2021-08-09T10:04:03","modified_gmt":"2021-08-09T08:04:03","slug":"bonnes-pratiques-de-communication","status":"publish","type":"product","link":"https:\/\/www.parthages.be\/eboutique\/produit\/bonnes-pratiques-de-communication\/","title":{"rendered":"Bonnes pratiques de communication"},"content":{"rendered":"<p>JADOS L.<\/p>\n<p>Editions Edipro<\/p>\n<p>2011-160p-240gr-26.00\u20ac<\/p>\n<p>Cote doc\u00a0: 10-10-JAD-B<\/p>\n<p>Vous souhaitez d\u00e9velopper des actions de communication efficaces, sans commettre d\u2019impair et en gagnant du temps ? Ce livre vous est destin\u00e9 ! Il vous propose de bonnes pratiques de communication d\u2019entreprise afin de communiquer \u00ab au plus juste \u00bb dans des contextes d\u00e9licats ainsi que vers des acteurs cl\u00e9s de votre entreprise. R\u00e9solument concret, il regorge de t\u00e9moignages d&rsquo;experts belges et \u00e9trangers, de conseils sur ce qu?il faut faire, ou surtout ne jamais faire, et d\u2019astuces afin de savoir comment :<\/p>\n<p>-\u00e9pauler vos managers dans leurs communications<\/p>\n<p>-collaborer avec votre direction et vos d\u00e9l\u00e9gu\u00e9s syndicaux pour mieux communiquer ;<\/p>\n<p>-communiquer efficacement vers votre personnel ouvrier ;<\/p>\n<p>-g\u00e9rer votre communication interne sur plusieurs implantations ;<\/p>\n<p>-communiquer en p\u00e9riode de restructuration ;<\/p>\n<p>-informer et sensibiliser votre personnel en mati\u00e8re de s\u00e9curit\u00e9 ;<\/p>\n<p>-g\u00e9rer les rumeurs ;<\/p>\n<p>-optimiser vos pr\u00e9sentations PowerPoint et trouver des alternatives \u00e0 cet outil de communication.<\/p>\n<span class=\"et_bloom_bottom_trigger\"><\/span>","protected":false},"excerpt":{"rendered":"<p>Vous souhaitez d\u00e9velopper des actions de communication efficaces, sans commettre d\u2019impair et en gagnant du temps ? Ce livre vous est destin\u00e9 ! Il vous propose de bonnes pratiques de communication d\u2019entreprise afin de communiquer<\/p>\n","protected":false},"featured_media":387,"comment_status":"open","ping_status":"closed","template":"","meta":{"_et_pb_use_builder":"","_et_pb_old_content":"","_et_gb_content_width":"","spay_email":""},"class_list":["post-388","product","type-product","status-publish","has-post-thumbnail","hentry","product_cat-livres","product_tag-communication","product_tag-entreprise","product_tag-gestion","product_tag-information","product_tag-management","product_tag-outil","product_tag-temoignage"],"jetpack_sharing_enabled":true,"jetpack_likes_enabled":true,"_links":{"self":[{"href":"https:\/\/www.parthages.be\/eboutique\/wp-json\/wp\/v2\/product\/388","targetHints":{"allow":["GET"]}}],"collection":[{"href":"https:\/\/www.parthages.be\/eboutique\/wp-json\/wp\/v2\/product"}],"about":[{"href":"https:\/\/www.parthages.be\/eboutique\/wp-json\/wp\/v2\/types\/product"}],"replies":[{"embeddable":true,"href":"https:\/\/www.parthages.be\/eboutique\/wp-json\/wp\/v2\/comments?post=388"}],"wp:featuredmedia":[{"embeddable":true,"href":"https:\/\/www.parthages.be\/eboutique\/wp-json\/wp\/v2\/media\/387"}],"wp:attachment":[{"href":"https:\/\/www.parthages.be\/eboutique\/wp-json\/wp\/v2\/media?parent=388"}],"curies":[{"name":"wp","href":"https:\/\/api.w.org\/{rel}","templated":true}]}}