{"id":390,"date":"2013-12-11T11:31:06","date_gmt":"2013-12-11T10:31:06","guid":{"rendered":"https:\/\/www.parthages.be\/wordpress\/produit\/facebook-guide-pratique-a-l-usage-des-villes-des-communes-et-des-cpas\/"},"modified":"2021-06-24T08:06:00","modified_gmt":"2021-06-24T06:06:00","slug":"facebook-guide-pratique-a-l-usage-des-villes-des-communes-et-des-cpas","status":"publish","type":"product","link":"https:\/\/www.parthages.be\/eboutique\/produit\/facebook-guide-pratique-a-l-usage-des-villes-des-communes-et-des-cpas\/","title":{"rendered":"FACEBOOK: guide pratique a l usage des villes, des communes et des CPAS"},"content":{"rendered":"<p>MEULEMAN F.<\/p>\n<p>Editions Edipro<\/p>\n<p>2013-160p.-196gr- 23\u20ac<\/p>\n<p>ISBN\u00a0: 978-2-87496-234-9<\/p>\n<p>Cote doc\u00a0:10-10-MEU-F<\/p>\n<p>Croire que les r\u00e9seaux sociaux sont simples parce qu\u2019ils sont utilis\u00e9s par des enfants est une ineptie : rien n\u2019y est facile.<\/p>\n<p>Le WEB 2.0 n\u2019est pas complexe pour autant\u2026 Il faut, comme pour toute chose technique, ma\u00eetriser certains pr\u00e9requis. Il convient \u00e9galement d\u2019\u00e9viter certains pi\u00e8ges.<\/p>\n<p>Placer sa ville, son administration et son CPAS sous les feux du WEB n\u2019est jamais sans risque. Cr\u00e9er son compte, g\u00e9rer ses membres, publier des avis, cr\u00e9er des liens, choisir des documents\u2026 Tout cela n\u00e9cessite en effet de la m\u00e9thode, des pr\u00e9cautions et quelques astuces.<\/p>\n<p>Ce guide pratique reprend \u00e9tape par \u00e9tape ce qu\u2019il faut ma\u00eetriser. Non seulement pour Facebook mais \u00e9galement pour les autres r\u00e9seaux : Linkedin, Twitter et Google. On y d\u00e9couvre \u00e9galement un mode d\u2019emploi simple des principaux sites de partage, des m\u00e9thodes de r\u00e9f\u00e9rencement et de veille. C\u2019est aussi un recueil clair de communication, de marketing et de buzz.<\/p>\n<p>Toutes ces m\u00e9thodes n\u2019ont qu\u2019un objectif : vous permettre de faire du WEB et de ses r\u00e9seaux des outils efficaces de valorisation de vos projets. (Pr\u00e9sentation de l&rsquo;\u00e9diteur)<\/p>\n<span class=\"et_bloom_bottom_trigger\"><\/span>","protected":false},"excerpt":{"rendered":"<p>Croire que les r\u00e9seaux sociaux sont simples parce qu\u2019ils sont utilis\u00e9s par des enfants est une ineptie : rien n\u2019y est facile.<\/p>\n","protected":false},"featured_media":389,"comment_status":"open","ping_status":"closed","template":"","meta":{"_et_pb_use_builder":"","_et_pb_old_content":"","_et_gb_content_width":"","spay_email":""},"class_list":["post-390","product","type-product","status-publish","has-post-thumbnail","hentry","product_cat-livres","product_tag-communication","product_tag-information","product_tag-outil"],"jetpack_sharing_enabled":true,"jetpack_likes_enabled":true,"_links":{"self":[{"href":"https:\/\/www.parthages.be\/eboutique\/wp-json\/wp\/v2\/product\/390","targetHints":{"allow":["GET"]}}],"collection":[{"href":"https:\/\/www.parthages.be\/eboutique\/wp-json\/wp\/v2\/product"}],"about":[{"href":"https:\/\/www.parthages.be\/eboutique\/wp-json\/wp\/v2\/types\/product"}],"replies":[{"embeddable":true,"href":"https:\/\/www.parthages.be\/eboutique\/wp-json\/wp\/v2\/comments?post=390"}],"wp:featuredmedia":[{"embeddable":true,"href":"https:\/\/www.parthages.be\/eboutique\/wp-json\/wp\/v2\/media\/389"}],"wp:attachment":[{"href":"https:\/\/www.parthages.be\/eboutique\/wp-json\/wp\/v2\/media?parent=390"}],"curies":[{"name":"wp","href":"https:\/\/api.w.org\/{rel}","templated":true}]}}