{"id":394,"date":"2013-12-11T11:35:24","date_gmt":"2013-12-11T10:35:24","guid":{"rendered":"https:\/\/www.parthages.be\/wordpress\/produit\/accompagner-l-enfant-atteint-de-troubles-de-l-apprentissage\/"},"modified":"2022-05-16T19:58:30","modified_gmt":"2022-05-16T17:58:30","slug":"accompagner-l-enfant-atteint-de-troubles-de-l-apprentissage","status":"publish","type":"product","link":"https:\/\/www.parthages.be\/eboutique\/produit\/accompagner-l-enfant-atteint-de-troubles-de-l-apprentissage\/","title":{"rendered":"Accompagner l&rsquo;enfant atteint de troubles de l&rsquo;apprentissage"},"content":{"rendered":"<p>PETINIOT M-J.<\/p>\n<p>Chronique sociale<\/p>\n<p>2013- 272p.-318gr- 14.50\u20ac<\/p>\n<p>ISBN: 978-2-85008-924-4<\/p>\n<p>Marie-Jeanne Petiniot, p\u00e9dagogue de vocation et m\u00e8re d&rsquo;un fils cumulant les troubles d&rsquo;apprentissage, nous livre ici un t\u00e9moignage \u00e9mouvant des souffrances familiales v\u00e9cues parce que le monde de l&rsquo;enseignement reste souvent ignorant face \u00e0 la probl\u00e9matique de la dysphasie, de la dyslexie, de la dyspraxie, de la dyscalculie,&#8230; bref, de tous les aspects de la \u00ab dys-constellation \u00bb.<\/p>\n<p>Son ouvrage, riche en apports p\u00e9dagogiques, apporte un regard diff\u00e9rent sur la gestion de la classe. Marie-Jeanne Petiniot insiste sur la n\u00e9cessit\u00e9 de pratiquer la p\u00e9dagogie diff\u00e9renci\u00e9e \u00e0 tous les niveaux de l&rsquo;enseignement et r\u00eave de transformer les pratiques \u00e9valuatives. Elle d\u00e9fend les principes de la p\u00e9dagogie nouvelle qui sauvent beaucoup d&rsquo;\u00e9l\u00e8ves en difficult\u00e9.<\/p>\n<p>Pour tous ceux, parents ou enseignants qui veulent mieux comprendre les troubles de l&rsquo;apprentissage, ce livre est un outil pr\u00e9cieux, il les d\u00e9finit, les pr\u00e9sente dans ses modes de fonctionnement, propose des am\u00e9nagements p\u00e9dagogiques.<\/p>\n<p>Extrait de la pr\u00e9face de Vincent Goetry docteur en psychologie<\/p>\n<p>Cote doc : 2-30-PET-A<\/p>\n<span class=\"et_bloom_bottom_trigger\"><\/span>","protected":false},"excerpt":{"rendered":"<p>Marie-Jeanne Petiniot, p\u00e9dagogue de vocation et m\u00e8re d&rsquo;un fils cumulant les troubles d&rsquo;apprentissage, nous livre ici un t\u00e9moignage \u00e9mouvant des souffrances familiales v\u00e9cues parce que le monde de l&rsquo;enseignement reste souvent ignorant face \u00e0 la probl\u00e9matique de la dysphasie, de la dyslexie, de la dyspraxie, de la dyscalculie,&#8230;<\/p>\n","protected":false},"featured_media":393,"comment_status":"open","ping_status":"closed","template":"","meta":{"_et_pb_use_builder":"","_et_pb_old_content":"","_et_gb_content_width":"","spay_email":""},"class_list":["post-394","product","type-product","status-publish","has-post-thumbnail","hentry","product_cat-livres","product_tag-accompagnement","product_tag-dyscalculie","product_tag-dyslexie","product_tag-dysphasie","product_tag-dyspraxie","product_tag-enfant-en-difficulte","product_tag-outil","product_tag-pedagogie","product_tag-trouble-de-lapprentissage"],"jetpack_sharing_enabled":true,"jetpack_likes_enabled":true,"_links":{"self":[{"href":"https:\/\/www.parthages.be\/eboutique\/wp-json\/wp\/v2\/product\/394","targetHints":{"allow":["GET"]}}],"collection":[{"href":"https:\/\/www.parthages.be\/eboutique\/wp-json\/wp\/v2\/product"}],"about":[{"href":"https:\/\/www.parthages.be\/eboutique\/wp-json\/wp\/v2\/types\/product"}],"replies":[{"embeddable":true,"href":"https:\/\/www.parthages.be\/eboutique\/wp-json\/wp\/v2\/comments?post=394"}],"wp:featuredmedia":[{"embeddable":true,"href":"https:\/\/www.parthages.be\/eboutique\/wp-json\/wp\/v2\/media\/393"}],"wp:attachment":[{"href":"https:\/\/www.parthages.be\/eboutique\/wp-json\/wp\/v2\/media?parent=394"}],"curies":[{"name":"wp","href":"https:\/\/api.w.org\/{rel}","templated":true}]}}