{"id":396,"date":"2013-12-11T11:45:15","date_gmt":"2013-12-11T10:45:15","guid":{"rendered":"https:\/\/www.parthages.be\/wordpress\/produit\/de-la-maltraitance-a-la-relation-de-traitance\/"},"modified":"2021-08-17T10:11:05","modified_gmt":"2021-08-17T08:11:05","slug":"de-la-maltraitance-a-la-relation-de-traitance","status":"publish","type":"product","link":"https:\/\/www.parthages.be\/eboutique\/produit\/de-la-maltraitance-a-la-relation-de-traitance\/","title":{"rendered":"De la maltraitance \u00e0 la relation de traitance"},"content":{"rendered":"<p>DARNAUD T.<\/p>\n<p>Chronique sociale<\/p>\n<p>2013 &#8211; 96 p.-147gr- 12,50\u20ac<\/p>\n<p>ISBN\u00a0: 978-2-85008-960-2<\/p>\n<p>Cote doc\u00a0: 7-50-DAR-M<\/p>\n<p>La d\u00e9pendance est un \u00e9l\u00e9ment qui impacte n\u00e9cessairement la nature des relations qu&rsquo;entretient une personne avec son entourage.<\/p>\n<p>La mise en place des aides devenues n\u00e9cessaires au quotidien transforme progressivement et g\u00e9n\u00e9ralement, sans qu&rsquo;ils en aient r\u00e9ellement conscience, les aidants familiaux et\/ou professionnels en organisateurs d&rsquo;aide (caregivers disent les anglo-saxons).<\/p>\n<p>Les aidants se retrouvent in\u00e9vitablement devant des choix corn\u00e9liens car leurs d\u00e9cisions oscillent entre respect des demandes et des choix de la personne vuln\u00e9rabilis\u00e9e, c&rsquo;est-\u00e0-dire de son autonomie, et r\u00e9ussir \u00e0 r\u00e9aliser un accompagnement \u00ab s\u00e9cure \u00bb.<\/p>\n<p>Observ\u00e9s de l&rsquo;ext\u00e9rieur, leurs agissements tendent de plus en plus \u00e0 \u00eatre qualifi\u00e9s en acte de maltraitance de fa\u00e7on inepte et moralisatrice cr\u00e9ant parfois une r\u00e9elle maltraitance chez les aidants.<\/p>\n<p>R\u00e9interroger ces situations \u00e0 partir du concept de relation de traitance permet de d\u00e9passer le clivage, protecteur pour les uns et d\u00e9vastateur pour les autres, g\u00e9n\u00e9r\u00e9 par l&rsquo;id\u00e9e de maltraitance.<\/p>\n<p>Ouvrant \u00e0 un questionnement \u00e9thique qui seul peut permettre aux aidants de mesurer la pertinence de leur positionnement et de guider leurs choix, le concept d\u00e9velopp\u00e9 dans cet ouvrage se propose de donner des rep\u00e8res pour faciliter la relation d&rsquo;aide dans le quotidien, en invitant \u00e0 interroger la violence parfois \u00ab protocolis\u00e9e \u00bb de l&rsquo;aide apport\u00e9e aux personnes en situation de fragilit\u00e9 et de vuln\u00e9rabilit\u00e9.(Pr\u00e9sentation de l&rsquo;\u00e9diteur)<\/p>\n<span class=\"et_bloom_bottom_trigger\"><\/span>","protected":false},"excerpt":{"rendered":"<p>La d\u00e9pendance est un \u00e9l\u00e9ment qui impacte n\u00e9cessairement la nature des relations qu&rsquo;entretient une personne avec son entourage.<\/p>\n","protected":false},"featured_media":395,"comment_status":"open","ping_status":"closed","template":"","meta":{"_et_pb_use_builder":"","_et_pb_old_content":"","_et_gb_content_width":"","spay_email":""},"class_list":["post-396","product","type-product","status-publish","has-post-thumbnail","hentry","product_cat-livres","product_tag-accompagnement","product_tag-dependance","product_tag-maison-de-repos","product_tag-maltraitance","product_tag-relation-daide","product_tag-vieillesse","product_tag-vulnerabilite"],"jetpack_sharing_enabled":true,"jetpack_likes_enabled":true,"_links":{"self":[{"href":"https:\/\/www.parthages.be\/eboutique\/wp-json\/wp\/v2\/product\/396","targetHints":{"allow":["GET"]}}],"collection":[{"href":"https:\/\/www.parthages.be\/eboutique\/wp-json\/wp\/v2\/product"}],"about":[{"href":"https:\/\/www.parthages.be\/eboutique\/wp-json\/wp\/v2\/types\/product"}],"replies":[{"embeddable":true,"href":"https:\/\/www.parthages.be\/eboutique\/wp-json\/wp\/v2\/comments?post=396"}],"wp:featuredmedia":[{"embeddable":true,"href":"https:\/\/www.parthages.be\/eboutique\/wp-json\/wp\/v2\/media\/395"}],"wp:attachment":[{"href":"https:\/\/www.parthages.be\/eboutique\/wp-json\/wp\/v2\/media?parent=396"}],"curies":[{"name":"wp","href":"https:\/\/api.w.org\/{rel}","templated":true}]}}