{"id":404,"date":"2013-12-12T11:14:20","date_gmt":"2013-12-12T10:14:20","guid":{"rendered":"https:\/\/www.parthages.be\/wordpress\/produit\/enseigner-a-des-eleves-ayant-des-comportements-difficiles\/"},"modified":"2022-05-16T20:55:52","modified_gmt":"2022-05-16T18:55:52","slug":"enseigner-a-des-eleves-ayant-des-comportements-difficiles","status":"publish","type":"product","link":"https:\/\/www.parthages.be\/eboutique\/produit\/enseigner-a-des-eleves-ayant-des-comportements-difficiles\/","title":{"rendered":"Enseigner \u00e0 des \u00e9l\u00e8ves ayant des comportements difficiles"},"content":{"rendered":"<p>Tous les enseignants, du pr\u00e9scolaire au secondaire, ont \u00e0 intervenir aupr\u00e8s d\u2019\u00e9l\u00e8ves ayant des comportements difficiles. Leur patience et leurs ressources personnelles sont parfois mises \u00e0 rude \u00e9preuve. Les causes peuvent \u00eatre multiples : difficult\u00e9s d\u2019apprentissage, trouble du d\u00e9ficit de l\u2019attention avec ou sans hyperactivit\u00e9, trouble oppositionnel avec provocation, syndrome d\u2019Asperger, etc. M\u00eame quand on a de l\u2019exp\u00e9rience, on peut se sentir rapidement d\u00e9pass\u00e9 par la situation.<\/p>\n<p>Enseigner \u00e0 des \u00e9l\u00e8ves ayant des comportements difficiles vous invite \u00e0 aborder ces probl\u00e8mes sous un nouveau jour. V\u00e9ritable outil pour intervenir efficacement, il d\u00e9mystifie plusieurs probl\u00e9matiques v\u00e9cues en classe. \u00c0 partir d\u2019\u00e9tudes de cas et d\u2019exemples d\u2019entretiens, il propose de nombreuses strat\u00e9gies praticables au quotidien, des pistes d\u2019action concr\u00e8tes et des id\u00e9es d\u2019enrichissement.<\/p>\n<p>Cet ouvrage inspirant pr\u00e9sente des fa\u00e7ons nouvelles de consid\u00e9rer les \u00e9l\u00e8ves ayant des comportements difficiles afin que l\u2019enseignement et l\u2019apprentissage se vivent dans un environnement positif pour tous.(Pr\u00e9sentation de l&rsquo;\u00e9diteur)<\/p>\n<p>LE MESSURIER M.<\/p>\n<p>Cheneli\u00e8re Education<\/p>\n<p>2013 &#8211; 248p.-640gr-<\/p>\n<p>ISBN\u00a0: 978-2-7650-4028-6<\/p>\n<p>Cote doc : 2-20-MES-E<\/p>\n<span class=\"et_bloom_bottom_trigger\"><\/span>","protected":false},"excerpt":{"rendered":"<p>Tous les enseignants, du pr\u00e9scolaire au secondaire, ont \u00e0 intervenir aupr\u00e8s d\u2019\u00e9l\u00e8ves ayant des comportements difficiles. Leur patience et leurs ressources personnelles sont parfois mises \u00e0 rude \u00e9preuve.<\/p>\n","protected":false},"featured_media":403,"comment_status":"open","ping_status":"closed","template":"","meta":{"_et_pb_use_builder":"","_et_pb_old_content":"","_et_gb_content_width":"","spay_email":""},"class_list":["post-404","product","type-product","status-publish","has-post-thumbnail","hentry","product_cat-livres","product_tag-apprentissage","product_tag-enfant-en-difficulte","product_tag-enseignement","product_tag-motricite","product_tag-outil","product_tag-psychomotricite","product_tag-trouble-de-lapprentissage","product_tag-trouble-du-comportement"],"jetpack_sharing_enabled":true,"jetpack_likes_enabled":true,"_links":{"self":[{"href":"https:\/\/www.parthages.be\/eboutique\/wp-json\/wp\/v2\/product\/404","targetHints":{"allow":["GET"]}}],"collection":[{"href":"https:\/\/www.parthages.be\/eboutique\/wp-json\/wp\/v2\/product"}],"about":[{"href":"https:\/\/www.parthages.be\/eboutique\/wp-json\/wp\/v2\/types\/product"}],"replies":[{"embeddable":true,"href":"https:\/\/www.parthages.be\/eboutique\/wp-json\/wp\/v2\/comments?post=404"}],"wp:featuredmedia":[{"embeddable":true,"href":"https:\/\/www.parthages.be\/eboutique\/wp-json\/wp\/v2\/media\/403"}],"wp:attachment":[{"href":"https:\/\/www.parthages.be\/eboutique\/wp-json\/wp\/v2\/media?parent=404"}],"curies":[{"name":"wp","href":"https:\/\/api.w.org\/{rel}","templated":true}]}}