{"id":412,"date":"2014-01-09T15:16:45","date_gmt":"2014-01-09T14:16:45","guid":{"rendered":"https:\/\/www.parthages.be\/wordpress\/produit\/guide-des-rites-cultures-et-croyances-a-l-usage-des-soignants\/"},"modified":"2021-08-17T10:46:23","modified_gmt":"2021-08-17T08:46:23","slug":"guide-des-rites-cultures-et-croyances-a-l-usage-des-soignants","status":"publish","type":"product","link":"https:\/\/www.parthages.be\/eboutique\/produit\/guide-des-rites-cultures-et-croyances-a-l-usage-des-soignants\/","title":{"rendered":"Guide des rites, cultures et croyances \u00e0 l&rsquo;usage des soignants"},"content":{"rendered":"<p>LEVY I<\/p>\n<p>Editions De Boeck\/ Estem<\/p>\n<p>2013-520p-794gr-37\u20ac<\/p>\n<p>ISBN: 978-2-84371-674-4<\/p>\n<p>Cote doc\u00a0: 7-20-LEV-G<\/p>\n<p>La vie, l&rsquo;amour, la mort ont-elles un m\u00eame sens pour toutes les cultures ? Quelles sont les positions des ob\u00e9diences face \u00e0 la contraception, l&rsquo;avortement, la douleur ou l&rsquo;euthanasie ? Pourquoi un Juif se couvre-t-il pour prier alors que les Chr\u00e9tiens ont l&rsquo;habitude de se d\u00e9couvrir ? Pourquoi Juifs et Musulmans ont-ils l&rsquo;interdiction de consommer du porc et l&rsquo;obligation de circonscrire leurs enfants m\u00e2les ? Qui doit se charger de la toilette fun\u00e9raire d&rsquo;un musulman, d&rsquo;un Bouddhiste ou d&rsquo;un Orthodoxe ? Comment r\u00e9agir face \u00e0 des pratiques traditionnelles comme l&rsquo;excision ?<\/p>\n<p>De la naissance au tr\u00e9pas, il est du devoir des personnels de sant\u00e9 et des acteurs sociaux, de ne pas escamoter les moments essentiels de la vie en respectant les patients, leurs convictions et leur famille.<\/p>\n<p>Ce guide s&rsquo;adresse aux croyants, aux ath\u00e9es ou aux agnostiques. Il a pour but une meilleure compr\u00e9hension des traditions rituelles des religions et des cultures, pour l&rsquo;am\u00e9lioration des soins, de l&rsquo;accueil et de l&rsquo;accompagnement. (Pr\u00e9sentation de l&rsquo;\u00e9diteur)<\/p>\n<span class=\"et_bloom_bottom_trigger\"><\/span>","protected":false},"excerpt":{"rendered":"<p>La vie, l&rsquo;amour, la mort ont-elles un m\u00eame sens pour toutes les cultures ? Quelles sont les positions des ob\u00e9diences face \u00e0 la contraception, l&rsquo;avortement, la douleur ou l&rsquo;euthanasie ?<\/p>\n","protected":false},"featured_media":1566,"comment_status":"open","ping_status":"closed","template":"","meta":{"_et_pb_use_builder":"","_et_pb_old_content":"","_et_gb_content_width":"","spay_email":""},"class_list":["post-412","product","type-product","status-publish","has-post-thumbnail","hentry","product_cat-livres","product_tag-accompagnement-du-patient","product_tag-croyance","product_tag-culture","product_tag-milieu-hospitalier","product_tag-patient","product_tag-relation-soignant-soigne","product_tag-religion","product_tag-respect","product_tag-rite","product_tag-soins","product_tag-spiritualite"],"jetpack_sharing_enabled":true,"jetpack_likes_enabled":true,"_links":{"self":[{"href":"https:\/\/www.parthages.be\/eboutique\/wp-json\/wp\/v2\/product\/412","targetHints":{"allow":["GET"]}}],"collection":[{"href":"https:\/\/www.parthages.be\/eboutique\/wp-json\/wp\/v2\/product"}],"about":[{"href":"https:\/\/www.parthages.be\/eboutique\/wp-json\/wp\/v2\/types\/product"}],"replies":[{"embeddable":true,"href":"https:\/\/www.parthages.be\/eboutique\/wp-json\/wp\/v2\/comments?post=412"}],"wp:featuredmedia":[{"embeddable":true,"href":"https:\/\/www.parthages.be\/eboutique\/wp-json\/wp\/v2\/media\/1566"}],"wp:attachment":[{"href":"https:\/\/www.parthages.be\/eboutique\/wp-json\/wp\/v2\/media?parent=412"}],"curies":[{"name":"wp","href":"https:\/\/api.w.org\/{rel}","templated":true}]}}