{"id":414,"date":"2014-01-09T15:18:13","date_gmt":"2014-01-09T14:18:13","guid":{"rendered":"https:\/\/www.parthages.be\/wordpress\/produit\/reinventer-les-relations-familiales\/"},"modified":"2024-02-08T15:23:17","modified_gmt":"2024-02-08T14:23:17","slug":"reinventer-les-relations-familiales","status":"publish","type":"product","link":"https:\/\/www.parthages.be\/eboutique\/produit\/reinventer-les-relations-familiales\/","title":{"rendered":"R\u00e9inventer les relations familiales"},"content":{"rendered":"<p>BYNG-HALL J.<\/p>\n<p>De Boeck<\/p>\n<p>2013-352p.-565gr<\/p>\n<p>ISBN\u00a0: 978-2-8041-7601-3<\/p>\n<p>uniquement \u00e0 la location<\/p>\n<p>Pour diverses raisons, il arrive que les relations familiales d\u00e9g\u00e9n\u00e8rent en de v\u00e9ritables routines autodestructives, causes de situations personnelles et interpersonnelles d\u00e9sagr\u00e9ables \u00e0 court comme \u00e0 long terme. Lorsque cela se produit, les membres de la famille semblent profond\u00e9ment ancr\u00e9s dans un r\u00f4le, rejouant jour apr\u00e8s jour le m\u00eame sc\u00e9nario, le m\u00eame script.<\/p>\n<p>S\u2019inspirant de la th\u00e9orie de l\u2019attachement, John Byng-Hall d\u00e9veloppe ici la notion de \u00ab scripts familiaux \u00bb \u2013 v\u00e9ritables mod\u00e8les int\u00e9rioris\u00e9s implicites, propres \u00e0 chaque famille et d\u00e9finissant les r\u00f4les familiaux de chacun de ses membres \u2013 afin d\u2019identifier les m\u00e9canismes en pr\u00e9sence lorsque les familles et les individus achoppent r\u00e9p\u00e9titivement sur les m\u00eames difficult\u00e9s.<\/p>\n<p>Il propose un nouveau concept d\u2019attachement, la base familiale de s\u00e9curit\u00e9, et explique comment son application dans le cadre d\u2019une th\u00e9rapie familiale efficace permet l\u2019abandon progressif d\u2019anciens scripts au profit de nouveaux sch\u00e9mas d\u2019interaction.<\/p>\n<p>Pr\u00e9cis, efficace et richement illustr\u00e9, cet ouvrage int\u00e9ressera tout particuli\u00e8rement les th\u00e9rapeutes d\u00e9sireux de mieux comprendre les dynamiques en pr\u00e9sence dans les trag\u00e9dies et com\u00e9dies familiales. Il leur servira \u00e9galement de support puisqu\u2019il propose plusieurs protocoles de prises en charge th\u00e9rapeutiques permettant la r\u00e9\u00e9criture des scripts et sc\u00e9narios familiaux..(Pr\u00e9sentation de l&rsquo;\u00e9diteur)<\/p>\n<span class=\"et_bloom_bottom_trigger\"><\/span>","protected":false},"excerpt":{"rendered":"<p>Pour diverses raisons, il arrive que les relations familiales d\u00e9g\u00e9n\u00e8rent en de v\u00e9ritables routines autodestructives, causes de situations personnelles et interpersonnelles d\u00e9sagr\u00e9ables \u00e0 court comme \u00e0 long terme<\/p>\n","protected":false},"featured_media":413,"comment_status":"open","ping_status":"closed","template":"","meta":{"_et_pb_use_builder":"","_et_pb_old_content":"","_et_gb_content_width":"","spay_email":""},"class_list":["post-414","product","type-product","status-publish","has-post-thumbnail","hentry","product_cat-livres","product_tag-interaction","product_tag-outil","product_tag-relation-familiale","product_tag-therapie-familiale"],"jetpack_sharing_enabled":true,"jetpack_likes_enabled":true,"_links":{"self":[{"href":"https:\/\/www.parthages.be\/eboutique\/wp-json\/wp\/v2\/product\/414","targetHints":{"allow":["GET"]}}],"collection":[{"href":"https:\/\/www.parthages.be\/eboutique\/wp-json\/wp\/v2\/product"}],"about":[{"href":"https:\/\/www.parthages.be\/eboutique\/wp-json\/wp\/v2\/types\/product"}],"replies":[{"embeddable":true,"href":"https:\/\/www.parthages.be\/eboutique\/wp-json\/wp\/v2\/comments?post=414"}],"wp:featuredmedia":[{"embeddable":true,"href":"https:\/\/www.parthages.be\/eboutique\/wp-json\/wp\/v2\/media\/413"}],"wp:attachment":[{"href":"https:\/\/www.parthages.be\/eboutique\/wp-json\/wp\/v2\/media?parent=414"}],"curies":[{"name":"wp","href":"https:\/\/api.w.org\/{rel}","templated":true}]}}