{"id":416,"date":"2014-01-09T15:19:24","date_gmt":"2014-01-09T14:19:24","guid":{"rendered":"https:\/\/www.parthages.be\/wordpress\/produit\/l-enfant-autiste\/"},"modified":"2022-06-03T08:55:57","modified_gmt":"2022-06-03T06:55:57","slug":"l-enfant-autiste","status":"publish","type":"product","link":"https:\/\/www.parthages.be\/eboutique\/produit\/l-enfant-autiste\/","title":{"rendered":"L&rsquo;enfant autiste"},"content":{"rendered":"<p>MINEAU S.- DUQUETTE A.- ELKOUBY K.<\/p>\n<p>CHU Sainte-Justine<\/p>\n<p>2013-156p.-201gr-<\/p>\n<p>ISBN: 978-2-89619-613-5<\/p>\n<p>Cote doc: 1-70-MIN-E<\/p>\n<p>Les conseils sugg\u00e9r\u00e9s dans cet ouvrage visent \u00e0 offrir aux parents un soutien \u00e0 court terme \u00e0 la suite de l&rsquo;annonce du diagnostic de leur enfant. Les auteures, des psycho\u00e9ducatrices chevronn\u00e9es, ont tir\u00e9 parti de leurs ann\u00e9es d&rsquo;exp\u00e9rience professionnelle en \u00e9valuation et en intervention aupr\u00e8s des enfants autistes et de leurs parents pour d\u00e9terminer les objectifs et les strat\u00e9gies qu&rsquo;elles consid\u00e8rent comme les plus importants en d\u00e9but d&rsquo;intervention.<\/p>\n<p>Cet ouvrage collectif est leur fa\u00e7on de r\u00e9pondre au cri du coeur des parents qui apprennent que leur enfant est autiste, et qui est souvent formul\u00e9 comme suit : \u00ab Ne nous laissez pas dans l&rsquo;incompr\u00e9hension et l&rsquo;impuissance ! \u00bb\u00a0 (Pr\u00e9sentation de l&rsquo;\u00e9diteur)<\/p>\n<p>Si cet ouvrage s&rsquo;adresse \u00e0 tous les professionnels m\u00e9decins, r\u00e9\u00e9ducateurs sp\u00e9cialis\u00e9s et enseignants, les familles des enfants accueillis dans les \u00e9tablissements sp\u00e9cialis\u00e9s y trouveront aussi un outil tr\u00e8s pr\u00e9cieux de compr\u00e9hension et une approche d\u00e9culpabilisante de la d\u00e9ficience intellectuelle. (Pr\u00e9sentation de l&rsquo;\u00e9diteur)<\/p>\n<span class=\"et_bloom_bottom_trigger\"><\/span>","protected":false},"excerpt":{"rendered":"<p>Les conseils sugg\u00e9r\u00e9s dans cet ouvrage visent \u00e0 offrir aux parents un soutien \u00e0 court terme \u00e0 la suite de l&rsquo;annonce du diagnostic de leur enfant.<\/p>\n","protected":false},"featured_media":415,"comment_status":"open","ping_status":"closed","template":"","meta":{"_et_pb_use_builder":"","_et_pb_old_content":"","_et_gb_content_width":"","spay_email":""},"class_list":["post-416","product","type-product","status-publish","has-post-thumbnail","hentry","product_cat-livres"],"jetpack_sharing_enabled":true,"jetpack_likes_enabled":true,"_links":{"self":[{"href":"https:\/\/www.parthages.be\/eboutique\/wp-json\/wp\/v2\/product\/416","targetHints":{"allow":["GET"]}}],"collection":[{"href":"https:\/\/www.parthages.be\/eboutique\/wp-json\/wp\/v2\/product"}],"about":[{"href":"https:\/\/www.parthages.be\/eboutique\/wp-json\/wp\/v2\/types\/product"}],"replies":[{"embeddable":true,"href":"https:\/\/www.parthages.be\/eboutique\/wp-json\/wp\/v2\/comments?post=416"}],"wp:featuredmedia":[{"embeddable":true,"href":"https:\/\/www.parthages.be\/eboutique\/wp-json\/wp\/v2\/media\/415"}],"wp:attachment":[{"href":"https:\/\/www.parthages.be\/eboutique\/wp-json\/wp\/v2\/media?parent=416"}],"curies":[{"name":"wp","href":"https:\/\/api.w.org\/{rel}","templated":true}]}}