{"id":422,"date":"2014-03-13T09:07:03","date_gmt":"2014-03-13T08:07:03","guid":{"rendered":"https:\/\/www.parthages.be\/wordpress\/produit\/les-jonquilles\/"},"modified":"2022-07-26T10:39:54","modified_gmt":"2022-07-26T08:39:54","slug":"les-jonquilles","status":"publish","type":"product","link":"https:\/\/www.parthages.be\/eboutique\/produit\/les-jonquilles\/","title":{"rendered":"Les Jonquilles"},"content":{"rendered":"<p>\u00ab\u00a0&#8230;mon plexus se serre! Je te sens venir! Tu avances, approches, fais violemment irruption et je glisse dans le n\u00e9ant! Je sens la peur et l&rsquo;angoisse m&rsquo;envahir! [&#8230;] Une pancarte de signalisation est tomb\u00e9e au milieu de la rue! Je vois la police, les pompiers. Je ne comprends pas! J&rsquo;ai fait quoi? C&rsquo;est quoi? Je viens d&rsquo;o\u00f9? Je vais o\u00f9? Ma m\u00e9moire et mes rep\u00e8res remontent et je suis horrifi\u00e9e! C&rsquo;est notre voiture! Je suis pr\u00e8s de chez moi! Je revenais manger! C&rsquo;est toi, cr\u00e9ature ignoble et monstrueuse qui a pris mon volant et qui m&rsquo;a tra\u00een\u00e9e dans cette situation \u00e9pouvantable! Je n&rsquo;en peux plus!\u00a0\u00bb<\/p>\n<p>Cette \u00ab\u00a0cr\u00e9ature ignoble et monstrueuse\u00a0\u00bb qui surgit brutalement, l&rsquo;envahit et la broie, c&rsquo;est l&rsquo;\u00e9pilepsie: l&rsquo;affection neurologique handicapante la plus r\u00e9pandue en Europe. Pour mieux rendre compte du mal qui la ronge, Brigitte Joffraud a pris le parti de l&rsquo;incarner sous des traits invisibles mais terrifiants. Son t\u00e9moignage, frappant, nous invite \u00e0 partager son combat contre cette pathologie qui, malgr\u00e9 ses 500 000 victimes en France, demeure encore m\u00e9connue du grand public.\u00a0 (Pr\u00e9sentation de l&rsquo;\u00e9diteur)<\/p>\n<p>JOFFRAUD B.<br \/>\nSoci\u00e9t\u00e9 des \u00e9crivains: T\u00e9moignage<br \/>\n2013- 146p. \u2013 199gr \u2013 12,00\u20ac<\/p>\n<p>ISBN\u00a0: 978-2-342-01637-6<\/p>\n<p>Cote doc\u00a0: 1-20-JOF-J<\/p>\n<span class=\"et_bloom_bottom_trigger\"><\/span>","protected":false},"excerpt":{"rendered":"<p>\u00ab\u00a0&#8230;mon plexus se serre! Je te sens venir! Tu avances, approches, fais violemment irruption et je glisse dans le n\u00e9ant! Je sens la peur et l&rsquo;angoisse m&rsquo;envahir! [&#8230;]<\/p>\n","protected":false},"featured_media":421,"comment_status":"open","ping_status":"closed","template":"","meta":{"_et_pb_use_builder":"","_et_pb_old_content":"","_et_gb_content_width":"","spay_email":""},"class_list":["post-422","product","type-product","status-publish","has-post-thumbnail","hentry","product_cat-livres","product_tag-epilepsie","product_tag-temoignage"],"jetpack_sharing_enabled":true,"jetpack_likes_enabled":true,"_links":{"self":[{"href":"https:\/\/www.parthages.be\/eboutique\/wp-json\/wp\/v2\/product\/422","targetHints":{"allow":["GET"]}}],"collection":[{"href":"https:\/\/www.parthages.be\/eboutique\/wp-json\/wp\/v2\/product"}],"about":[{"href":"https:\/\/www.parthages.be\/eboutique\/wp-json\/wp\/v2\/types\/product"}],"replies":[{"embeddable":true,"href":"https:\/\/www.parthages.be\/eboutique\/wp-json\/wp\/v2\/comments?post=422"}],"wp:featuredmedia":[{"embeddable":true,"href":"https:\/\/www.parthages.be\/eboutique\/wp-json\/wp\/v2\/media\/421"}],"wp:attachment":[{"href":"https:\/\/www.parthages.be\/eboutique\/wp-json\/wp\/v2\/media?parent=422"}],"curies":[{"name":"wp","href":"https:\/\/api.w.org\/{rel}","templated":true}]}}