{"id":424,"date":"2014-03-13T09:16:21","date_gmt":"2014-03-13T08:16:21","guid":{"rendered":"https:\/\/www.parthages.be\/wordpress\/produit\/vers-le-temps-du-kangourou\/"},"modified":"2022-07-26T10:22:42","modified_gmt":"2022-07-26T08:22:42","slug":"vers-le-temps-du-kangourou","status":"publish","type":"product","link":"https:\/\/www.parthages.be\/eboutique\/produit\/vers-le-temps-du-kangourou\/","title":{"rendered":"Vers le temps du kangourou"},"content":{"rendered":"<p>\u00ab\u00a0Je ne veux pas oublier ma maladie, je veux m&rsquo;en servir comme d&rsquo;une b\u00e9quille, d&rsquo;une force de vie. Elle qui risquait d&rsquo;\u00eatre force destructrice, j&rsquo;ai voulu l&rsquo;en d\u00e9tourner par la force des mots.<br \/>\nLa maladie comme une valse \u00e0 trois temps.<br \/>\nLe temps de l&rsquo;\u00e9cureuil d&rsquo;abord, curieux qui va fureter \u00e0 droite \u00e0 gauche pour reconna\u00eetre les lieux.<br \/>\nLe temps de l&rsquo;hu\u00eetre ensuite, qui se ferme au monde pour se consacrer \u00e0 sa lutte.<br \/>\nEt enfin le temps du kangourou qui repart sautant dans la vie&#8230;\u00a0\u00bb<\/p>\n<p>Avec une lucidit\u00e9 et une sinc\u00e9rit\u00e9 remarquables, doubl\u00e9es d&rsquo;une bonne dose d&rsquo;humour et de philosophie, Bernadette Peirotes t\u00e9moigne de sa lutte contre le cancer. L&rsquo;originalit\u00e9 et la force du r\u00e9cit tenant \u00e0 la question fondamentale de cette magnifique ode \u00e0 la vie: comment rester soi plut\u00f4t que se d\u00e9finir comme un(e) malade? Au-del\u00e0 du t\u00e9moignage, Vers le temps du kangourou est un formidable guide de l&rsquo;optimisme qui nous rappelle que chacun poss\u00e8de en soi les ressources qui permettent de surmonter toutes les \u00e9preuves. (Pr\u00e9sentation de l&rsquo;\u00e9diteur)<\/p>\n<p>PEIROTES B.<br \/>\nSoci\u00e9t\u00e9 des \u00e9crivains: T\u00e9moignage<br \/>\n2013 &#8211; 278 p. \u2013 363gr \u2013 20,\u00a000\u20ac<\/p>\n<p>ISBN\u00a0: 978-2-342-01622-2<\/p>\n<p>Cote doc\u00a0: 1-20-PEI-V<\/p>\n<span class=\"et_bloom_bottom_trigger\"><\/span>","protected":false},"excerpt":{"rendered":"<p>\u00ab\u00a0Je ne veux pas oublier ma maladie, je veux m&rsquo;en servir comme d&rsquo;une b\u00e9quille, d&rsquo;une force de vie. Elle qui risquait d&rsquo;\u00eatre force destructrice, j&rsquo;ai voulu l&rsquo;en d\u00e9tourner par la force des mots&#8230;<\/p>\n","protected":false},"featured_media":423,"comment_status":"open","ping_status":"closed","template":"","meta":{"_et_pb_use_builder":"","_et_pb_old_content":"","_et_gb_content_width":"","spay_email":""},"class_list":["post-424","product","type-product","status-publish","has-post-thumbnail","hentry","product_cat-livres","product_tag-cancer","product_tag-temoignage"],"jetpack_sharing_enabled":true,"jetpack_likes_enabled":true,"_links":{"self":[{"href":"https:\/\/www.parthages.be\/eboutique\/wp-json\/wp\/v2\/product\/424","targetHints":{"allow":["GET"]}}],"collection":[{"href":"https:\/\/www.parthages.be\/eboutique\/wp-json\/wp\/v2\/product"}],"about":[{"href":"https:\/\/www.parthages.be\/eboutique\/wp-json\/wp\/v2\/types\/product"}],"replies":[{"embeddable":true,"href":"https:\/\/www.parthages.be\/eboutique\/wp-json\/wp\/v2\/comments?post=424"}],"wp:featuredmedia":[{"embeddable":true,"href":"https:\/\/www.parthages.be\/eboutique\/wp-json\/wp\/v2\/media\/423"}],"wp:attachment":[{"href":"https:\/\/www.parthages.be\/eboutique\/wp-json\/wp\/v2\/media?parent=424"}],"curies":[{"name":"wp","href":"https:\/\/api.w.org\/{rel}","templated":true}]}}