{"id":428,"date":"2014-03-13T09:19:08","date_gmt":"2014-03-13T08:19:08","guid":{"rendered":"https:\/\/www.parthages.be\/wordpress\/produit\/la-maison-des-intemperies-vivre-avec-un-parent-ayant-un-trouble-de-personnalite-limite\/"},"modified":"2022-06-03T09:35:11","modified_gmt":"2022-06-03T07:35:11","slug":"la-maison-des-intemperies-vivre-avec-un-parent-ayant-un-trouble-de-personnalite-limite","status":"publish","type":"product","link":"https:\/\/www.parthages.be\/eboutique\/produit\/la-maison-des-intemperies-vivre-avec-un-parent-ayant-un-trouble-de-personnalite-limite\/","title":{"rendered":"La maison des intemp\u00e9ries. Vivre avec un parent ayant un trouble de personnalit\u00e9 limite"},"content":{"rendered":"<p>Au Qu\u00e9bec, plusieurs enfants vivent avec la maladie mentale d&rsquo;un parent. Pourtant, ce sujet est encore un tabou difficile \u00e0 percer et les enfants qui vivent avec cette r\u00e9alit\u00e9 sont souvent oubli\u00e9s, malgr\u00e9 leur grande vuln\u00e9rabilit\u00e9.<\/p>\n<p>Destin\u00e9 aux enfants de 6 \u00e0 12 ans, cet album illustr\u00e9 offre une information cliniquement \u00e9prouv\u00e9e et apporte des r\u00e9ponses claires aux questions que se posent les enfants sur le trouble de personnalit\u00e9 limite (TPL) de leur parent.<\/p>\n<p>S\u2019inspirant des fluctuations de la m\u00e9t\u00e9o, ce livre d\u00e9crit les journ\u00e9es parfois chaotiques de David et de Marie, deux enfants dont la m\u00e8re vit avec un TPL. Un \u00ab sp\u00e9cialiste des intemp\u00e9ries \u00bb dispense pour sa part des commentaires psycho\u00e9ducatifs permettant aux enfants de mieux comprendre et de mieux vivre avec les comportements parfois difficiles \u00e0 saisir de leur m\u00e8re.<\/p>\n<p>Voil\u00e0 donc un livre qui permettra sans doute aux enfants d\u2019acqu\u00e9rir une certaine perspective et une meilleure compr\u00e9hension de ce qui se passe \u00e0 la maison, tout en aidant \u00e0 dissiper le sentiment de responsabilit\u00e9 qu\u2019ils ressentent parfois lors des \u00e9pisodes plus orageux. (Pr\u00e9sentation de l&rsquo;\u00e9diteur)<\/p>\n<p>LAPORTE L., FRASER R.<br \/>\nMidi trente Editions<br \/>\n2013 &#8211; 48p. \u2013 133gr \u2013<\/p>\n<p>ISBN\u00a0: 978-2-923827-45-2<\/p>\n<p>Cote doc: 11-LAP-M<\/p>\n<p><strong><em>Uniquement \u00e0 la location<\/em><\/strong><\/p>\n<span class=\"et_bloom_bottom_trigger\"><\/span>","protected":false},"excerpt":{"rendered":"<p>Au Qu\u00e9bec, plusieurs enfants vivent avec la maladie mentale d&rsquo;un parent. Pourtant, ce sujet est encore un tabou difficile \u00e0 percer et les enfants qui vivent avec cette r\u00e9alit\u00e9 sont souvent oubli\u00e9s, malgr\u00e9 leur grande vuln\u00e9rabilit\u00e9.<\/p>\n","protected":false},"featured_media":427,"comment_status":"open","ping_status":"closed","template":"","meta":{"_et_pb_use_builder":"","_et_pb_old_content":"","_et_gb_content_width":"","spay_email":""},"class_list":["post-428","product","type-product","status-publish","has-post-thumbnail","hentry","product_cat-livres","product_cat-livres-jeunesse","product_tag-etat-limite","product_tag-outil","product_tag-relation-parent-enfant","product_tag-sante-mentale","product_tag-trouble-de-la-personnalite"],"jetpack_sharing_enabled":true,"jetpack_likes_enabled":true,"_links":{"self":[{"href":"https:\/\/www.parthages.be\/eboutique\/wp-json\/wp\/v2\/product\/428","targetHints":{"allow":["GET"]}}],"collection":[{"href":"https:\/\/www.parthages.be\/eboutique\/wp-json\/wp\/v2\/product"}],"about":[{"href":"https:\/\/www.parthages.be\/eboutique\/wp-json\/wp\/v2\/types\/product"}],"replies":[{"embeddable":true,"href":"https:\/\/www.parthages.be\/eboutique\/wp-json\/wp\/v2\/comments?post=428"}],"wp:featuredmedia":[{"embeddable":true,"href":"https:\/\/www.parthages.be\/eboutique\/wp-json\/wp\/v2\/media\/427"}],"wp:attachment":[{"href":"https:\/\/www.parthages.be\/eboutique\/wp-json\/wp\/v2\/media?parent=428"}],"curies":[{"name":"wp","href":"https:\/\/api.w.org\/{rel}","templated":true}]}}