{"id":430,"date":"2014-03-13T09:20:33","date_gmt":"2014-03-13T08:20:33","guid":{"rendered":"https:\/\/www.parthages.be\/wordpress\/produit\/laisse-moi-t-expliquer-l-autisme\/"},"modified":"2022-02-18T10:42:40","modified_gmt":"2022-02-18T09:42:40","slug":"laisse-moi-t-expliquer-l-autisme","status":"publish","type":"product","link":"https:\/\/www.parthages.be\/eboutique\/produit\/laisse-moi-t-expliquer-l-autisme\/","title":{"rendered":"Laisse-moi t&rsquo;expliquer&#8230; l&rsquo;autisme"},"content":{"rendered":"<p>Ce livre est un \u00ab album documentaire \u00bb destin\u00e9 aux enfants d\u2019\u00e2ge scolaire \u2013 et \u00e0 leurs parents. L\u2019album est tr\u00e8s color\u00e9 et, un peu \u00e0 la mani\u00e8re d\u2019un scrapbook r\u00e9alis\u00e9 par un enfant, il pr\u00e9sente l\u2019histoire d\u2019une jeune fille dont le petit fr\u00e8re pr\u00e9sente un trouble envahissant du d\u00e9veloppement (TED); L\u00e9o est autiste.<\/p>\n<p>De mani\u00e8re simple et amusante, Coralie tente d\u2019expliquer, dans ses mots, ce qu\u2019est l\u2019autisme et comment elle vit avec le fait d\u2019avoir un petit fr\u00e8re diff\u00e9rent des autres. Elle raconte comment se d\u00e9roule le quotidien en famille, les difficult\u00e9s rencontr\u00e9es, ses questionnements et aussi ses craintes. Agr\u00e9ment\u00e9 de plusieurs trucs et conseils avis\u00e9s et d\u2019illustrations r\u00e9alis\u00e9es par des enfants, cet ouvrage de vulgarisation est con\u00e7u express\u00e9ment pour plaire aux jeunes et pour les aider \u00e0 mieux vivre ou \u00e0 mieux comprendre la diff\u00e9rence. (Pr\u00e9sentation de l&rsquo;\u00e9diteur)<\/p>\n<p>DESLAURIERS S.<br \/>\nMidi trente Editions<br \/>\n2012 &#8211; 40p. \u2013 127gr \u2013 18,01\u20ac<\/p>\n<p>ISBN\u00a0: 978-2-923827-28-5<\/p>\n<p>Cote doc: 11-DES-L<\/p>\n<span class=\"et_bloom_bottom_trigger\"><\/span>","protected":false},"excerpt":{"rendered":"<p>Ce livre est un \u00ab album documentaire \u00bb destin\u00e9 aux enfants d\u2019\u00e2ge scolaire \u2013 et \u00e0 leurs parents.<\/p>\n","protected":false},"featured_media":429,"comment_status":"open","ping_status":"closed","template":"","meta":{"_et_pb_use_builder":"","_et_pb_old_content":"","_et_gb_content_width":"","spay_email":""},"class_list":["post-430","product","type-product","status-publish","has-post-thumbnail","hentry","product_cat-livres","product_cat-livres-jeunesse","product_tag-autisme","product_tag-enfant","product_tag-outil-dinformation","product_tag-sensibilisation"],"jetpack_sharing_enabled":true,"jetpack_likes_enabled":true,"_links":{"self":[{"href":"https:\/\/www.parthages.be\/eboutique\/wp-json\/wp\/v2\/product\/430","targetHints":{"allow":["GET"]}}],"collection":[{"href":"https:\/\/www.parthages.be\/eboutique\/wp-json\/wp\/v2\/product"}],"about":[{"href":"https:\/\/www.parthages.be\/eboutique\/wp-json\/wp\/v2\/types\/product"}],"replies":[{"embeddable":true,"href":"https:\/\/www.parthages.be\/eboutique\/wp-json\/wp\/v2\/comments?post=430"}],"wp:featuredmedia":[{"embeddable":true,"href":"https:\/\/www.parthages.be\/eboutique\/wp-json\/wp\/v2\/media\/429"}],"wp:attachment":[{"href":"https:\/\/www.parthages.be\/eboutique\/wp-json\/wp\/v2\/media?parent=430"}],"curies":[{"name":"wp","href":"https:\/\/api.w.org\/{rel}","templated":true}]}}