{"id":434,"date":"2014-03-13T09:30:55","date_gmt":"2014-03-13T08:30:55","guid":{"rendered":"https:\/\/www.parthages.be\/wordpress\/produit\/10-choses-a-savoir-sur-l-autisme\/"},"modified":"2022-06-03T08:32:08","modified_gmt":"2022-06-03T06:32:08","slug":"10-choses-a-savoir-sur-l-autisme","status":"publish","type":"product","link":"https:\/\/www.parthages.be\/eboutique\/produit\/10-choses-a-savoir-sur-l-autisme\/","title":{"rendered":"10 choses \u00e0 savoir sur l&rsquo;autisme"},"content":{"rendered":"<p>P\u00e9tillant d\u2019intelligence, d\u2019empathie, d\u2019humour et d\u2019amour, cet ouvrage d\u00e9crit les caract\u00e9ristiques qui aident \u00e0 comprendre les comportements et le monde int\u00e9rieur des enfants atteints d\u2019autisme.<\/p>\n<p>Ce livre plonge dans les m\u00e9andres des probl\u00e8mes de communication entre l\u2019enfant atteint d\u2019autisme et son entourage, sa vie sensorielle complexe, son mode de pens\u00e9e litt\u00e9rale, son approche particuli\u00e8re du langage. L&rsquo;auteur d\u00e9crit les exigences sociales auxquelles l\u2019enfant doit faire face, mais aussi l\u2019importance d\u00e9cisive des attentes et des perspectives ?\u00a0 bonnes ou mauvaises ?\u00a0 que les adultes nourrissent \u00e0 l\u2019\u00e9gard de l\u2019enfant, et de ce qu\u2019exige le chemin partag\u00e9 vers un \u00e2ge adulte autonome.<\/p>\n<p>Ellen Notbohm parcourt sans complaisance les ann\u00e9es de son propre cheminement de m\u00e8re s\u2019occupant d\u2019un enfant atteint d\u2019autisme, depuis la petite enfance de son fils jusqu\u2019\u00e0 son accession \u00e0 l\u2019\u00e2ge adulte. Les pages sont passionnantes, souvent \u00e9mouvantes. Le point de vue adopt\u00e9 est r\u00e9solument optimiste et non d\u00e9nu\u00e9 d\u2019une saine provocation et d\u2019une salutaire d\u00e9mystification de ce qu\u2019est l\u2019autisme. Apr\u00e8s la lecture de cet ouvrage, votre regard sur les personnes atteintes d\u2019autisme ne sera plus jamais le m\u00eame. (Pr\u00e9sentation de l&rsquo;\u00e9diteur)<\/p>\n<p>NOTBOHM E.<br \/>\nDe Boeck: Parentalit\u00e9s<br \/>\n2013 \u2013 176p. \u2013 266gr<\/p>\n<p>ISBN\u00a0: 978-2-8041-8188-8<\/p>\n<p>Cote doc: 1-70-NOT-C<\/p>\n<p><strong><em>Uniquement \u00e0 la location<\/em><\/strong><\/p>\n<span class=\"et_bloom_bottom_trigger\"><\/span>","protected":false},"excerpt":{"rendered":"<p>P\u00e9tillant d\u2019intelligence, d\u2019empathie, d\u2019humour et d\u2019amour, cet ouvrage d\u00e9crit les caract\u00e9ristiques qui aident \u00e0 comprendre les comportements et le monde int\u00e9rieur des enfants atteints d\u2019autisme.<\/p>\n","protected":false},"featured_media":433,"comment_status":"open","ping_status":"closed","template":"","meta":{"_et_pb_use_builder":"","_et_pb_old_content":"","_et_gb_content_width":"","spay_email":""},"class_list":["post-434","product","type-product","status-publish","has-post-thumbnail","hentry","product_cat-livres","product_tag-autisme","product_tag-autonomie","product_tag-communication","product_tag-enfant","product_tag-langage","product_tag-probleme","product_tag-vie-sociale"],"jetpack_sharing_enabled":true,"jetpack_likes_enabled":true,"_links":{"self":[{"href":"https:\/\/www.parthages.be\/eboutique\/wp-json\/wp\/v2\/product\/434","targetHints":{"allow":["GET"]}}],"collection":[{"href":"https:\/\/www.parthages.be\/eboutique\/wp-json\/wp\/v2\/product"}],"about":[{"href":"https:\/\/www.parthages.be\/eboutique\/wp-json\/wp\/v2\/types\/product"}],"replies":[{"embeddable":true,"href":"https:\/\/www.parthages.be\/eboutique\/wp-json\/wp\/v2\/comments?post=434"}],"wp:featuredmedia":[{"embeddable":true,"href":"https:\/\/www.parthages.be\/eboutique\/wp-json\/wp\/v2\/media\/433"}],"wp:attachment":[{"href":"https:\/\/www.parthages.be\/eboutique\/wp-json\/wp\/v2\/media?parent=434"}],"curies":[{"name":"wp","href":"https:\/\/api.w.org\/{rel}","templated":true}]}}