{"id":438,"date":"2014-06-12T09:55:20","date_gmt":"2014-06-12T07:55:20","guid":{"rendered":"https:\/\/www.parthages.be\/wordpress\/produit\/la-mandarine\/"},"modified":"2025-04-29T13:34:24","modified_gmt":"2025-04-29T11:34:24","slug":"la-mandarine","status":"publish","type":"product","link":"https:\/\/www.parthages.be\/eboutique\/produit\/la-mandarine\/","title":{"rendered":"La Mandarine"},"content":{"rendered":"<p>\u00ab\u00a0Une bombe inversement proportionnelle \u00e0 la taille de cette mandarine lui \u00e9clatait au visage et devenait pourtant le pr\u00e9texte imparable qu&rsquo;elle avait longtemps cherch\u00e9 pour s&rsquo;autoriser enfin le droit de l\u00e2cher prise sur sa vie.<\/p>\n<p>Cette id\u00e9e s\u00e9duisante trottinait vers son cerveau encombr\u00e9. Les d\u00e9s jet\u00e9s, devenir \u201cirresponsable\u201d \u00e0 quarante ans la r\u00e9jouissait, elle qui luttait si violemment depuis trop longtemps pour grandir. Jeanne savourait dans l&rsquo;instant encore opaque ce moment tragique qui lui permettait malgr\u00e9 tout d&rsquo;exister avec une force surprenante.\u00a0\u00bb<\/p>\n<p>Entre ses deux enfants, son travail, ses amies, son ex-mari et le poids de son histoire familiale, Jeanne ne sait plus o\u00f9 donner de la t\u00eate. Son credo: tout g\u00e9rer, ne jamais l\u00e2cher prise. Jusqu&rsquo;\u00e0 la d\u00e9couverte d&rsquo;une tumeur dans son cerveau de la taille d&rsquo;une mandarine. La gestion de la maladie exacerb\u00e9e par une crise existentielle va ainsi l&rsquo;obliger \u00e0 relativiser les choses de la vie. Dans ce roman, entre com\u00e9die de moeurs et \u00e9mouvante r\u00e9flexion sur la fragilit\u00e9 de la vie, Isabelle de Courr\u00e8ges explore avec une justesse saisissante, un humour parfois noir et une subtilit\u00e9 rare, les recoins les plus secrets de l&rsquo;\u00e2me d&rsquo;une femme en crise. (Pr\u00e9sentation de l&rsquo;\u00e9diteur)<\/p>\n<p>DE COURREGE I.<\/p>\n<p>Societ\u00e9 des Ecrivains<\/p>\n<p>2013 -308p.-400gr-<\/p>\n<p>ISBN\u00a0: 978-2-342-01923-3<\/p>\n<p>Cote doc : 1-20-DEC-M<\/p>\n<p><strong><em>Uniquement \u00e0 la location<\/em><\/strong><\/p>\n<p>&nbsp;<\/p>\n<span class=\"et_bloom_bottom_trigger\"><\/span>","protected":false},"excerpt":{"rendered":"<p>\u00ab\u00a0Une bombe inversement proportionnelle \u00e0 la taille de cette mandarine lui \u00e9clatait au visage et devenait pourtant le pr\u00e9texte imparable qu&rsquo;elle avait longtemps cherch\u00e9 pour s&rsquo;autoriser enfin le droit de l\u00e2cher prise sur sa vie.<\/p>\n","protected":false},"featured_media":437,"comment_status":"open","ping_status":"closed","template":"","meta":{"_et_pb_use_builder":"","_et_pb_old_content":"","_et_gb_content_width":"","spay_email":""},"class_list":["post-438","product","type-product","status-publish","has-post-thumbnail","hentry","product_cat-livres","product_tag-cancer","product_tag-cerveau","product_tag-diagnostic","product_tag-temoignage","product_tag-tumeur"],"jetpack_sharing_enabled":true,"jetpack_likes_enabled":true,"_links":{"self":[{"href":"https:\/\/www.parthages.be\/eboutique\/wp-json\/wp\/v2\/product\/438","targetHints":{"allow":["GET"]}}],"collection":[{"href":"https:\/\/www.parthages.be\/eboutique\/wp-json\/wp\/v2\/product"}],"about":[{"href":"https:\/\/www.parthages.be\/eboutique\/wp-json\/wp\/v2\/types\/product"}],"replies":[{"embeddable":true,"href":"https:\/\/www.parthages.be\/eboutique\/wp-json\/wp\/v2\/comments?post=438"}],"wp:featuredmedia":[{"embeddable":true,"href":"https:\/\/www.parthages.be\/eboutique\/wp-json\/wp\/v2\/media\/437"}],"wp:attachment":[{"href":"https:\/\/www.parthages.be\/eboutique\/wp-json\/wp\/v2\/media?parent=438"}],"curies":[{"name":"wp","href":"https:\/\/api.w.org\/{rel}","templated":true}]}}