{"id":444,"date":"2014-06-12T10:12:01","date_gmt":"2014-06-12T08:12:01","guid":{"rendered":"https:\/\/www.parthages.be\/wordpress\/produit\/demain-est-encore-a-vivre\/"},"modified":"2022-07-26T10:41:41","modified_gmt":"2022-07-26T08:41:41","slug":"demain-est-encore-a-vivre","status":"publish","type":"product","link":"https:\/\/www.parthages.be\/eboutique\/produit\/demain-est-encore-a-vivre\/","title":{"rendered":"Demain est encore \u00e0 vivre"},"content":{"rendered":"<p>\u00ab\u00a0La situation est ce qu&rsquo;elle est, il faut la prendre comme telle; ne pas l&rsquo;accepter, la refuser est pr\u00e9judiciable. La situation est d\u00e9j\u00e0 assez grave, surtout ne pas en rajouter.<\/p>\n<p>Maintenant le diagnostic est bien pos\u00e9, je sais contre quoi je dois me battre et que des armes efficaces existent.\u00a0\u00bb<\/p>\n<p>Cancer: le mot est effrayant et peut, \u00e0 lui seul, mettre \u00e0 terre ceux et celles que l&rsquo;on pensait invuln\u00e9rables. L&#8217;emprise de ce terme sur son mental, Guy-Michel Escallier l&rsquo;a imm\u00e9diatement repouss\u00e9e et a su, ainsi, garder la t\u00eate froide, ceci pour mieux aborder la lutte contre le mal int\u00e9rieur, le traitement lourd et ses effets secondaires in\u00e9vitables&#8230; Un combat men\u00e9 avec sto\u00efcisme, pragmatisme et patience, dans la confiance et la sagesse, relat\u00e9 aujourd&rsquo;hui dans ce t\u00e9moignage \u00e9difiant, sinon exemplaire&#8230; (Pr\u00e9sentation de l&rsquo;\u00e9diteur)<\/p>\n<p>ESCALLIER G-M<\/p>\n<p>Soci\u00e9t\u00e9 des \u00e9crivains<\/p>\n<p>2013-54p-85gr-10\u20ac<\/p>\n<p>ISBN: 978-2-342-01731-1<\/p>\n<p>Cote doc\u00a0: 1-20-ESC-D<\/p>\n<p>&nbsp;<\/p>\n<span class=\"et_bloom_bottom_trigger\"><\/span>","protected":false},"excerpt":{"rendered":"<p>La situation est ce qu&rsquo;elle est, il faut la prendre comme telle; ne pas l&rsquo;accepter, la refuser est pr\u00e9judiciable. La situation est d\u00e9j\u00e0 assez grave, surtout ne pas en rajouter.<\/p>\n","protected":false},"featured_media":443,"comment_status":"open","ping_status":"closed","template":"","meta":{"_et_pb_use_builder":"","_et_pb_old_content":"","_et_gb_content_width":"","spay_email":""},"class_list":["post-444","product","type-product","status-publish","has-post-thumbnail","hentry","product_cat-livres","product_tag-cancer","product_tag-diagnostic","product_tag-lymphome","product_tag-temoignage"],"jetpack_sharing_enabled":true,"jetpack_likes_enabled":true,"_links":{"self":[{"href":"https:\/\/www.parthages.be\/eboutique\/wp-json\/wp\/v2\/product\/444","targetHints":{"allow":["GET"]}}],"collection":[{"href":"https:\/\/www.parthages.be\/eboutique\/wp-json\/wp\/v2\/product"}],"about":[{"href":"https:\/\/www.parthages.be\/eboutique\/wp-json\/wp\/v2\/types\/product"}],"replies":[{"embeddable":true,"href":"https:\/\/www.parthages.be\/eboutique\/wp-json\/wp\/v2\/comments?post=444"}],"wp:featuredmedia":[{"embeddable":true,"href":"https:\/\/www.parthages.be\/eboutique\/wp-json\/wp\/v2\/media\/443"}],"wp:attachment":[{"href":"https:\/\/www.parthages.be\/eboutique\/wp-json\/wp\/v2\/media?parent=444"}],"curies":[{"name":"wp","href":"https:\/\/api.w.org\/{rel}","templated":true}]}}