{"id":446,"date":"2014-06-12T10:12:48","date_gmt":"2014-06-12T08:12:48","guid":{"rendered":"https:\/\/www.parthages.be\/wordpress\/produit\/il-n-y-pas-que-les-autres\/"},"modified":"2022-07-26T10:47:45","modified_gmt":"2022-07-26T08:47:45","slug":"il-n-y-pas-que-les-autres","status":"publish","type":"product","link":"https:\/\/www.parthages.be\/eboutique\/produit\/il-n-y-pas-que-les-autres\/","title":{"rendered":"Il n&rsquo;y pas que les autres"},"content":{"rendered":"<p>\u00ab\u00a0Cinquante-cinq ans! Finalement \u00e0 cinquante-huit ans la vie n&rsquo;est pas finie. Sauf si&#8230; Au fond, quoi de plus simple: trois ans asexu\u00e9 en \u00e9tat de m\u00e9nopause prolong\u00e9e et apr\u00e8s&#8230; Nom de Dieu, ils n&rsquo;ont aucune id\u00e9e de ce que cela repr\u00e9sente!\u00a0\u00bb<\/p>\n<p>Alexandre m\u00e8ne une vie tranquille qui bascule quand il apprend qu&rsquo;il a un cancer, et pas n&rsquo;importe lequel: la pathologie qui touche le plus \u00e0 la virilit\u00e9, un cancer de la prostate. D\u00e8s lors, ses relations aux autres \u2013 notamment aux femmes \u2013 s&rsquo;en trouvent boulevers\u00e9es. Sa vision de la vie va totalement \u00eatre remise en cause et le contraindre \u00e0 r\u00e9viser sa perception des autres. Prenant conscience de la fragilit\u00e9 de l&rsquo;existence, Alexandre va comprendre qu&rsquo;il lui faut donner un sens \u00e0 sa vie, \u00e0 moins que ce ne soit \u00e0 sa mort. Avec \u00ab\u00a0Il n&rsquo;y a pas que les autres\u00a0\u00bb, Gilbert Costa nous offre le r\u00e9cit tout en tact et humour d&rsquo;un homme tentant de survivre et parfois, plus distanc\u00e9, le regard des femmes qui l&rsquo;entoure.\u00a0 (Pr\u00e9sentation de l&rsquo;\u00e9diteur)<\/p>\n<p>COSTA G..<\/p>\n<p>Soci\u00e9t\u00e9 des \u00e9crivains<\/p>\n<p>2013-174p-240gr-14\u20ac<\/p>\n<p>ISBN: 978-2-342-01705-2<\/p>\n<p>Cote doc : 1-20-COS-I<\/p>\n<p><strong><em>Uniquement \u00e0 la location<\/em><\/strong><\/p>\n<p>&nbsp;<\/p>\n<span class=\"et_bloom_bottom_trigger\"><\/span>","protected":false},"excerpt":{"rendered":"<p>\u00ab\u00a0Cinquante-cinq ans! Finalement \u00e0 cinquante-huit ans la vie n&rsquo;est pas finie. Sauf si&#8230; Au fond, quoi de plus simple: trois ans asexu\u00e9 en \u00e9tat de m\u00e9nopause prolong\u00e9e et apr\u00e8s&#8230; Nom de Dieu, ils n&rsquo;ont aucune id\u00e9e de ce que cela repr\u00e9sente!\u00a0\u00bb<\/p>\n","protected":false},"featured_media":445,"comment_status":"open","ping_status":"closed","template":"","meta":{"_et_pb_use_builder":"","_et_pb_old_content":"","_et_gb_content_width":"","spay_email":""},"class_list":["post-446","product","type-product","status-publish","has-post-thumbnail","hentry","product_cat-livres","product_tag-cancer","product_tag-prostate","product_tag-relation-affective","product_tag-temoignage"],"jetpack_sharing_enabled":true,"jetpack_likes_enabled":true,"_links":{"self":[{"href":"https:\/\/www.parthages.be\/eboutique\/wp-json\/wp\/v2\/product\/446","targetHints":{"allow":["GET"]}}],"collection":[{"href":"https:\/\/www.parthages.be\/eboutique\/wp-json\/wp\/v2\/product"}],"about":[{"href":"https:\/\/www.parthages.be\/eboutique\/wp-json\/wp\/v2\/types\/product"}],"replies":[{"embeddable":true,"href":"https:\/\/www.parthages.be\/eboutique\/wp-json\/wp\/v2\/comments?post=446"}],"wp:featuredmedia":[{"embeddable":true,"href":"https:\/\/www.parthages.be\/eboutique\/wp-json\/wp\/v2\/media\/445"}],"wp:attachment":[{"href":"https:\/\/www.parthages.be\/eboutique\/wp-json\/wp\/v2\/media?parent=446"}],"curies":[{"name":"wp","href":"https:\/\/api.w.org\/{rel}","templated":true}]}}