{"id":448,"date":"2014-06-12T10:14:51","date_gmt":"2014-06-12T08:14:51","guid":{"rendered":"https:\/\/www.parthages.be\/wordpress\/produit\/vingt-secondes-et-tout-bascule\/"},"modified":"2014-06-12T10:14:51","modified_gmt":"2014-06-12T08:14:51","slug":"vingt-secondes-et-tout-bascule","status":"publish","type":"product","link":"https:\/\/www.parthages.be\/eboutique\/produit\/vingt-secondes-et-tout-bascule\/","title":{"rendered":"Vingt secondes et tout bascule"},"content":{"rendered":"<p>FAYT-DAVIN M-P.<\/p>\n<p>Editions M\u00e9hari<\/p>\n<p>2014-144p-200gr-16\u20ac<\/p>\n<p>ISBN: 978-2-87588-000-0<\/p>\n<p>Un A.V.C. (accident vasculaire c\u00e9r\u00e9bral) ne pr\u00e9vient pas et frappe soudainement \u00e0 votre porte sans crier gare. Dans ce r\u00e9cit poignant, \u00e9mouvant, Marie-Paule Fayt-Davin raconte comment sa vie a bascul\u00e9 en 2003. Voil\u00e0 dix ans qu&rsquo;elle lutte, qu&rsquo;elle combat, chaque seconde qui passe, ce spectre qui l&rsquo;accompagne en permanence : la maladie ! Un fl\u00e9au qui condamne un individu sur six cents ! R\u00e9solument optimiste, Marie-Paule raconte&#8230; pour donner un sens \u00e0 sa vie nouvelle, mais aussi pour celles et ceux qui y sont confront\u00e9s, de pr\u00e8s ou de loin. (Pr\u00e9sentation de l&rsquo;\u00e9diteur)<\/p>\n<span class=\"et_bloom_bottom_trigger\"><\/span>","protected":false},"excerpt":{"rendered":"<p>Un A.V.C. (accident vasculaire c\u00e9r\u00e9bral) ne pr\u00e9vient pas et frappe soudainement \u00e0 votre porte sans crier gare. Dans ce r\u00e9cit poignant, \u00e9mouvant, Marie-Paule Fayt-Davin raconte comment sa vie a bascul\u00e9 en 2003.<\/p>\n","protected":false},"featured_media":447,"comment_status":"open","ping_status":"closed","template":"","meta":{"_et_pb_use_builder":"","_et_pb_old_content":"","_et_gb_content_width":"","spay_email":""},"class_list":["post-448","product","type-product","status-publish","has-post-thumbnail","hentry","product_cat-livres","product_tag-avc","product_tag-recit-de-vie","product_tag-solidarite","product_tag-temoignage"],"jetpack_sharing_enabled":true,"jetpack_likes_enabled":true,"_links":{"self":[{"href":"https:\/\/www.parthages.be\/eboutique\/wp-json\/wp\/v2\/product\/448","targetHints":{"allow":["GET"]}}],"collection":[{"href":"https:\/\/www.parthages.be\/eboutique\/wp-json\/wp\/v2\/product"}],"about":[{"href":"https:\/\/www.parthages.be\/eboutique\/wp-json\/wp\/v2\/types\/product"}],"replies":[{"embeddable":true,"href":"https:\/\/www.parthages.be\/eboutique\/wp-json\/wp\/v2\/comments?post=448"}],"wp:featuredmedia":[{"embeddable":true,"href":"https:\/\/www.parthages.be\/eboutique\/wp-json\/wp\/v2\/media\/447"}],"wp:attachment":[{"href":"https:\/\/www.parthages.be\/eboutique\/wp-json\/wp\/v2\/media?parent=448"}],"curies":[{"name":"wp","href":"https:\/\/api.w.org\/{rel}","templated":true}]}}