{"id":452,"date":"2014-06-12T10:20:37","date_gmt":"2014-06-12T08:20:37","guid":{"rendered":"https:\/\/www.parthages.be\/wordpress\/produit\/les-processus-discriminatoires-des-politiques-du-handicap\/"},"modified":"2014-06-12T10:20:37","modified_gmt":"2014-06-12T08:20:37","slug":"les-processus-discriminatoires-des-politiques-du-handicap","status":"publish","type":"product","link":"https:\/\/www.parthages.be\/eboutique\/produit\/les-processus-discriminatoires-des-politiques-du-handicap\/","title":{"rendered":"Les processus discriminatoires des politiques du handicap"},"content":{"rendered":"<p>LEGROS P.<\/p>\n<p>PUG<\/p>\n<p>2014-244p-305gr-19\u20ac<\/p>\n<p>ISBN\u00a0: 978-2-7061-1886-9<\/p>\n<p>La loi du 11 f\u00e9vrier 2005 pour \u00ab l\u2019\u00e9galit\u00e9 des droits et des chances, la participation et la citoyennet\u00e9 des personnes handicap\u00e9es \u00bb vise \u00e0 faciliter l\u2019insertion des personnes handicap\u00e9es. Elle pr\u00e9voit des compensations favorables \u00e0 leur autonomie, dans les domaines domestique et professionnel. Alors m\u00eame que ces objectifs initiaux n\u2019ont pas encore \u00e9t\u00e9 atteints, on constate que la loi cr\u00e9e de nouvelles discriminations.<\/p>\n<p>Les auteurs de cet ouvrage exposent les principes discriminatoires \u00ab in\u00e9dits \u00bb des politiques du handicap. Ils s\u2019interrogent sur les effets de d\u00e9finition et de cat\u00e9gorisation des personnes handicap\u00e9es et sur les rapports entre l\u2019int\u00e9gration et l\u2019inclusion. Ils abordent un aspect encore peu exploit\u00e9 dans le registre du handicap : l\u2019int\u00e9gration des personnes en situation de handicap dans le milieu de l\u2019\u00e9ducation, en France et \u00e0 l\u2019\u00e9tranger.<\/p>\n<p>(Pr\u00e9sentation de l&rsquo;\u00e9diteur)<\/p>\n<span class=\"et_bloom_bottom_trigger\"><\/span>","protected":false},"excerpt":{"rendered":"<p>La loi du 11 f\u00e9vrier 2005 pour \u00ab l\u2019\u00e9galit\u00e9 des droits et des chances, la participation et la citoyennet\u00e9 des personnes handicap\u00e9es \u00bb vise \u00e0 faciliter l\u2019insertion des personnes handicap\u00e9es.<\/p>\n","protected":false},"featured_media":451,"comment_status":"open","ping_status":"closed","template":"","meta":{"_et_pb_use_builder":"","_et_pb_old_content":"","_et_gb_content_width":"","spay_email":""},"class_list":["post-452","product","type-product","status-publish","has-post-thumbnail","hentry","product_cat-livres","product_tag-discrimination","product_tag-ethique","product_tag-justice","product_tag-personne-handicapee","product_tag-politique","product_tag-societe"],"jetpack_sharing_enabled":true,"jetpack_likes_enabled":true,"_links":{"self":[{"href":"https:\/\/www.parthages.be\/eboutique\/wp-json\/wp\/v2\/product\/452","targetHints":{"allow":["GET"]}}],"collection":[{"href":"https:\/\/www.parthages.be\/eboutique\/wp-json\/wp\/v2\/product"}],"about":[{"href":"https:\/\/www.parthages.be\/eboutique\/wp-json\/wp\/v2\/types\/product"}],"replies":[{"embeddable":true,"href":"https:\/\/www.parthages.be\/eboutique\/wp-json\/wp\/v2\/comments?post=452"}],"wp:featuredmedia":[{"embeddable":true,"href":"https:\/\/www.parthages.be\/eboutique\/wp-json\/wp\/v2\/media\/451"}],"wp:attachment":[{"href":"https:\/\/www.parthages.be\/eboutique\/wp-json\/wp\/v2\/media?parent=452"}],"curies":[{"name":"wp","href":"https:\/\/api.w.org\/{rel}","templated":true}]}}