{"id":456,"date":"2014-07-11T09:52:07","date_gmt":"2014-07-11T07:52:07","guid":{"rendered":"https:\/\/www.parthages.be\/wordpress\/produit\/un-autre-regard-sur-la-sclerose-en-plaques\/"},"modified":"2022-07-26T09:15:26","modified_gmt":"2022-07-26T07:15:26","slug":"un-autre-regard-sur-la-sclerose-en-plaques","status":"publish","type":"product","link":"https:\/\/www.parthages.be\/eboutique\/produit\/un-autre-regard-sur-la-sclerose-en-plaques\/","title":{"rendered":"Un autre regard sur la Scl\u00e9rose en Plaques"},"content":{"rendered":"<p>Ce livre n\u2019est pas un manuel th\u00e9rapeutique de la Scl\u00e9rose en Plaques (SEP).<br \/>\nC\u2019est une analyse et une r\u00e9flexion personnelle sur cette maladie qui d\u00e9coule de mon exp\u00e9rience en vivant aupr\u00e8s d\u2019une personne atteinte de SEP depuis plus de trente cinq ans et des similitudes retrouv\u00e9es chez d\u2019autres patients.<br \/>\nLes cas rapport\u00e9s ne sont qu\u2019un \u00ab\u00a0\u00e9chantillon\u00a0\u00bb des malades que j\u2019ai \u00e9t\u00e9 amen\u00e9 \u00e0 traiter en 33 ans de pratique. L\u2019int\u00e9r\u00eat vient surtout du nombre (plus de 800 cas) et du recul cons\u00e9quent (pour certains plus de vingt cinq ans) qui donnent une cr\u00e9dibilit\u00e9 \u00e0 cette analyse.<br \/>\nTous les malades ont toujours poursuivi leur traitement officiel (cortisone, interf\u00e9rons, copaxone, immurel\u2026) comme cela est bien pr\u00e9cis\u00e9. Selon les besoins, il a \u00e9t\u00e9 ajout\u00e9 certaines des approches th\u00e9rapeutiques compl\u00e9mentaires qui sont pr\u00e9sent\u00e9es dans cet ouvrage et ce, toujours dans le but de limiter les pouss\u00e9es et d\u2019augmenter l\u2019efficacit\u00e9 (et la tol\u00e9rance) du traitement en cours. (Pr\u00e9sentation de l&rsquo;\u00e9diteur)<\/p>\n<p>BONDIL A.<\/p>\n<p>Editions Jouvence<\/p>\n<p>2013-256p-362gr<\/p>\n<p>ISBN: 978-2-88911-418-4<\/p>\n<p>Cote doc: 1-30-BON-S<\/p>\n<span class=\"et_bloom_bottom_trigger\"><\/span>","protected":false},"excerpt":{"rendered":"<p>Ce livre n\u2019est pas un manuel th\u00e9rapeutique de la Scl\u00e9rose en Plaques (SEP).<br \/>\nC\u2019est une analyse et une r\u00e9flexion personnelle sur cette maladie qui d\u00e9coule de mon exp\u00e9rience en vivant aupr\u00e8s d\u2019une personne atteinte de SEP depuis plus de trente cinq ans et des similitudes retrouv\u00e9es chez d\u2019autres patients.<\/p>\n","protected":false},"featured_media":455,"comment_status":"open","ping_status":"closed","template":"","meta":{"_et_pb_use_builder":"","_et_pb_old_content":"","_et_gb_content_width":"","spay_email":""},"class_list":["post-456","product","type-product","status-publish","has-post-thumbnail","hentry","product_cat-livres","product_tag-aspect-psychologique","product_tag-cause","product_tag-maladie-neurologique","product_tag-methode","product_tag-methode-kousmine","product_tag-sclerose-en-plaque"],"jetpack_sharing_enabled":true,"jetpack_likes_enabled":true,"_links":{"self":[{"href":"https:\/\/www.parthages.be\/eboutique\/wp-json\/wp\/v2\/product\/456","targetHints":{"allow":["GET"]}}],"collection":[{"href":"https:\/\/www.parthages.be\/eboutique\/wp-json\/wp\/v2\/product"}],"about":[{"href":"https:\/\/www.parthages.be\/eboutique\/wp-json\/wp\/v2\/types\/product"}],"replies":[{"embeddable":true,"href":"https:\/\/www.parthages.be\/eboutique\/wp-json\/wp\/v2\/comments?post=456"}],"wp:featuredmedia":[{"embeddable":true,"href":"https:\/\/www.parthages.be\/eboutique\/wp-json\/wp\/v2\/media\/455"}],"wp:attachment":[{"href":"https:\/\/www.parthages.be\/eboutique\/wp-json\/wp\/v2\/media?parent=456"}],"curies":[{"name":"wp","href":"https:\/\/api.w.org\/{rel}","templated":true}]}}