{"id":46,"date":"2012-09-24T11:37:53","date_gmt":"2012-09-24T09:37:53","guid":{"rendered":"https:\/\/www.parthages.be\/wordpress\/produit\/vivre-ensemble-a-la-rencontre-de-la-difference\/"},"modified":"2022-02-22T09:08:10","modified_gmt":"2022-02-22T08:08:10","slug":"vivre-ensemble-a-la-rencontre-de-la-difference","status":"publish","type":"product","link":"https:\/\/www.parthages.be\/eboutique\/produit\/vivre-ensemble-a-la-rencontre-de-la-difference\/","title":{"rendered":"Vivre ensemble, \u00e0 la rencontre de la diff\u00e9rence"},"content":{"rendered":"<p><strong><em>Coffret p\u00e9dagogique<\/em><\/strong><\/p>\n<p>Le sujet de cet outil d&rsquo;animation est la diff\u00e9rence, th\u00e8me qui sera abord\u00e9 \u00e0 travers diverses th\u00e9matiques par l&rsquo;interm\u00e9diaire de six courts-m\u00e9trage et de l&rsquo;animation accompagnant ceux-ci.<\/p>\n<p>Cet outil se compose d\u2019un DVD comprenant six courts-m\u00e9trages sur les th\u00e8mes suivants\u00a0: la diff\u00e9rence fille\/gar\u00e7on, l\u2019homosexualit\u00e9, la diff\u00e9rence culturelle, le handicap physique, la surdit\u00e9, l\u2019analphab\u00e9tisme. Des fiches d\u2019animations accompagnent ce DVD afin de fournir \u00e0 l\u2019animateur des pistes de r\u00e9flexion \u00e0 lancer aupr\u00e8s de ses anim\u00e9s, permettant d\u2019exploiter au mieux les courts-m\u00e9trages. Un fascicule explicatif accompagne le tout, et comprend des informations suppl\u00e9mentaires sur le projet et l\u2019animation. (Pr\u00e9sentation de l&rsquo;\u00e9diteur)<\/p>\n<p>&nbsp;<\/p>\n<p>MERCIER M. &#8211; DEFEYT G.- BAZIER G.<\/p>\n<p>Presses universitaires de Namur<\/p>\n<p>2011- 25\u20ac<\/p>\n<p>400gr<\/p>\n<p>ISBN\u00a0: 978-2-87037-633-1<\/p>\n<p>Cote doc\u00a0: 4-20-MER-V-1<\/p>\n<span class=\"et_bloom_bottom_trigger\"><\/span>","protected":false},"excerpt":{"rendered":"<p>Le sujet de cet outil d&rsquo;animation est la diff\u00e9rence, th\u00e8me qui sera abord\u00e9 \u00e0 travers diverses th\u00e9matiques par l&rsquo;interm\u00e9diaire de six courts-m\u00e9trage et de l&rsquo;animation accompagnant ceux-ci.<\/p>\n","protected":false},"featured_media":2359,"comment_status":"open","ping_status":"closed","template":"","meta":{"_et_pb_use_builder":"off","_et_pb_old_content":"","_et_gb_content_width":"","spay_email":""},"class_list":["post-46","product","type-product","status-publish","has-post-thumbnail","hentry","product_cat-livres"],"jetpack_sharing_enabled":true,"jetpack_likes_enabled":true,"_links":{"self":[{"href":"https:\/\/www.parthages.be\/eboutique\/wp-json\/wp\/v2\/product\/46","targetHints":{"allow":["GET"]}}],"collection":[{"href":"https:\/\/www.parthages.be\/eboutique\/wp-json\/wp\/v2\/product"}],"about":[{"href":"https:\/\/www.parthages.be\/eboutique\/wp-json\/wp\/v2\/types\/product"}],"replies":[{"embeddable":true,"href":"https:\/\/www.parthages.be\/eboutique\/wp-json\/wp\/v2\/comments?post=46"}],"wp:featuredmedia":[{"embeddable":true,"href":"https:\/\/www.parthages.be\/eboutique\/wp-json\/wp\/v2\/media\/2359"}],"wp:attachment":[{"href":"https:\/\/www.parthages.be\/eboutique\/wp-json\/wp\/v2\/media?parent=46"}],"curies":[{"name":"wp","href":"https:\/\/api.w.org\/{rel}","templated":true}]}}