{"id":460,"date":"2014-07-14T11:46:27","date_gmt":"2014-07-14T09:46:27","guid":{"rendered":"https:\/\/www.parthages.be\/wordpress\/produit\/de-la-ddass-a-l-audace\/"},"modified":"2023-05-09T08:40:07","modified_gmt":"2023-05-09T06:40:07","slug":"de-la-ddass-a-l-audace","status":"publish","type":"product","link":"https:\/\/www.parthages.be\/eboutique\/produit\/de-la-ddass-a-l-audace\/","title":{"rendered":"De la DDASS \u00e0 l&rsquo;audace"},"content":{"rendered":"<p>\u00ab J\u2019ai v\u00e9cu tant de bons instants, quelques mauvais, je peux mourir demain, je n\u2019ai pas envie de mourir demain, ce serait \u00e9go\u00efste de mourir demain, \u00e0 la veille de r\u00e9colter, enfin, les fruits de vingt ans d\u2019ascension. Il ne peut plus rien m\u2019arriver, j\u2019ai confiance en moi, la vie ne m\u2019a pas \u00e9pargn\u00e9, mais j\u2019ai la sant\u00e9, je suis un peu fatigu\u00e9, c\u2019est normal, j\u2019ai d\u00fb aller vite pour arriver, j\u2019ai d\u00fb \u00eatre le premier pour \u00eatre remarqu\u00e9. Mon combat, aujourd\u2019hui, c\u2019est ma famille, je me suis tellement battu pour moi, pendant longtemps, avec cette soif de r\u00e9ussite, de montrer \u00e0 tous que je ne compterai plus jamais ma monnaie pour acheter un paquet de cigarettes, une soif de vengeance. J\u2019ai d\u00e9pass\u00e9 mes ambitions, la vie ne m\u2019a pas laiss\u00e9 de r\u00e9pit, tant mieux, elle a fait de moi ce que je suis, alors oui, je peux mourir demain ! Mais je ne le ferai pas, je n\u2019en ai pas envie car je tiens \u00e0 vous, je veux te voir grandir Tom et t\u2019\u00e9lever avec ta maman, je veux vous voir \u00e9voluer Charlotte, Mathilde, Lucas, j\u2019aimerais qu\u2019on se trouve un jour Vincent, et je souhaite vieillir avec toi Carole. Dans ma voiture, je leur parle comme s\u2019ils \u00e9taient l\u00e0, tous ensemble, assis \u00e0 c\u00f4t\u00e9 de moi et sur la banquette arri\u00e8re. Je suis heureux d\u2019\u00eatre rentr\u00e9 dans le rang, m\u00eame si quelquefois je suis en col\u00e8re, je suis heureux de payer des imp\u00f4ts, d\u2019avoir des cong\u00e9s pay\u00e9s, de partir en vacances. Je suis en bonne sant\u00e9, alors non, je ne veux pas mourir, mais je pourrais\u2026 \u00bb. (Pr\u00e9sentation de l&rsquo;\u00e9diteur)<\/p>\n<p>DELAUNAY F.<\/p>\n<p>Publibook<\/p>\n<p>2011 -168 p.230 gr-<\/p>\n<p>ISBN\u00a0: 978-2-7483-6028-8<\/p>\n<p>COTE DOC: 4-10-DEL-D<\/p>\n<span class=\"et_bloom_bottom_trigger\"><\/span>","protected":false},"excerpt":{"rendered":"<p>J\u2019ai v\u00e9cu tant de bons instants, quelques mauvais, je peux mourir demain, je n\u2019ai pas envie de mourir demain, ce serait \u00e9go\u00efste de mourir demain, \u00e0 la veille de r\u00e9colter, enfin, les fruits de vingt ans d\u2019ascension.<\/p>\n","protected":false},"featured_media":459,"comment_status":"open","ping_status":"closed","template":"","meta":{"_et_pb_use_builder":"","_et_pb_old_content":"","_et_gb_content_width":"","spay_email":""},"class_list":["post-460","product","type-product","status-publish","has-post-thumbnail","hentry","product_cat-livres","product_tag-colere","product_tag-fratrie","product_tag-mort","product_tag-recit-de-vie","product_tag-souffrance","product_tag-travail-du-moi"],"jetpack_sharing_enabled":true,"jetpack_likes_enabled":true,"_links":{"self":[{"href":"https:\/\/www.parthages.be\/eboutique\/wp-json\/wp\/v2\/product\/460","targetHints":{"allow":["GET"]}}],"collection":[{"href":"https:\/\/www.parthages.be\/eboutique\/wp-json\/wp\/v2\/product"}],"about":[{"href":"https:\/\/www.parthages.be\/eboutique\/wp-json\/wp\/v2\/types\/product"}],"replies":[{"embeddable":true,"href":"https:\/\/www.parthages.be\/eboutique\/wp-json\/wp\/v2\/comments?post=460"}],"wp:featuredmedia":[{"embeddable":true,"href":"https:\/\/www.parthages.be\/eboutique\/wp-json\/wp\/v2\/media\/459"}],"wp:attachment":[{"href":"https:\/\/www.parthages.be\/eboutique\/wp-json\/wp\/v2\/media?parent=460"}],"curies":[{"name":"wp","href":"https:\/\/api.w.org\/{rel}","templated":true}]}}