{"id":462,"date":"2014-09-04T10:33:24","date_gmt":"2014-09-04T08:33:24","guid":{"rendered":"https:\/\/www.parthages.be\/wordpress\/produit\/adolescence-et-retard-mental\/"},"modified":"2021-11-16T08:25:58","modified_gmt":"2021-11-16T07:25:58","slug":"adolescence-et-retard-mental","status":"publish","type":"product","link":"https:\/\/www.parthages.be\/eboutique\/produit\/adolescence-et-retard-mental\/","title":{"rendered":"Adolescence et retard mental"},"content":{"rendered":"<p>Comment int\u00e9grer l&rsquo;adolescent pr\u00e9sentant un retard mental au milieu scolaire, social ou professionnel ? Quels sont les d\u00e9fis pour la famille, l&rsquo;\u00e9cole et l&rsquo;accompagnement ? Comment rendre cet adolescent plus autonome ?<\/p>\n<p>L&rsquo;adolescence est une p\u00e9riode cruciale du d\u00e9veloppement. Elle d\u00e9bute \u00e0 la pubert\u00e9 et m\u00e8ne vers la vie adulte. Mais, qu&rsquo;en est-il chez la personne qui pr\u00e9sente un retard mental ?<\/p>\n<p>Il existe de nombreux ouvrages sur l&rsquo;adolescence. Cependant peu d&rsquo;\u00e9crits abordent cette p\u00e9riode du d\u00e9veloppement chez la personne qui pr\u00e9sente un retard mental. Adolescence et retard mental comble ce manque et d\u00e9crit les diff\u00e9rents d\u00e9fis qui y sont associ\u00e9s.<\/p>\n<p>Il traite, notamment, du d\u00e9veloppement psychologique, de l&rsquo;\u00e9ducation, de la scolarisation, de la sant\u00e9, et d\u00e9crit des pratiques qui visent l&rsquo;autod\u00e9termination, l&rsquo;inclusion et la participation sociale, en alliant th\u00e9orie et pratique.<\/p>\n<p>Adolescence et retard mental cible un large public compos\u00e9 de professionnels de l&rsquo;\u00e9ducation, de la sant\u00e9 et des services sociaux, ou d&rsquo;\u00e9tudiants de diverses disciplines telles que les sciences de l&rsquo;\u00e9ducation, les sciences humaines et sociales. Il int\u00e9ressera \u00e9galement les parents soucieux de mieux comprendre cette p\u00e9riode de transition. (Pr\u00e9sentation de l\u2019\u00e9diteur)<\/p>\n<p>HAELEWYCK M.C.- GASCON H.<\/p>\n<p>De Boeck<\/p>\n<p>2010-325p.-46\u20ac<\/p>\n<p>545gr<\/p>\n<p>ISBN\u00a0: 978-2-80416-250-4<\/p>\n<p>Cote doc\u00a0: 4-50-HAE-A<\/p>\n<span class=\"et_bloom_bottom_trigger\"><\/span>","protected":false},"excerpt":{"rendered":"<p><span class=\"liste_ouvrage_libelle\">Comment int\u00e9grer l&rsquo;adolescent pr\u00e9sentant un retard mental au milieu scolaire, social ou professionnel ? Quels sont les d\u00e9fis pour la famille, l&rsquo;\u00e9cole et l&rsquo;accompagnement ? Comment rendre cet adolescent plus autonome ?<\/span><\/p>\n","protected":false},"featured_media":461,"comment_status":"open","ping_status":"closed","template":"","meta":{"_et_pb_use_builder":"","_et_pb_old_content":"","_et_gb_content_width":"","spay_email":""},"class_list":["post-462","product","type-product","status-publish","has-post-thumbnail","hentry","product_cat-livres"],"jetpack_sharing_enabled":true,"jetpack_likes_enabled":true,"_links":{"self":[{"href":"https:\/\/www.parthages.be\/eboutique\/wp-json\/wp\/v2\/product\/462","targetHints":{"allow":["GET"]}}],"collection":[{"href":"https:\/\/www.parthages.be\/eboutique\/wp-json\/wp\/v2\/product"}],"about":[{"href":"https:\/\/www.parthages.be\/eboutique\/wp-json\/wp\/v2\/types\/product"}],"replies":[{"embeddable":true,"href":"https:\/\/www.parthages.be\/eboutique\/wp-json\/wp\/v2\/comments?post=462"}],"wp:featuredmedia":[{"embeddable":true,"href":"https:\/\/www.parthages.be\/eboutique\/wp-json\/wp\/v2\/media\/461"}],"wp:attachment":[{"href":"https:\/\/www.parthages.be\/eboutique\/wp-json\/wp\/v2\/media?parent=462"}],"curies":[{"name":"wp","href":"https:\/\/api.w.org\/{rel}","templated":true}]}}