{"id":464,"date":"2014-09-04T14:25:58","date_gmt":"2014-09-04T12:25:58","guid":{"rendered":"https:\/\/www.parthages.be\/wordpress\/produit\/petit-cahier-d-exercices-de-communication-non-violente\/"},"modified":"2021-08-18T09:43:31","modified_gmt":"2021-08-18T07:43:31","slug":"petit-cahier-d-exercices-de-communication-non-violente","status":"publish","type":"product","link":"https:\/\/www.parthages.be\/eboutique\/produit\/petit-cahier-d-exercices-de-communication-non-violente\/","title":{"rendered":"Petit cahier d&rsquo;exercices de Communication Non Violente"},"content":{"rendered":"<p>Pourrions-nous, dans nos relations, \u00eatre pacifiques sans \u00eatre \u00e9teints, vivants et vrais sans \u00eatre volcaniques, naturels sans \u00eatre impulsifs ?<\/p>\n<p>Existe-t-il une fa\u00e7on de s\u2019affirmer sans \u00e9craser l\u2019autre et d\u2019\u00e9couter l\u2019autre sans se n\u00e9gliger soi-m\u00eame ? Entre s\u2019emballer ou ravaler ses mots, y a-t-il une troisi\u00e8me voie ?<\/p>\n<p>C\u2019est ce que je vous souhaite de d\u00e9couvrir dans ce petit cahier de Communication Non Violente ou CNV.<\/p>\n<p>En empruntant le chemin de communication propos\u00e9 au fil des pages, vous verrez petit \u00e0 petit grandir en vous la clart\u00e9, l\u2019autonomie, l\u2019assertivit\u00e9 (capacit\u00e9 \u00e0 exprimer ce qui compte pour soi en tenant compte de soi et de l\u2019autre), et l\u2019audace d\u2019exprimer des messages difficiles. Vous serez \u00e9galement gagn\u00e9s par une vitalit\u00e9 accrue et une bienveillance croissante pour la condition humaine, la v\u00f4tre incluse !<\/p>\n<p>Gr\u00e2ce aux exercices propos\u00e9s, adoptez un art d\u2019\u00eatre en relation qui encourage la paix, la bienveillance et la coop\u00e9ration !<\/p>\n<p>&nbsp;<\/p>\n<p>Anne VAN STAPPEN<br \/>\nJouvence<br \/>\n2010 &#8211; 64 pages<br \/>\n7,90\u20ac<br \/>\nISBN: 978-2-88911-458-0<br \/>\nCote doc: 3-10-VAN-P2<\/p>\n<span class=\"et_bloom_bottom_trigger\"><\/span>","protected":false},"excerpt":{"rendered":"<p>Pourrions-nous, dans nos relations, \u00eatre pacifiques sans \u00eatre \u00e9teints, vivants et vrais sans \u00eatre volcaniques, naturels sans \u00eatre impulsifs ?<\/p>\n","protected":false},"featured_media":1583,"comment_status":"open","ping_status":"closed","template":"","meta":{"_et_pb_use_builder":"","_et_pb_old_content":"","_et_gb_content_width":"","spay_email":""},"class_list":["post-464","product","type-product","status-publish","has-post-thumbnail","hentry","product_cat-livres","product_tag-bien-etre","product_tag-communication","product_tag-communication-non-violente","product_tag-comportement","product_tag-humanisme","product_tag-positivisme","product_tag-psychologie","product_tag-strategie"],"jetpack_sharing_enabled":true,"jetpack_likes_enabled":true,"_links":{"self":[{"href":"https:\/\/www.parthages.be\/eboutique\/wp-json\/wp\/v2\/product\/464","targetHints":{"allow":["GET"]}}],"collection":[{"href":"https:\/\/www.parthages.be\/eboutique\/wp-json\/wp\/v2\/product"}],"about":[{"href":"https:\/\/www.parthages.be\/eboutique\/wp-json\/wp\/v2\/types\/product"}],"replies":[{"embeddable":true,"href":"https:\/\/www.parthages.be\/eboutique\/wp-json\/wp\/v2\/comments?post=464"}],"wp:featuredmedia":[{"embeddable":true,"href":"https:\/\/www.parthages.be\/eboutique\/wp-json\/wp\/v2\/media\/1583"}],"wp:attachment":[{"href":"https:\/\/www.parthages.be\/eboutique\/wp-json\/wp\/v2\/media?parent=464"}],"curies":[{"name":"wp","href":"https:\/\/api.w.org\/{rel}","templated":true}]}}