{"id":466,"date":"2014-10-06T13:06:54","date_gmt":"2014-10-06T11:06:54","guid":{"rendered":"https:\/\/www.parthages.be\/wordpress\/produit\/penser-l-accompagnement-des-personnes-handicapees\/"},"modified":"2021-09-17T10:28:17","modified_gmt":"2021-09-17T08:28:17","slug":"penser-l-accompagnement-des-personnes-handicapees","status":"publish","type":"product","link":"https:\/\/www.parthages.be\/eboutique\/produit\/penser-l-accompagnement-des-personnes-handicapees\/","title":{"rendered":"Penser l&rsquo;accompagnement des personnes handicap\u00e9es"},"content":{"rendered":"<p>Les professionnels du champ m\u00e9dicosocial, avec et \u00e0 c\u00f4t\u00e9 des parents, n&rsquo;ont pas cess\u00e9 d&rsquo;inventer et d&rsquo;innover pour d\u00e9finir les r\u00e9ponses adapt\u00e9es aux besoins des enfants et des adultes en situation de handicap.<\/p>\n<p>Les auteurs de cet ouvrage, professionnels de direction du secteur, ont souhait\u00e9 explorer et rappeler ce qui reste important au fil du temps dans le m\u00e9tier sp\u00e9cialis\u00e9 de direction d&rsquo;\u00e9tablissement m\u00e9dicosocial tourn\u00e9 vers le handicap. Ils ont aussi voulu exprimer leurs interrogations \u00e9thiques face aux dispositions l\u00e9gislatives r\u00e9centes, identifier un fil conducteur, le sens \u00e0 maintenir dans le fourmillement des changements actuels, et r\u00e9affirmer l&rsquo;importance d&rsquo;une posture humaniste dans l&rsquo;exercice de cette fonction.<\/p>\n<p>Au pr\u00e9alable, des d\u00e9finitions, l&rsquo;infirmit\u00e9 motrice c\u00e9r\u00e9brale (IMC), le polyhandicap donnent un aper\u00e7u de la grande d\u00e9pendance.<\/p>\n<p>La premi\u00e8re partie est consacr\u00e9e \u00e0 l&rsquo;interaction entre pratiques professionnelles et lois dans le secteur m\u00e9dico-social.<\/p>\n<p>La deuxi\u00e8me partie traite de l&rsquo;anticipation dans les r\u00e9ponses \u00e0 des besoins nouveaux.<\/p>\n<p>La troisi\u00e8me partie est consacr\u00e9e aux ressources.<\/p>\n<p>La quatri\u00e8me partie est consacr\u00e9e aux acteurs en pr\u00e9sence et aux conditions du vivre ensemble au c\u0153ur du projet associatif. (Pr\u00e9sentation de l&rsquo;\u00e9diteur)<\/p>\n<p>BATON O.<\/p>\n<p>Chronique Sociale<\/p>\n<p>2014 -208p.295gr-16.90\u20ac<\/p>\n<p>ISBN\u00a0: 978-2-85008-965-7<\/p>\n<p>Cote doc: 5-20-BAT-P<\/p>\n<span class=\"et_bloom_bottom_trigger\"><\/span>","protected":false},"excerpt":{"rendered":"<p>Les professionnels du champ m\u00e9dicosocial, avec et \u00e0 c\u00f4t\u00e9 des parents, n&rsquo;ont pas cess\u00e9 d&rsquo;inventer et d&rsquo;innover pour d\u00e9finir les r\u00e9ponses adapt\u00e9es aux besoins des enfants et des adultes en situation de handicap.<\/p>\n","protected":false},"featured_media":465,"comment_status":"open","ping_status":"closed","template":"","meta":{"_et_pb_use_builder":"","_et_pb_old_content":"","_et_gb_content_width":"","spay_email":""},"class_list":["post-466","product","type-product","status-publish","has-post-thumbnail","hentry","product_cat-livres","product_tag-accompagnement","product_tag-dependance","product_tag-etablissement-pour-personnes-handicapees","product_tag-ethique","product_tag-interaction","product_tag-legislation","product_tag-outil","product_tag-personne-handicapee","product_tag-pratique-medicale","product_tag-relation-famille-soignant"],"jetpack_sharing_enabled":true,"jetpack_likes_enabled":true,"_links":{"self":[{"href":"https:\/\/www.parthages.be\/eboutique\/wp-json\/wp\/v2\/product\/466","targetHints":{"allow":["GET"]}}],"collection":[{"href":"https:\/\/www.parthages.be\/eboutique\/wp-json\/wp\/v2\/product"}],"about":[{"href":"https:\/\/www.parthages.be\/eboutique\/wp-json\/wp\/v2\/types\/product"}],"replies":[{"embeddable":true,"href":"https:\/\/www.parthages.be\/eboutique\/wp-json\/wp\/v2\/comments?post=466"}],"wp:featuredmedia":[{"embeddable":true,"href":"https:\/\/www.parthages.be\/eboutique\/wp-json\/wp\/v2\/media\/465"}],"wp:attachment":[{"href":"https:\/\/www.parthages.be\/eboutique\/wp-json\/wp\/v2\/media?parent=466"}],"curies":[{"name":"wp","href":"https:\/\/api.w.org\/{rel}","templated":true}]}}