{"id":468,"date":"2014-10-06T13:08:43","date_gmt":"2014-10-06T11:08:43","guid":{"rendered":"https:\/\/www.parthages.be\/wordpress\/produit\/sur-les-chemins-de-la-difference\/"},"modified":"2021-09-17T10:20:02","modified_gmt":"2021-09-17T08:20:02","slug":"sur-les-chemins-de-la-difference","status":"publish","type":"product","link":"https:\/\/www.parthages.be\/eboutique\/produit\/sur-les-chemins-de-la-difference\/","title":{"rendered":"Sur les chemins de la diff\u00e9rence"},"content":{"rendered":"<p>La place des personnes handicap\u00e9es est assur\u00e9ment, et heureusement, mieux reconnue aujourd&rsquo;hui dans la soci\u00e9t\u00e9. Des lois et des structures de tout ordre visent \u00e0 \u00e9tablir une plus juste \u00e9galit\u00e9 des droits et une r\u00e9elle int\u00e9gration. Une conscience commune se diffuse ainsi plus largement.<\/p>\n<p>Il reste que doit continuer \u00e0 grandir l&rsquo;attention quotidienne \u00e0 ce que vivent de l&rsquo;int\u00e9rieur\u00a0 et au jour le jour, les personnes d\u00e9ficientes et leurs accompagnants.<\/p>\n<p>De confidences en confidences recueillies avec tendresse, ce livre nous invite \u00e0 faire un bout de chemin avec plusieurs d&rsquo;entre elles. Pages de longue \u00e9coute qui mettent des mots sur les maux multiples et les joie conquises&#8230;<\/p>\n<p>\u00c0 travers ces visages, le bonheur est en chemin et vient \u00e0 notre rencontre. (Pr\u00e9sentation de l&rsquo;\u00e9diteur)<\/p>\n<p>TOUSSAINT M-C.<\/p>\n<p>Editions Don Bosco<\/p>\n<p>2014 -152p.192gr-9,00\u20ac<\/p>\n<p>ISBN\u00a0: 978-2-7468-3127-8<\/p>\n<p>Cote doc: 5-20-TOU-S<\/p>\n<span class=\"et_bloom_bottom_trigger\"><\/span>","protected":false},"excerpt":{"rendered":"<p>La place des personnes handicap\u00e9es est assur\u00e9ment, et heureusement, mieux reconnue aujourd&rsquo;hui dans la soci\u00e9t\u00e9. Des lois et des structures de tout ordre visent \u00e0 \u00e9tablir une plus juste \u00e9galit\u00e9 des droits et une r\u00e9elle int\u00e9gration.<\/p>\n","protected":false},"featured_media":467,"comment_status":"open","ping_status":"closed","template":"","meta":{"_et_pb_use_builder":"","_et_pb_old_content":"","_et_gb_content_width":"","spay_email":""},"class_list":["post-468","product","type-product","status-publish","has-post-thumbnail","hentry","product_cat-livres","product_tag-accompagnement","product_tag-fratrie","product_tag-integration","product_tag-personne-handicapee","product_tag-sexualite","product_tag-spiritualite","product_tag-temoignage"],"jetpack_sharing_enabled":true,"jetpack_likes_enabled":true,"_links":{"self":[{"href":"https:\/\/www.parthages.be\/eboutique\/wp-json\/wp\/v2\/product\/468","targetHints":{"allow":["GET"]}}],"collection":[{"href":"https:\/\/www.parthages.be\/eboutique\/wp-json\/wp\/v2\/product"}],"about":[{"href":"https:\/\/www.parthages.be\/eboutique\/wp-json\/wp\/v2\/types\/product"}],"replies":[{"embeddable":true,"href":"https:\/\/www.parthages.be\/eboutique\/wp-json\/wp\/v2\/comments?post=468"}],"wp:featuredmedia":[{"embeddable":true,"href":"https:\/\/www.parthages.be\/eboutique\/wp-json\/wp\/v2\/media\/467"}],"wp:attachment":[{"href":"https:\/\/www.parthages.be\/eboutique\/wp-json\/wp\/v2\/media?parent=468"}],"curies":[{"name":"wp","href":"https:\/\/api.w.org\/{rel}","templated":true}]}}