{"id":470,"date":"2014-10-06T14:27:19","date_gmt":"2014-10-06T12:27:19","guid":{"rendered":"https:\/\/www.parthages.be\/wordpress\/produit\/je-parle-alzheimer\/"},"modified":"2022-05-16T19:56:45","modified_gmt":"2022-05-16T17:56:45","slug":"je-parle-alzheimer","status":"publish","type":"product","link":"https:\/\/www.parthages.be\/eboutique\/produit\/je-parle-alzheimer\/","title":{"rendered":"Je parle alzheimer"},"content":{"rendered":"<p>Ce livre se focalise sur ce qui d\u00e9route le plus l\u2019entourage : l\u2019impossibilit\u00e9 d\u2019\u00e9tablir une vraie relation et de communiquer<\/p>\n<p>\u00ab normalement \u00bb avec une personne atteinte de la maladie d\u2019Alzheimer. Oui, les personnes d\u00e9sorient\u00e9es souffrent de notre maladresse et de notre ignorance \u00e0 utiliser un mode relationnel qui nous permettrait d\u2019\u00e9tablir une vraie communication avec eux, de les apaiser et de nous apaiser en retour.<\/p>\n<p>L\u2019auteure montre, au travers de sa pratique, que la rencontre se joue \u00e0 un autre niveau, l\u00e0 o\u00f9 les personnes malades\u00a0 deviennent des ma\u00eetres pour nous. Atteindre leur \u00eatre profond, savoir les reconna\u00eetre \u00e0 ce niveau-l\u00e0 et communiquer \u00e0 ce m\u00eame niveau, est une exp\u00e9rience rare qui nous am\u00e8ne \u00e0 d\u00e9couvrir une dimension souvent ignor\u00e9e de nous-m\u00eames, notre propre \u00eatre profond. L\u2019occasion d\u2019\u00e9largir notre palette relationnelle, l\u00e0 o\u00f9 nous \u00e9vitons habituellement de nous aventurer et de nous d\u00e9ployer, c\u2019est ce que peuvent nous apporter les personnes d\u00e9sorient\u00e9es.<\/p>\n<p>Une d\u00e9couverte \u00e9tonnante qui apporte du r\u00e9confort et m\u00eame des moments de bonheur d\u2019une qualit\u00e9 inhabituelle, voire exceptionnelle.. (Pr\u00e9sentation de l&rsquo;\u00e9diteur)<\/p>\n<p>THOMAS J.<\/p>\n<p>Avant-propos<\/p>\n<p>2013-96p.170gr-14,95\u20ac<\/p>\n<p>ISBN\u00a0: 978-2-930627-76-2<\/p>\n<p>Cote doc: 2-30-THO-J<\/p>\n<span class=\"et_bloom_bottom_trigger\"><\/span>","protected":false},"excerpt":{"rendered":"<p>Ce livre se focalise sur ce qui d\u00e9route le plus l\u2019entourage : l\u2019impossibilit\u00e9 d\u2019\u00e9tablir une vraie relation et de communiquer<\/p>\n","protected":false},"featured_media":469,"comment_status":"open","ping_status":"closed","template":"","meta":{"_et_pb_use_builder":"","_et_pb_old_content":"","_et_gb_content_width":"","spay_email":""},"class_list":["post-470","product","type-product","status-publish","has-post-thumbnail","hentry","product_cat-livres"],"jetpack_sharing_enabled":true,"jetpack_likes_enabled":true,"_links":{"self":[{"href":"https:\/\/www.parthages.be\/eboutique\/wp-json\/wp\/v2\/product\/470","targetHints":{"allow":["GET"]}}],"collection":[{"href":"https:\/\/www.parthages.be\/eboutique\/wp-json\/wp\/v2\/product"}],"about":[{"href":"https:\/\/www.parthages.be\/eboutique\/wp-json\/wp\/v2\/types\/product"}],"replies":[{"embeddable":true,"href":"https:\/\/www.parthages.be\/eboutique\/wp-json\/wp\/v2\/comments?post=470"}],"wp:featuredmedia":[{"embeddable":true,"href":"https:\/\/www.parthages.be\/eboutique\/wp-json\/wp\/v2\/media\/469"}],"wp:attachment":[{"href":"https:\/\/www.parthages.be\/eboutique\/wp-json\/wp\/v2\/media?parent=470"}],"curies":[{"name":"wp","href":"https:\/\/api.w.org\/{rel}","templated":true}]}}