{"id":474,"date":"2014-10-14T13:42:09","date_gmt":"2014-10-14T11:42:09","guid":{"rendered":"https:\/\/www.parthages.be\/wordpress\/produit\/enseigner-aux-eleves-ayant-des-besoins-particuliers\/"},"modified":"2021-06-24T07:52:10","modified_gmt":"2021-06-24T05:52:10","slug":"enseigner-aux-eleves-ayant-des-besoins-particuliers","status":"publish","type":"product","link":"https:\/\/www.parthages.be\/eboutique\/produit\/enseigner-aux-eleves-ayant-des-besoins-particuliers\/","title":{"rendered":"Enseigner aux \u00e9l\u00e8ves ayant des besoins particuliers"},"content":{"rendered":"<p>Cet ouvrage bien vulgaris\u00e9 vous explique de fa\u00e7on concise les probl\u00e9matiques actuelles v\u00e9cues par les \u00e9l\u00e8ves du primaire et du secondaire ayant des besoins particuliers.<\/p>\n<p>\u2022 Les \u00e9l\u00e8ves ayant des difficult\u00e9s d\u2019apprentissage;<\/p>\n<p>\u2022 Les \u00e9l\u00e8ves pr\u00e9sentant des probl\u00e8mes de comportement;<\/p>\n<p>\u2022 Les \u00e9l\u00e8ves dou\u00e9s;<\/p>\n<p>\u2022 Les \u00e9l\u00e8ves ayant une d\u00e9ficience intellectuelle;<\/p>\n<p>\u2022 Les \u00e9l\u00e8ves atteints de troubles de sant\u00e9 mentale;<\/p>\n<p>\u2022 Les \u00e9l\u00e8ves pr\u00e9sentant une d\u00e9ficience sensorielle;<\/p>\n<p>\u2022 Les \u00e9l\u00e8ves pr\u00e9sentant un trouble du spectre de l\u2019autisme;<\/p>\n<p>\u2022 Et bien plus encore!<\/p>\n<p>Les sympt\u00f4mes et les caract\u00e9ristiques de chaque cas vous sont expliqu\u00e9s afin de vous aider \u00e0 les reconna\u00eetre et \u00e0 mieux les comprendre. Des conseils pratiques vous permettront d\u2019intervenir efficacement aupr\u00e8s de ces \u00e9l\u00e8ves et d\u2019ajuster votre enseignement de fa\u00e7on r\u00e9aliste selon les besoins de l&rsquo;ensemble de la classe.<\/p>\n<p>Plusieurs outils pratiques, sous forme de fiches reproductibles, vous sont offerts dans l\u2019ouvrage ainsi que sur notre site Web en format modifiable.. (Pr\u00e9sentation de l&rsquo;\u00e9diteur)<\/p>\n<p>DUQUETTE C.<\/p>\n<p>Cheneli\u00e8re Education<\/p>\n<p>2014 -216p.520gr-42\u20ac<\/p>\n<p>ISBN\u00a0: 978-2-7650-4845-9<\/p>\n<p>Cote doc\u00a0: 10-10-DUQ-E<\/p>\n<span class=\"et_bloom_bottom_trigger\"><\/span>","protected":false},"excerpt":{"rendered":"<p>Cet ouvrage bien vulgaris\u00e9 vous explique de fa\u00e7on concise les probl\u00e9matiques actuelles v\u00e9cues par les \u00e9l\u00e8ves du primaire et du secondaire ayant des besoins particuliers.<\/p>\n","protected":false},"featured_media":473,"comment_status":"open","ping_status":"closed","template":"","meta":{"_et_pb_use_builder":"","_et_pb_old_content":"","_et_gb_content_width":"","spay_email":""},"class_list":["post-474","product","type-product","status-publish","has-post-thumbnail","hentry","product_cat-livres","product_tag-accompagnement","product_tag-adolescent-en-difficulte","product_tag-autisme","product_tag-deficience-intellectuelle","product_tag-dyslexie","product_tag-dysorthographie","product_tag-enfant","product_tag-enseignement","product_tag-outil-pedagogique","product_tag-sante-mentale"],"jetpack_sharing_enabled":true,"jetpack_likes_enabled":true,"_links":{"self":[{"href":"https:\/\/www.parthages.be\/eboutique\/wp-json\/wp\/v2\/product\/474","targetHints":{"allow":["GET"]}}],"collection":[{"href":"https:\/\/www.parthages.be\/eboutique\/wp-json\/wp\/v2\/product"}],"about":[{"href":"https:\/\/www.parthages.be\/eboutique\/wp-json\/wp\/v2\/types\/product"}],"replies":[{"embeddable":true,"href":"https:\/\/www.parthages.be\/eboutique\/wp-json\/wp\/v2\/comments?post=474"}],"wp:featuredmedia":[{"embeddable":true,"href":"https:\/\/www.parthages.be\/eboutique\/wp-json\/wp\/v2\/media\/473"}],"wp:attachment":[{"href":"https:\/\/www.parthages.be\/eboutique\/wp-json\/wp\/v2\/media?parent=474"}],"curies":[{"name":"wp","href":"https:\/\/api.w.org\/{rel}","templated":true}]}}