{"id":476,"date":"2014-10-23T13:21:40","date_gmt":"2014-10-23T11:21:40","guid":{"rendered":"https:\/\/www.parthages.be\/wordpress\/produit\/le-traumatisme-psychique-chez-ladulte\/"},"modified":"2023-05-09T08:49:54","modified_gmt":"2023-05-09T06:49:54","slug":"le-traumatisme-psychique-chez-ladulte","status":"publish","type":"product","link":"https:\/\/www.parthages.be\/eboutique\/produit\/le-traumatisme-psychique-chez-ladulte\/","title":{"rendered":"Le traumatisme psychique chez l\u2019adulte"},"content":{"rendered":"<p>Si apr\u00e8s un \u00e9v\u00e9nement potentiellement traumatisant, certaines personnes n\u2019\u00e9prouvent que de d\u00e9plaisantes r\u00e9actions de stress ou ne manifestent qu\u2019un \u00e9ph\u00e9m\u00e8re d\u00e9sordre traumatique, d\u2019autres souffrent quant \u00e0 elles de troubles chroniques sous forme de sympt\u00f4mes sporadiques, r\u00e9currents ou fix\u00e9s en n\u00e9vrose traumatique.<\/p>\n<p>Quels sont les \u00e9v\u00e9nements susceptibles de g\u00e9n\u00e9rer des cons\u00e9quences traumatiques ? Quels sont les param\u00e8tres influen\u00e7ant l\u2019apparition, la fr\u00e9quence et l\u2019intensit\u00e9 des sympt\u00f4mes traumatiques ainsi que leur maintien dans le temps ? Qu\u2019entend-on par r\u00e9silience ? Quels sont r\u00e9actions et le devenir \u00e0 court, moyen et long termes des personnes accident\u00e9es, gri\u00e8vement bless\u00e9es, viol\u00e9es, tortur\u00e9es, agress\u00e9es physiquement ou psychologiquement, malmen\u00e9es par les catastrophes naturelles et les conflits arm\u00e9s, t\u00e9moins d\u2019un incident violent ou d\u2019un d\u00e9c\u00e8s inopin\u00e9 ou confront\u00e9es \u00e0 tout autre \u00e9v\u00e9nement d\u00e9l\u00e9t\u00e8re ?<\/p>\n<p>Pour r\u00e9pondre \u00e0 ces questions, l\u2019auteur explore l\u2019ensemble des connaissances th\u00e9oriques accumul\u00e9es en mati\u00e8re de traumatisme, offrant une synth\u00e8se particuli\u00e8rement exhaustive mais accessible des r\u00e9actions traumatiques chez l\u2019adulte.<\/p>\n<p>Pratique, cet ouvrage \u00e9toffera les connaissances des \u00e9tudiants, psychologues, psychiatres, m\u00e9decins et assistants sociaux concern\u00e9s ou int\u00e9ress\u00e9s par le traumatisme ainsi que tous les professionnels en contact avec des personnes traumatis\u00e9es.(Pr\u00e9sentation de l&rsquo;\u00e9diteur)<\/p>\n<p>JOSSE E.<\/p>\n<p>De Boeck<\/p>\n<p>2014 -304p.477gr-25,00\u20ac<\/p>\n<p>ISBN\u00a0: 978-2-8041-6939-8<\/p>\n<p>Cote doc\u00a0: 3-30-JOS-T<\/p>\n<span class=\"et_bloom_bottom_trigger\"><\/span>","protected":false},"excerpt":{"rendered":"<p>Si apr\u00e8s un \u00e9v\u00e9nement potentiellement traumatisant, certaines personnes n\u2019\u00e9prouvent que de d\u00e9plaisantes r\u00e9actions de stress ou ne manifestent qu\u2019un \u00e9ph\u00e9m\u00e8re d\u00e9sordre traumatique, d\u2019autres souffrent quant \u00e0 elles de troubles chroniques sous forme de sympt\u00f4mes sporadiques, r\u00e9currents ou fix\u00e9s en n\u00e9vrose traumatique.<\/p>\n","protected":false},"featured_media":475,"comment_status":"open","ping_status":"closed","template":"","meta":{"_et_pb_use_builder":"","_et_pb_old_content":"","_et_gb_content_width":"","spay_email":""},"class_list":["post-476","product","type-product","status-publish","has-post-thumbnail","hentry","product_cat-livres"],"jetpack_sharing_enabled":true,"jetpack_likes_enabled":true,"_links":{"self":[{"href":"https:\/\/www.parthages.be\/eboutique\/wp-json\/wp\/v2\/product\/476","targetHints":{"allow":["GET"]}}],"collection":[{"href":"https:\/\/www.parthages.be\/eboutique\/wp-json\/wp\/v2\/product"}],"about":[{"href":"https:\/\/www.parthages.be\/eboutique\/wp-json\/wp\/v2\/types\/product"}],"replies":[{"embeddable":true,"href":"https:\/\/www.parthages.be\/eboutique\/wp-json\/wp\/v2\/comments?post=476"}],"wp:featuredmedia":[{"embeddable":true,"href":"https:\/\/www.parthages.be\/eboutique\/wp-json\/wp\/v2\/media\/475"}],"wp:attachment":[{"href":"https:\/\/www.parthages.be\/eboutique\/wp-json\/wp\/v2\/media?parent=476"}],"curies":[{"name":"wp","href":"https:\/\/api.w.org\/{rel}","templated":true}]}}