{"id":482,"date":"2014-10-23T13:38:12","date_gmt":"2014-10-23T11:38:12","guid":{"rendered":"https:\/\/www.parthages.be\/wordpress\/produit\/corps-infirmes-et-societes\/"},"modified":"2022-07-26T09:01:37","modified_gmt":"2022-07-26T07:01:37","slug":"corps-infirmes-et-societes","status":"publish","type":"product","link":"https:\/\/www.parthages.be\/eboutique\/produit\/corps-infirmes-et-societes\/","title":{"rendered":"Corps infirmes et soci\u00e9t\u00e9s"},"content":{"rendered":"<p>Il n&rsquo;existe pas encore , \u00e0 l&rsquo;heure actuelle, d&rsquo;histoire globale de l&rsquo;infirmit\u00e9 &#8211; de ce que nous appelons pudiquement le handicap -, ni des syst\u00e8mes de pens\u00e9e qui commandent le rapport des soci\u00e9t\u00e9s au corps d\u00e9viant ou diminu\u00e9. Avec Corps infirmes et soci\u00e9t\u00e9s, H.-J. Stiker a voulu combler cette lacune.<\/p>\n<p>En faisant revivre ce que fut le sort, si souvent cruel mais si diff\u00e9renci\u00e9, des difformes, estropi\u00e9s, impotents, l&rsquo;auteur va bien au-del\u00e0 du r\u00e9cit anecdotique. Du mythe d&rsquo;Oedipe relu et r\u00e9interpr\u00e9t\u00e9 jusqu&rsquo;\u00e0 la l\u00e9gislation de 2005, il propose une histoire raisonn\u00e9e, o\u00f9 les p\u00e9riodes historiques sont vues et rassembl\u00e9es gr\u00e2ce \u00e0 des id\u00e9es ma\u00eetresses, \u00e0 des concepts anthropologiques pr\u00e9cis. Dans des contextes diff\u00e9rents, les peurs, les rejets les acceptations ne sont pas identiques. Ainsi, \u00e0 travers l&rsquo;infirmit\u00e9, ce sont les soci\u00e9t\u00e9s qui se d\u00e9voilent, de fa\u00e7on parfois inattendue &#8211; tant le particulier est souvent la meilleure entr\u00e9e dans l&rsquo;ensemble d&rsquo;une culture.<\/p>\n<p>Au fil de cet ouvrage, on pourra parcourir une histoire mal connue, p\u00e9n\u00e9trer au plus profond des attitudes collectives, r\u00e9fl\u00e9chir \u00e0 des fragments de politique, saisir l&rsquo;importance extr\u00eame du culturel, subir un choc devant l&rsquo;ampleur insoup\u00e7onn\u00e9e de la question, comprendre, enfin, qu&rsquo;elle ouvre en fait sur tout le social et permet de d\u00e9couvrir des voies nouvelles pour d&rsquo;autres probl\u00e8mes que celui des personnes handicap\u00e9es. (Pr\u00e9sentation de l&rsquo;auteur)<\/p>\n<p>STIKER H-J..<\/p>\n<p>Dunod<\/p>\n<p>2013 -336p.395gr-16,00\u20ac<\/p>\n<p>ISBN\u00a0: 978-2-10-070091-2<\/p>\n<p>Cote doc: 1-50-STI-C<\/p>\n<span class=\"et_bloom_bottom_trigger\"><\/span>","protected":false},"excerpt":{"rendered":"<p>Il n&rsquo;existe pas encore , \u00e0 l&rsquo;heure actuelle, d&rsquo;histoire globale de l&rsquo;infirmit\u00e9 &#8211; de ce que nous appelons pudiquement le handicap -, ni des syst\u00e8mes de pens\u00e9e qui commandent le rapport des soci\u00e9t\u00e9s au corps d\u00e9viant ou diminu\u00e9. Avec Corps infirmes et soci\u00e9t\u00e9s, H.-J. Stiker a voulu combler cette lacune.<\/p>\n","protected":false},"featured_media":481,"comment_status":"open","ping_status":"closed","template":"","meta":{"_et_pb_use_builder":"","_et_pb_old_content":"","_et_gb_content_width":"","spay_email":""},"class_list":["post-482","product","type-product","status-publish","has-post-thumbnail","hentry","product_cat-livres","product_tag-anthropologie","product_tag-france","product_tag-handicap","product_tag-historique","product_tag-image-du-corps","product_tag-mythe","product_tag-paralysie","product_tag-pensee","product_tag-personne-handicapee","product_tag-representation-du-handicap","product_tag-societe","product_tag-structure"],"jetpack_sharing_enabled":true,"jetpack_likes_enabled":true,"_links":{"self":[{"href":"https:\/\/www.parthages.be\/eboutique\/wp-json\/wp\/v2\/product\/482","targetHints":{"allow":["GET"]}}],"collection":[{"href":"https:\/\/www.parthages.be\/eboutique\/wp-json\/wp\/v2\/product"}],"about":[{"href":"https:\/\/www.parthages.be\/eboutique\/wp-json\/wp\/v2\/types\/product"}],"replies":[{"embeddable":true,"href":"https:\/\/www.parthages.be\/eboutique\/wp-json\/wp\/v2\/comments?post=482"}],"wp:featuredmedia":[{"embeddable":true,"href":"https:\/\/www.parthages.be\/eboutique\/wp-json\/wp\/v2\/media\/481"}],"wp:attachment":[{"href":"https:\/\/www.parthages.be\/eboutique\/wp-json\/wp\/v2\/media?parent=482"}],"curies":[{"name":"wp","href":"https:\/\/api.w.org\/{rel}","templated":true}]}}