{"id":484,"date":"2014-10-23T13:40:19","date_gmt":"2014-10-23T11:40:19","guid":{"rendered":"https:\/\/www.parthages.be\/wordpress\/produit\/voyager-en-pays-autiste\/"},"modified":"2022-06-07T08:26:20","modified_gmt":"2022-06-07T06:26:20","slug":"voyager-en-pays-autiste","status":"publish","type":"product","link":"https:\/\/www.parthages.be\/eboutique\/produit\/voyager-en-pays-autiste\/","title":{"rendered":"Voyager en pays autiste"},"content":{"rendered":"<p>Afin de mieux faire comprendre le fonctionnement des personnes autistes, l\u2019auteur propose une visite guid\u00e9e dans le \u00ab pays autiste \u00bb. Cette m\u00e9taphore permet de rendre accessibles des donn\u00e9es complexes. \u00c0 l\u2019originalit\u00e9 du ton s\u2019ajoutent anecdotes et vignettes cliniques. Les donn\u00e9es actuelles du consensus tel qu\u2019il appara\u00eet dans l\u2019\u00e9tat des connaissances publi\u00e9es par la HAS et les recommandations d\u2019accompagnement de l\u2019ANESM sont ainsi pr\u00e9sent\u00e9es de mani\u00e8re originale, et en dehors des pol\u00e9miques partisanes. Un ouvrage qui s\u00e9duira autant les familles concern\u00e9es que les professionnels. (Pr\u00e9sentation de l&rsquo;auteur)<\/p>\n<p>Dr CONSTANT J.<\/p>\n<p>Dunod<\/p>\n<p>2013 -192p.320gr-14.90\u20ac<\/p>\n<p>ISBN\u00a0: 978-2-10-058492-5<\/p>\n<span class=\"et_bloom_bottom_trigger\"><\/span>","protected":false},"excerpt":{"rendered":"<p>Afin de mieux faire comprendre le fonctionnement des personnes autistes, l\u2019auteur propose une visite guid\u00e9e dans le \u00ab pays autiste \u00bb. Cette m\u00e9taphore permet de rendre accessibles des donn\u00e9es complexes.<\/p>\n","protected":false},"featured_media":483,"comment_status":"open","ping_status":"closed","template":"","meta":{"_et_pb_use_builder":"","_et_pb_old_content":"","_et_gb_content_width":"","spay_email":""},"class_list":["post-484","product","type-product","status-publish","has-post-thumbnail","hentry","product_cat-livres","product_tag-accompagnement","product_tag-autisme","product_tag-evaluation","product_tag-outil","product_tag-psychologie"],"jetpack_sharing_enabled":true,"jetpack_likes_enabled":true,"_links":{"self":[{"href":"https:\/\/www.parthages.be\/eboutique\/wp-json\/wp\/v2\/product\/484","targetHints":{"allow":["GET"]}}],"collection":[{"href":"https:\/\/www.parthages.be\/eboutique\/wp-json\/wp\/v2\/product"}],"about":[{"href":"https:\/\/www.parthages.be\/eboutique\/wp-json\/wp\/v2\/types\/product"}],"replies":[{"embeddable":true,"href":"https:\/\/www.parthages.be\/eboutique\/wp-json\/wp\/v2\/comments?post=484"}],"wp:featuredmedia":[{"embeddable":true,"href":"https:\/\/www.parthages.be\/eboutique\/wp-json\/wp\/v2\/media\/483"}],"wp:attachment":[{"href":"https:\/\/www.parthages.be\/eboutique\/wp-json\/wp\/v2\/media?parent=484"}],"curies":[{"name":"wp","href":"https:\/\/api.w.org\/{rel}","templated":true}]}}