{"id":488,"date":"2014-11-03T14:09:33","date_gmt":"2014-11-03T13:09:33","guid":{"rendered":"https:\/\/www.parthages.be\/wordpress\/produit\/triso-et-alors\/"},"modified":"2022-11-03T04:42:19","modified_gmt":"2022-11-03T03:42:19","slug":"triso-et-alors","status":"publish","type":"product","link":"https:\/\/www.parthages.be\/eboutique\/produit\/triso-et-alors\/","title":{"rendered":"Triso et alors !"},"content":{"rendered":"<p>Pour la trisomie, il faut se battre. On voit les trisomiques comme des ph\u00e9nom\u00e8nes. Ceux qui se moquent de moi, je les ignore. Point. C\u2019est comme \u00e7a que je ressens les choses en tant que triso. Il faut se dire : \u201cJ\u2019ai plus de chromosomes qu\u2019eux \u00bb.<\/p>\n<p>\u00c0 sa naissance, les m\u00e9decins consid\u00e8rent \u00c9l\u00e9nore comme une \u00ab aberration chromosomique \u00bb et incitent ses parents \u00e0 ne pas s\u2019attacher \u00e0 elle. Trisomique, atteinte d\u2019une malformation cardiaque, ils lui laissent peu de chance de survie.<\/p>\n<p>Vingt-huit ans plus tard, \u00c9l\u00e9onore est plus vivante que jamais. D\u00e9sormais adulte et autonome, elle raconte ses ann\u00e9es de combat aupr\u00e8s de ses parents pour rester en milieu ordinaire et son refus d\u2019\u00eatre r\u00e9sum\u00e9e \u00e0 sa maladie. Avec humour, elle nous fait partager son quotidien, entre son deux pi\u00e8ces, son \u00ab boulot \u00bb, ses amours tumultueuses et sa passion pour la pop rock.<\/p>\n<p>Changer la perception de la trisomie 21, c\u2019est ce qu\u2019\u00c9l\u00e9onore s\u2019\u00e9vertue d\u00e9sormais \u00e0 faire.<\/p>\n<p>\u00c9l\u00e9onore Laloux travaille \u00e0 l\u2019h\u00f4pital priv\u00e9 d\u2019Arras. Elle est le porte-parole du collectif les Amis d\u2019\u00c9l\u00e9onore qui lutte contre la stigmatisation de la trisomie 21. (Pr\u00e9sentation de l&rsquo;\u00e9diteur)<\/p>\n<p>LALOUX E.<\/p>\n<p>Max Milo<\/p>\n<p>2014 -192 p.248 gr-16\u20ac<\/p>\n<p>ISBN\u00a0: 978-2-31500-500-0<\/p>\n<p>Cote doc\u00a0: 9-20-LAL-T<\/p>\n<span class=\"et_bloom_bottom_trigger\"><\/span>","protected":false},"excerpt":{"rendered":"<p>Pour la trisomie, il faut se battre. On voit les trisomiques comme des ph\u00e9nom\u00e8nes. Ceux qui se moquent de moi, je les ignore. Point. C\u2019est comme \u00e7a que je ressens les choses en tant que triso. Il faut se dire : \u201cJ\u2019ai plus de chromosomes qu\u2019eux \u00bb.<\/p>\n","protected":false},"featured_media":487,"comment_status":"open","ping_status":"closed","template":"","meta":{"_et_pb_use_builder":"","_et_pb_old_content":"","_et_gb_content_width":"","spay_email":""},"class_list":["post-488","product","type-product","status-publish","has-post-thumbnail","hentry","product_cat-livres","product_tag-autonomie","product_tag-image-de-soi","product_tag-recit-de-vie","product_tag-stigmatisation","product_tag-trisomie-21"],"jetpack_sharing_enabled":true,"jetpack_likes_enabled":true,"_links":{"self":[{"href":"https:\/\/www.parthages.be\/eboutique\/wp-json\/wp\/v2\/product\/488","targetHints":{"allow":["GET"]}}],"collection":[{"href":"https:\/\/www.parthages.be\/eboutique\/wp-json\/wp\/v2\/product"}],"about":[{"href":"https:\/\/www.parthages.be\/eboutique\/wp-json\/wp\/v2\/types\/product"}],"replies":[{"embeddable":true,"href":"https:\/\/www.parthages.be\/eboutique\/wp-json\/wp\/v2\/comments?post=488"}],"wp:featuredmedia":[{"embeddable":true,"href":"https:\/\/www.parthages.be\/eboutique\/wp-json\/wp\/v2\/media\/487"}],"wp:attachment":[{"href":"https:\/\/www.parthages.be\/eboutique\/wp-json\/wp\/v2\/media?parent=488"}],"curies":[{"name":"wp","href":"https:\/\/api.w.org\/{rel}","templated":true}]}}