{"id":494,"date":"2014-12-04T13:19:48","date_gmt":"2014-12-04T12:19:48","guid":{"rendered":"https:\/\/www.parthages.be\/wordpress\/produit\/sexualite-et-handicap-entre-tout-et-rien-2\/"},"modified":"2022-02-22T08:04:01","modified_gmt":"2022-02-22T07:04:01","slug":"sexualite-et-handicap-entre-tout-et-rien-2","status":"publish","type":"product","link":"https:\/\/www.parthages.be\/eboutique\/produit\/sexualite-et-handicap-entre-tout-et-rien-2\/","title":{"rendered":"Sexualit\u00e9 et handicaps: entre tout et rien"},"content":{"rendered":"<p>Notre soci\u00e9t\u00e9 exige la perfection et l&rsquo;excellence dans de nombreux domaines, y compris celui de la sexualit\u00e9. Dans ce contexte, la question des besoins affectifs et sexuels des personnes en situation de handicap(s) s&rsquo;est centr\u00e9e toujours davantage sur les besoins individuels de mieux-\u00eatre, et de plaisir au sens large du terme : la sexualit\u00e9 est un langage du corps, du coeur et de l&rsquo;esprit. Pouvoir la vivre collabore \u00e0 une meilleure affirmation de soi, aide \u00e0 \u00eatre moins seul(e) et \u00e0 se d\u00e9velopper comme homme\/femme en d\u00e9pit du handicap. Mais lorsqu&rsquo;on vit avec un handicap, l&rsquo;\u00e9cart entre l&rsquo;exigence sociale et la r\u00e9alit\u00e9 de chacun(e) peut \u00eatre tr\u00e8s grand.<\/p>\n<p>\u00c9maill\u00e9 de t\u00e9moignages et d&rsquo;exemples, un \u00e9tat des lieux de la question de la sexualit\u00e9 pour les personnes en situation de handicap. L&rsquo;\u00e9tude montre notamment que la satisfaction des besoins affectifs et sexuels contribue \u00e0 une meilleure affirmation de soi et permet \u00e0 ceux qui vivent avec un handicap de lutter contre les pulsions de mort, de se d\u00e9velopper et de communiquer. (Pr\u00e9sentation de l&rsquo;\u00e9diteur)<\/p>\n<p>AGTHE-DISERENS C.<\/p>\n<p>Editions Saint-Augustin<\/p>\n<p>2013 -225p.227gr<\/p>\n<p>ISBN\u00a0: 978-2-940461-75-2<\/p>\n<p><strong><em>Uniquement \u00e0 la location<\/em><\/strong><\/p>\n<p>Cote doc\u00a0: 4-20-DIS-S<\/p>\n<span class=\"et_bloom_bottom_trigger\"><\/span>","protected":false},"excerpt":{"rendered":"<p>Notre soci\u00e9t\u00e9 exige la perfection et l&rsquo;excellence dans de nombreux domaines, y compris celui de la sexualit\u00e9.<\/p>\n","protected":false},"featured_media":493,"comment_status":"open","ping_status":"closed","template":"","meta":{"_et_pb_use_builder":"","_et_pb_old_content":"","_et_gb_content_width":"","spay_email":""},"class_list":["post-494","product","type-product","status-publish","has-post-thumbnail","hentry","product_cat-livres"],"jetpack_sharing_enabled":true,"jetpack_likes_enabled":true,"_links":{"self":[{"href":"https:\/\/www.parthages.be\/eboutique\/wp-json\/wp\/v2\/product\/494","targetHints":{"allow":["GET"]}}],"collection":[{"href":"https:\/\/www.parthages.be\/eboutique\/wp-json\/wp\/v2\/product"}],"about":[{"href":"https:\/\/www.parthages.be\/eboutique\/wp-json\/wp\/v2\/types\/product"}],"replies":[{"embeddable":true,"href":"https:\/\/www.parthages.be\/eboutique\/wp-json\/wp\/v2\/comments?post=494"}],"wp:featuredmedia":[{"embeddable":true,"href":"https:\/\/www.parthages.be\/eboutique\/wp-json\/wp\/v2\/media\/493"}],"wp:attachment":[{"href":"https:\/\/www.parthages.be\/eboutique\/wp-json\/wp\/v2\/media?parent=494"}],"curies":[{"name":"wp","href":"https:\/\/api.w.org\/{rel}","templated":true}]}}