{"id":498,"date":"2014-12-04T13:23:28","date_gmt":"2014-12-04T12:23:28","guid":{"rendered":"https:\/\/www.parthages.be\/wordpress\/produit\/corps-a-coeur-intimite-amour-sexualite-et-handicap\/"},"modified":"2022-01-18T14:56:02","modified_gmt":"2022-01-18T13:56:02","slug":"corps-a-coeur-intimite-amour-sexualite-et-handicap","status":"publish","type":"product","link":"https:\/\/www.parthages.be\/eboutique\/produit\/corps-a-coeur-intimite-amour-sexualite-et-handicap\/","title":{"rendered":"Corps \u00e0 coeur: intimit\u00e9 amour sexualit\u00e9 et handicap"},"content":{"rendered":"<p>Si aujourd\u2019hui la soci\u00e9t\u00e9 reconna\u00eet certains droits aux personnes en situation de handicap, bien des aspirations essentielles restent en souffrance. Ainsi en est-il\u00a0 de leur droit \u00e0 l\u2019intimit\u00e9 et de leur acc\u00e8s \u00e0 une vie amoureuse et sexuelle d\u00e8s lors que le libre usage de soi est entrav\u00e9.<\/p>\n<p>Au-del\u00e0 des prises de positions politiques ou id\u00e9ologiques, loin des pol\u00e9miques focalis\u00e9es sur l\u2019assistance sexuelle, cet ouvrage donne la parole aux personnes concern\u00e9es et, plus pr\u00e9cis\u00e9ment \u00e0 celles qui, contraintes par leur d\u00e9ficience, vivent en milieu institutionnel. Elles seules, expertes au premier chef de leurs situations singuli\u00e8res, sont en mesure de dire ce qu\u2019elles vivent et ressentent, ce \u00e0 quoi elles aspirent et ce qu\u2019elles refusent, ce qui les limite et ce qui peut constituer pour elles des ressources.<\/p>\n<p>En \u00e9cho \u00e0 ces t\u00e9moignages, des sociologues, anthropologues, philosophes, sexologues, th\u00e9ologiens et des professionnels engag\u00e9s dans leur accompagnement \u00e9clairent les d\u00e9terminants culturels, sociaux et situationnels qui, sous couvert de leur d\u00e9pendance, invalident leur autonomie. Leurs r\u00e9flexions ouvrent des pistes de compr\u00e9hension et d\u2019action pour que leurs constants efforts pour exister en dignit\u00e9 ne restent pas lettre morte. Pr\u00e9sentation de l&rsquo;\u00e9diteur)<\/p>\n<p>JEANNE Y.<\/p>\n<p>Editions Er\u00e8s<\/p>\n<p>2014 -150p.194gr-21\u20ac<\/p>\n<p>ISBN\u00a0: 978-2-7492-4252-1<\/p>\n<p>Cote doc:\u00a04-20-JEA-C<\/p>\n<span class=\"et_bloom_bottom_trigger\"><\/span>","protected":false},"excerpt":{"rendered":"<p>Si aujourd\u2019hui la soci\u00e9t\u00e9 reconna\u00eet certains droits aux personnes en situation de handicap, bien des aspirations essentielles restent en souffrance.<\/p>\n","protected":false},"featured_media":2289,"comment_status":"open","ping_status":"closed","template":"","meta":{"_et_pb_use_builder":"","_et_pb_old_content":"","_et_gb_content_width":"","spay_email":""},"class_list":["post-498","product","type-product","status-publish","has-post-thumbnail","hentry","product_cat-livres","product_tag-anthropologie","product_tag-autonomie","product_tag-contrainte","product_tag-dependance","product_tag-dignite","product_tag-droit-a-lintimite","product_tag-droits-de-la-personne-handicapee","product_tag-personne-handicapee","product_tag-philosophie","product_tag-sexualite","product_tag-sociologie","product_tag-vie-affective"],"jetpack_sharing_enabled":true,"jetpack_likes_enabled":true,"_links":{"self":[{"href":"https:\/\/www.parthages.be\/eboutique\/wp-json\/wp\/v2\/product\/498","targetHints":{"allow":["GET"]}}],"collection":[{"href":"https:\/\/www.parthages.be\/eboutique\/wp-json\/wp\/v2\/product"}],"about":[{"href":"https:\/\/www.parthages.be\/eboutique\/wp-json\/wp\/v2\/types\/product"}],"replies":[{"embeddable":true,"href":"https:\/\/www.parthages.be\/eboutique\/wp-json\/wp\/v2\/comments?post=498"}],"wp:featuredmedia":[{"embeddable":true,"href":"https:\/\/www.parthages.be\/eboutique\/wp-json\/wp\/v2\/media\/2289"}],"wp:attachment":[{"href":"https:\/\/www.parthages.be\/eboutique\/wp-json\/wp\/v2\/media?parent=498"}],"curies":[{"name":"wp","href":"https:\/\/api.w.org\/{rel}","templated":true}]}}