{"id":50,"date":"2012-09-24T11:37:53","date_gmt":"2012-09-24T09:37:53","guid":{"rendered":"https:\/\/www.parthages.be\/wordpress\/produit\/guide-pratique-de-recherche-de-fonds-et-de-recrutement-de-membres-et-benevoles\/"},"modified":"2021-08-09T10:28:31","modified_gmt":"2021-08-09T08:28:31","slug":"guide-pratique-de-recherche-de-fonds-et-de-recrutement-de-membres-et-benevoles","status":"publish","type":"product","link":"https:\/\/www.parthages.be\/eboutique\/produit\/guide-pratique-de-recherche-de-fonds-et-de-recrutement-de-membres-et-benevoles\/","title":{"rendered":"Guide pratique de recherche de fonds et de recrutement de membres et b\u00e9n\u00e9voles"},"content":{"rendered":"<p>Le premier objectif de toute association est de survivre. Quels que soient ses id\u00e9aux et ses projets, ses premiers besoins sont financiers. Il faut r\u00e9colter des dons, convaincre des bailleurs de fonds, recruter des membres et des b\u00e9n\u00e9voles.<\/p>\n<p>Rien de ceci ne s\u2019improvise.<\/p>\n<p>Au travers de consultance et de s\u00e9minaires, ce sont plus de 500 associations, centres, institutions et ONG que l\u2019auteur a soutenus dans leurs d\u00e9marches quotidiennes.<\/p>\n<p>A l\u2019aide de multiples fiches pratiques, l\u2019auteur aborde la recherche de fonds sans d\u00e9tour : la recherche de fonds peut-elle \u00eatre sociale ? Comment adapter sa recherche de fonds aux diff\u00e9rents types de donateurs ? Quelles opportunit\u00e9s proposent le WEB et la t\u00e9l\u00e9phonie ? Quelles astuces permettent de recruter des membres ou des b\u00e9n\u00e9voles ? Comment p\u00e9renniser un donateur occasionnel ? Que vendre ? Que louer ? Comment parler de ses besoins financiers ? Comment r\u00e9ussir une demande de subsides, organiser une qu\u00eate ou solliciter un soutien logistique ?<\/p>\n<p>Autant de questions qui sont abord\u00e9es dans ces chapitres clairs et efficaces. (Pr\u00e9sentation de l\u2019\u00e9diteur)<\/p>\n<p>MEULEMAN F.<\/p>\n<p>Edipro<\/p>\n<p>2010-240p.38\u20ac<\/p>\n<p>315gr<\/p>\n<p>ISBN\u00a0: 978-2-87496-087-1<\/p>\n<p>Cote doc\u00a0: 8-10-MEU-G<\/p>\n<span class=\"et_bloom_bottom_trigger\"><\/span>","protected":false},"excerpt":{"rendered":"<p>Le premier objectif de toute association est de survivre. Quels que soient ses id\u00e9aux et ses projets, ses premiers besoins sont financiers. Il faut r\u00e9colter des dons, convaincre des bailleurs de fonds, recruter des membres et des b\u00e9n\u00e9voles.<\/p>\n","protected":false},"featured_media":1520,"comment_status":"open","ping_status":"closed","template":"","meta":{"_et_pb_use_builder":"","_et_pb_old_content":"","_et_gb_content_width":"","spay_email":""},"class_list":["post-50","product","type-product","status-publish","has-post-thumbnail","hentry","product_cat-livres","product_tag-analyse-de-situation","product_tag-economie-sociale","product_tag-fonctionnement","product_tag-gestion","product_tag-outil","product_tag-secteur-non-marchand","product_tag-technique-daide"],"jetpack_sharing_enabled":true,"jetpack_likes_enabled":true,"_links":{"self":[{"href":"https:\/\/www.parthages.be\/eboutique\/wp-json\/wp\/v2\/product\/50","targetHints":{"allow":["GET"]}}],"collection":[{"href":"https:\/\/www.parthages.be\/eboutique\/wp-json\/wp\/v2\/product"}],"about":[{"href":"https:\/\/www.parthages.be\/eboutique\/wp-json\/wp\/v2\/types\/product"}],"replies":[{"embeddable":true,"href":"https:\/\/www.parthages.be\/eboutique\/wp-json\/wp\/v2\/comments?post=50"}],"wp:featuredmedia":[{"embeddable":true,"href":"https:\/\/www.parthages.be\/eboutique\/wp-json\/wp\/v2\/media\/1520"}],"wp:attachment":[{"href":"https:\/\/www.parthages.be\/eboutique\/wp-json\/wp\/v2\/media?parent=50"}],"curies":[{"name":"wp","href":"https:\/\/api.w.org\/{rel}","templated":true}]}}