{"id":500,"date":"2014-12-08T14:29:04","date_gmt":"2014-12-08T13:29:04","guid":{"rendered":"https:\/\/www.parthages.be\/wordpress\/produit\/laisse-moi-t-expliquer-la-dyslexie\/"},"modified":"2022-02-18T10:40:57","modified_gmt":"2022-02-18T09:40:57","slug":"laisse-moi-t-expliquer-la-dyslexie","status":"publish","type":"product","link":"https:\/\/www.parthages.be\/eboutique\/produit\/laisse-moi-t-expliquer-la-dyslexie\/","title":{"rendered":"Laisse-moi t&rsquo;expliquer&#8230; la Dyslexie"},"content":{"rendered":"<p>Un peu \u00e0 la mani\u00e8re d\u2019un collage r\u00e9alis\u00e9 par un enfant, \u00ab Laisse-moi t\u2019expliquer\u2026 la dyslexie \u00bb pr\u00e9sente l\u2019histoire d\u2019un gar\u00e7on dyslexique qui raconte, dans ses mots et \u00e0 l\u2019aide d\u2019images amusantes, comment il vit avec cette r\u00e9alit\u00e9. Agr\u00e9ment\u00e9 de plusieurs trucs et conseils avis\u00e9s, ce livre est con\u00e7u express\u00e9ment pour plaire aux enfants et pour les aider \u00e0 mieux vivre ou mieux comprendre la dyslexie.(Pr\u00e9sentation de l&rsquo;\u00e9diteur)<\/p>\n<p>TREMBLAY M.<\/p>\n<p>MIDI TRENTE<\/p>\n<p>2011 -40p.129gr-19\u20ac<\/p>\n<p>ISBN\u00a0: 978-2-923827-10-0<\/p>\n<p>Cote doc: 11-TER-L<\/p>\n<span class=\"et_bloom_bottom_trigger\"><\/span>","protected":false},"excerpt":{"rendered":"<p>Un peu \u00e0 la mani\u00e8re d\u2019un collage r\u00e9alis\u00e9 par un enfant, \u00ab Laisse-moi t\u2019expliquer\u2026 la dyslexie \u00bb pr\u00e9sente l\u2019histoire d\u2019un gar\u00e7on dyslexique qui raconte, dans ses mots et \u00e0 l\u2019aide d\u2019images amusantes, comment il vit avec cette r\u00e9alit\u00e9.<\/p>\n","protected":false},"featured_media":499,"comment_status":"open","ping_status":"closed","template":"","meta":{"_et_pb_use_builder":"","_et_pb_old_content":"","_et_gb_content_width":"","spay_email":""},"class_list":["post-500","product","type-product","status-publish","has-post-thumbnail","hentry","product_cat-livres","product_cat-livres-jeunesse"],"jetpack_sharing_enabled":true,"jetpack_likes_enabled":true,"_links":{"self":[{"href":"https:\/\/www.parthages.be\/eboutique\/wp-json\/wp\/v2\/product\/500","targetHints":{"allow":["GET"]}}],"collection":[{"href":"https:\/\/www.parthages.be\/eboutique\/wp-json\/wp\/v2\/product"}],"about":[{"href":"https:\/\/www.parthages.be\/eboutique\/wp-json\/wp\/v2\/types\/product"}],"replies":[{"embeddable":true,"href":"https:\/\/www.parthages.be\/eboutique\/wp-json\/wp\/v2\/comments?post=500"}],"wp:featuredmedia":[{"embeddable":true,"href":"https:\/\/www.parthages.be\/eboutique\/wp-json\/wp\/v2\/media\/499"}],"wp:attachment":[{"href":"https:\/\/www.parthages.be\/eboutique\/wp-json\/wp\/v2\/media?parent=500"}],"curies":[{"name":"wp","href":"https:\/\/api.w.org\/{rel}","templated":true}]}}