{"id":502,"date":"2014-12-08T14:30:28","date_gmt":"2014-12-08T13:30:28","guid":{"rendered":"https:\/\/www.parthages.be\/wordpress\/produit\/reperes-deontologiques-pour-les-acteurs-sociaux\/"},"modified":"2021-09-06T16:34:17","modified_gmt":"2021-09-06T14:34:17","slug":"reperes-deontologiques-pour-les-acteurs-sociaux","status":"publish","type":"product","link":"https:\/\/www.parthages.be\/eboutique\/produit\/reperes-deontologiques-pour-les-acteurs-sociaux\/","title":{"rendered":"Rep\u00e8res d\u00e9ontologiques pour les acteurs sociaux"},"content":{"rendered":"<p>Devenu une r\u00e9f\u00e9rence dans les secteurs de l\u2019action sociale, m\u00e9dico-sociale, de la sant\u00e9 et de l\u2019\u00e9ducation, cet ouvrage est un outil de r\u00e9flexion et d\u2019action pour tous les professionnels. Il pr\u00e9sente et met en perspective les questions relevant de l\u2019\u00e9thique au quotidien soumises au comit\u00e9 national des avis d\u00e9ontologiques (CNAD) par les acteurs sociaux : \u00e9ducateurs, assistants de service social, enseignants, m\u00e9decins, etc., qu\u2019ils soient salari\u00e9s, cadres ou non-cadres, exer\u00e7ant dans des institutions loi 1901, des services publics ou des entreprises priv\u00e9es.<\/p>\n<p>Dans cette troisi\u00e8me \u00e9dition, de nouveaux th\u00e8mes \u00e9mergent (la\u00efcit\u00e9, l\u00e9gitimit\u00e9, informatique, approche gestionnaire&#8230;). Les auteurs interrogent autrement les pratiques sociales et t\u00e9moignent d\u2019une posture respectueuse des droits de chacun et de la dignit\u00e9 de tous, enfants, adultes ou personnes \u00e2g\u00e9es et professionnels. Ils contribuent au d\u00e9veloppement de la pens\u00e9e dans le champ de l\u2019\u00e9thique du social en permettant au lecteur de s\u2019approprier une d\u00e9marche \u00e9prouv\u00e9e et de se forger ainsi ses propres rep\u00e8res d\u00e9ontologiques. (Pr\u00e9sentation de l&rsquo;\u00e9diteur)<\/p>\n<p>BONJOUR\u00a0 P- CORVAZIER F.<\/p>\n<p>Editions Er\u00e8s<\/p>\n<p>2014 -218p.363gr-25\u20ac<\/p>\n<p>ISBN\u00a0: 978-2-7492-4284-2<\/p>\n<p>Cote doc\u00a0: 7-10-BON-R<\/p>\n<span class=\"et_bloom_bottom_trigger\"><\/span>","protected":false},"excerpt":{"rendered":"<p>Devenu une r\u00e9f\u00e9rence dans les secteurs de l\u2019action sociale, m\u00e9dico-sociale, de la sant\u00e9 et de l\u2019\u00e9ducation, cet ouvrage est un outil de r\u00e9flexion et d\u2019action pour tous les professionnels.<\/p>\n","protected":false},"featured_media":501,"comment_status":"open","ping_status":"closed","template":"","meta":{"_et_pb_use_builder":"","_et_pb_old_content":"","_et_gb_content_width":"","spay_email":""},"class_list":["post-502","product","type-product","status-publish","has-post-thumbnail","hentry","product_cat-livres"],"jetpack_sharing_enabled":true,"jetpack_likes_enabled":true,"_links":{"self":[{"href":"https:\/\/www.parthages.be\/eboutique\/wp-json\/wp\/v2\/product\/502","targetHints":{"allow":["GET"]}}],"collection":[{"href":"https:\/\/www.parthages.be\/eboutique\/wp-json\/wp\/v2\/product"}],"about":[{"href":"https:\/\/www.parthages.be\/eboutique\/wp-json\/wp\/v2\/types\/product"}],"replies":[{"embeddable":true,"href":"https:\/\/www.parthages.be\/eboutique\/wp-json\/wp\/v2\/comments?post=502"}],"wp:featuredmedia":[{"embeddable":true,"href":"https:\/\/www.parthages.be\/eboutique\/wp-json\/wp\/v2\/media\/501"}],"wp:attachment":[{"href":"https:\/\/www.parthages.be\/eboutique\/wp-json\/wp\/v2\/media?parent=502"}],"curies":[{"name":"wp","href":"https:\/\/api.w.org\/{rel}","templated":true}]}}