{"id":504,"date":"2014-12-08T14:32:05","date_gmt":"2014-12-08T13:32:05","guid":{"rendered":"https:\/\/www.parthages.be\/wordpress\/produit\/le-labyrinthe-educatif\/"},"modified":"2021-09-03T10:13:48","modified_gmt":"2021-09-03T08:13:48","slug":"le-labyrinthe-educatif","status":"publish","type":"product","link":"https:\/\/www.parthages.be\/eboutique\/produit\/le-labyrinthe-educatif\/","title":{"rendered":"Le labyrinthe \u00e9ducatif"},"content":{"rendered":"<p>Cet ouvrage pr\u00e9sente une r\u00e9flexion approfondie, renouvel\u00e9e, parfois audacieuse, sur l\u2019acte \u00e9ducatif confront\u00e9 au r\u00e9el du handicap. Les textes de l\u2019auteur rassembl\u00e9s ici sont issus pour la plupart de conf\u00e9rences donn\u00e9es pour un public vari\u00e9, souvent en d\u00e9calage avec une litt\u00e9rature de formation actuelle tr\u00e8s envahie de normes. L\u2019auteur approfondit pas \u00e0 pas les situations les plus ordinaires sous un jour nouveau : care, bientraitance, \u00e9thique, valeur, engagement\u2026<\/p>\n<p>Ne craignant pas de d\u00e9noncer un sociologisme primaire et inop\u00e9rant et, se faisant, d\u2019\u00e9laborer des outils th\u00e9oriques appropri\u00e9s, ce livre s\u2019attache \u00e0 comprendre et d\u00e9finir de l\u2019int\u00e9rieur ce qui est vraiment en jeu dans l\u2019\u00e9ducation sp\u00e9cialis\u00e9e et les m\u00e9tiers du social qui lui sont proches.<\/p>\n<p>(Pr\u00e9sentation de l&rsquo;\u00e9diteur)<\/p>\n<p>GOMEZ J-F.<\/p>\n<p>PUG<\/p>\n<p>2014 -244p.342gr-19\u20ac<\/p>\n<p>ISBN\u00a0: 978-2-7061-2134-0<\/p>\n<p>Cote doc\u00a0: 7-10-GOM-L<\/p>\n<span class=\"et_bloom_bottom_trigger\"><\/span>","protected":false},"excerpt":{"rendered":"<p>Cet ouvrage pr\u00e9sente une r\u00e9flexion approfondie, renouvel\u00e9e, parfois audacieuse, sur l\u2019acte \u00e9ducatif confront\u00e9 au r\u00e9el du handicap.<\/p>\n","protected":false},"featured_media":1695,"comment_status":"open","ping_status":"closed","template":"","meta":{"_et_pb_use_builder":"","_et_pb_old_content":"","_et_gb_content_width":"","spay_email":""},"class_list":["post-504","product","type-product","status-publish","has-post-thumbnail","hentry","product_cat-livres"],"jetpack_sharing_enabled":true,"jetpack_likes_enabled":true,"_links":{"self":[{"href":"https:\/\/www.parthages.be\/eboutique\/wp-json\/wp\/v2\/product\/504","targetHints":{"allow":["GET"]}}],"collection":[{"href":"https:\/\/www.parthages.be\/eboutique\/wp-json\/wp\/v2\/product"}],"about":[{"href":"https:\/\/www.parthages.be\/eboutique\/wp-json\/wp\/v2\/types\/product"}],"replies":[{"embeddable":true,"href":"https:\/\/www.parthages.be\/eboutique\/wp-json\/wp\/v2\/comments?post=504"}],"wp:featuredmedia":[{"embeddable":true,"href":"https:\/\/www.parthages.be\/eboutique\/wp-json\/wp\/v2\/media\/1695"}],"wp:attachment":[{"href":"https:\/\/www.parthages.be\/eboutique\/wp-json\/wp\/v2\/media?parent=504"}],"curies":[{"name":"wp","href":"https:\/\/api.w.org\/{rel}","templated":true}]}}