{"id":510,"date":"2015-02-11T11:24:58","date_gmt":"2015-02-11T10:24:58","guid":{"rendered":"https:\/\/www.parthages.be\/wordpress\/produit\/la-memoire-aux-oiseaux\/"},"modified":"2022-03-23T17:50:20","modified_gmt":"2022-03-23T16:50:20","slug":"la-memoire-aux-oiseaux","status":"publish","type":"product","link":"https:\/\/www.parthages.be\/eboutique\/produit\/la-memoire-aux-oiseaux\/","title":{"rendered":"La m\u00e9moire aux oiseaux"},"content":{"rendered":"<p>La m\u00e9moire de ma grand-m\u00e8re s&rsquo;envole. Loin, tr\u00e8s loin.<\/p>\n<p>Je ne peux pas la rattraper alors, \u00e0 la place, je lui fais plein de c\u00e2lins et de bisous, de ceux qui d\u00e9vorent tous les soucis&#8230;<\/p>\n<p>(pr\u00e9sentation de l&rsquo;\u00e9diteur)<\/p>\n<p>CHABBERT I.<\/p>\n<p>Des ronds dans l\u2019O<\/p>\n<p>2012 -24p.256gr-12.50\u20ac<\/p>\n<p>ISBN\u00a0: 978-2-917237-40-3<\/p>\n<p>Cote doc\u00a0: 11-CHA-M<\/p>\n<span class=\"et_bloom_bottom_trigger\"><\/span>","protected":false},"excerpt":{"rendered":"<p>La m\u00e9moire de ma grand-m\u00e8re s&rsquo;envole. Loin, tr\u00e8s loin.<\/p>\n","protected":false},"featured_media":509,"comment_status":"open","ping_status":"closed","template":"","meta":{"_et_pb_use_builder":"","_et_pb_old_content":"","_et_gb_content_width":"","spay_email":""},"class_list":["post-510","product","type-product","status-publish","has-post-thumbnail","hentry","product_cat-livres","product_cat-livres-jeunesse","product_tag-alzheimer","product_tag-maladie","product_tag-relation-grand-parent-enfant"],"jetpack_sharing_enabled":true,"jetpack_likes_enabled":true,"_links":{"self":[{"href":"https:\/\/www.parthages.be\/eboutique\/wp-json\/wp\/v2\/product\/510","targetHints":{"allow":["GET"]}}],"collection":[{"href":"https:\/\/www.parthages.be\/eboutique\/wp-json\/wp\/v2\/product"}],"about":[{"href":"https:\/\/www.parthages.be\/eboutique\/wp-json\/wp\/v2\/types\/product"}],"replies":[{"embeddable":true,"href":"https:\/\/www.parthages.be\/eboutique\/wp-json\/wp\/v2\/comments?post=510"}],"wp:featuredmedia":[{"embeddable":true,"href":"https:\/\/www.parthages.be\/eboutique\/wp-json\/wp\/v2\/media\/509"}],"wp:attachment":[{"href":"https:\/\/www.parthages.be\/eboutique\/wp-json\/wp\/v2\/media?parent=510"}],"curies":[{"name":"wp","href":"https:\/\/api.w.org\/{rel}","templated":true}]}}