{"id":512,"date":"2015-02-11T11:28:37","date_gmt":"2015-02-11T10:28:37","guid":{"rendered":"https:\/\/www.parthages.be\/wordpress\/produit\/guide-d-accompagnement-pour-la-prise-en-charge-des-troubles-anxieux-chez-l-enfant\/"},"modified":"2022-03-23T17:19:33","modified_gmt":"2022-03-23T16:19:33","slug":"guide-d-accompagnement-pour-la-prise-en-charge-des-troubles-anxieux-chez-l-enfant","status":"publish","type":"product","link":"https:\/\/www.parthages.be\/eboutique\/produit\/guide-d-accompagnement-pour-la-prise-en-charge-des-troubles-anxieux-chez-l-enfant\/","title":{"rendered":"Guide d&rsquo;accompagnement pour la prise en charge des troubles anxieux chez l&rsquo;enfant"},"content":{"rendered":"<p>Ce guide d\u2019accompagnement psycho\u00e9ducatif sur les troubles anxieux \u00e0 l\u2019enfance se veut un rep\u00e8re concret pour les guider dans le d\u00e9veloppement de leurs connaissances et l\u2019actualisation de leurs comp\u00e9tences professionnelles. Il offre une s\u00e9lection de connaissances sur l\u2019observation, l\u2019\u00e9valuation et l\u2019intervention des troubles anxieux \u00e0 l\u2019enfance.<\/p>\n<p>Il permet \u00e9galement d\u2019identifier les attitudes et les habilet\u00e9s parentales ayant un impact positif ou n\u00e9gatif sur les comportements anxieux de l\u2019enfant. Ce guide d\u00e9finit et d\u00e9crit une approche psycho\u00e9ducative de traitement des troubles anxieux \u00e0 l\u2019enfance.<\/p>\n<p>Ce guide est divis\u00e9 en quatre parties :<\/p>\n<p>Fiche synth\u00e8se. R\u00e9sume les questions auxquelles les intervenants doivent avoir des r\u00e9ponses pour aider l\u2019enfant anxieux et ses parents.<\/p>\n<p>Explications th\u00e9oriques. R\u00e9pond aux questions de la fiche synth\u00e8se.<\/p>\n<p>R\u00e9f\u00e9rences. Indique les sources s\u00e9lectionn\u00e9es qui permettent d\u2019expliquer les questions de la fiche synth\u00e8se.<\/p>\n<p>Bibliographie de soutien. Aide les parents \u00e0 d\u00e9velopper leurs connaissances sur la probl\u00e9matique et accompagne l\u2019enfant \u00e0 la compr\u00e9hension de ses troubles.<\/p>\n<p>GINCHEREAU M.<\/p>\n<p>La Bo\u00eete \u00e0 Livres Editions<\/p>\n<p>2012 -117p.197gr-20\u20ac<\/p>\n<p>ISBN\u00a0: 978-2-923817-45-3<\/p>\n<p>Cote doc\u00a0:10-10-GIN-G<\/p>\n<span class=\"et_bloom_bottom_trigger\"><\/span>","protected":false},"excerpt":{"rendered":"<p>Ce guide d\u2019accompagnement psycho\u00e9ducatif sur les troubles anxieux \u00e0 l\u2019enfance se veut un rep\u00e8re concret pour les guider dans le d\u00e9veloppement de leurs connaissances et l\u2019actualisation de leurs comp\u00e9tences professionnelles.<\/p>\n","protected":false},"featured_media":511,"comment_status":"open","ping_status":"closed","template":"","meta":{"_et_pb_use_builder":"","_et_pb_old_content":"","_et_gb_content_width":"","spay_email":""},"class_list":["post-512","product","type-product","status-publish","has-post-thumbnail","hentry","product_cat-livres","product_tag-accompagnement","product_tag-enfant","product_tag-outil-pedagogique","product_tag-trouble-anxieux"],"jetpack_sharing_enabled":true,"jetpack_likes_enabled":true,"_links":{"self":[{"href":"https:\/\/www.parthages.be\/eboutique\/wp-json\/wp\/v2\/product\/512","targetHints":{"allow":["GET"]}}],"collection":[{"href":"https:\/\/www.parthages.be\/eboutique\/wp-json\/wp\/v2\/product"}],"about":[{"href":"https:\/\/www.parthages.be\/eboutique\/wp-json\/wp\/v2\/types\/product"}],"replies":[{"embeddable":true,"href":"https:\/\/www.parthages.be\/eboutique\/wp-json\/wp\/v2\/comments?post=512"}],"wp:featuredmedia":[{"embeddable":true,"href":"https:\/\/www.parthages.be\/eboutique\/wp-json\/wp\/v2\/media\/511"}],"wp:attachment":[{"href":"https:\/\/www.parthages.be\/eboutique\/wp-json\/wp\/v2\/media?parent=512"}],"curies":[{"name":"wp","href":"https:\/\/api.w.org\/{rel}","templated":true}]}}