{"id":516,"date":"2015-02-11T11:35:44","date_gmt":"2015-02-11T10:35:44","guid":{"rendered":"https:\/\/www.parthages.be\/wordpress\/produit\/le-bulamel-anti-tue-moral-sortir-plus-forte-du-cancer-du-sein\/"},"modified":"2022-07-26T10:33:37","modified_gmt":"2022-07-26T08:33:37","slug":"le-bulamel-anti-tue-moral-sortir-plus-forte-du-cancer-du-sein","status":"publish","type":"product","link":"https:\/\/www.parthages.be\/eboutique\/produit\/le-bulamel-anti-tue-moral-sortir-plus-forte-du-cancer-du-sein\/","title":{"rendered":"Le Bulamel anti-tue-moral sortir plus forte du cancer du sein"},"content":{"rendered":"<p>Septembre 2008: \u00e0 l\u2019aulne de mes trente-six ans, apr\u00e8s une banale visite de m\u00e9decine du travail, on me d\u00e9couvre un cancer du sein. Pendant toute l\u2019ann\u00e9e de traitements, apr\u00e8s chaque \u00e9tape m\u00e9dicale, j\u2019ai correspondu par e-mail avec ma famille et mes amis rassembl\u00e9s dans une liste de diffusion qui n\u2019a cess\u00e9 de s\u2019\u00e9largir. Destin\u00e9 \u00e0 les informer de mon \u00e9tat de sant\u00e9 physique et moral de fa\u00e7on tr\u00e8s pratique, ce t\u00e9moignage a constitu\u00e9 une v\u00e9ritable th\u00e9rapie, pour eux comme pour moi \u2013 un anti-tue-moral (jeu de mots pour lequel je remercie B\u00e9atrice de Reynal). Ainsi est n\u00e9 le \u00ab\u00a0Bulamel\u00a0\u00bb, pour \u00ab\u00a0BULletin de sant\u00e9 A Marie-Eve Laporte\u00a0\u00bb. Son ambition est d\u2019accompagner les malades et leur entourage, en les informant et les aidant \u00e0 garder le moral au beau fixe, pour prendre du recul par rapport aux petites mis\u00e8res de la vie quotidienne et rebondir.<\/p>\n<p>LAPORTE M-E.<\/p>\n<p>Mon Petit Editeur<\/p>\n<p>2010 -322p.-422gr-<\/p>\n<p>ISBN\u00a0: 978-2-7483-5860-5<\/p>\n<p>Cote doc: 1-20-LAP-B<\/p>\n<p><strong><em>Uniquement \u00e0 la location<\/em><\/strong><\/p>\n<span class=\"et_bloom_bottom_trigger\"><\/span>","protected":false},"excerpt":{"rendered":"<p>Septembre 2008: \u00e0 l\u2019aulne de mes trente-six ans, apr\u00e8s une banale visite de m\u00e9decine du travail, on me d\u00e9couvre un cancer du sein.<\/p>\n","protected":false},"featured_media":515,"comment_status":"open","ping_status":"closed","template":"","meta":{"_et_pb_use_builder":"","_et_pb_old_content":"","_et_gb_content_width":"","spay_email":""},"class_list":["post-516","product","type-product","status-publish","has-post-thumbnail","hentry","product_cat-livres"],"jetpack_sharing_enabled":true,"jetpack_likes_enabled":true,"_links":{"self":[{"href":"https:\/\/www.parthages.be\/eboutique\/wp-json\/wp\/v2\/product\/516","targetHints":{"allow":["GET"]}}],"collection":[{"href":"https:\/\/www.parthages.be\/eboutique\/wp-json\/wp\/v2\/product"}],"about":[{"href":"https:\/\/www.parthages.be\/eboutique\/wp-json\/wp\/v2\/types\/product"}],"replies":[{"embeddable":true,"href":"https:\/\/www.parthages.be\/eboutique\/wp-json\/wp\/v2\/comments?post=516"}],"wp:featuredmedia":[{"embeddable":true,"href":"https:\/\/www.parthages.be\/eboutique\/wp-json\/wp\/v2\/media\/515"}],"wp:attachment":[{"href":"https:\/\/www.parthages.be\/eboutique\/wp-json\/wp\/v2\/media?parent=516"}],"curies":[{"name":"wp","href":"https:\/\/api.w.org\/{rel}","templated":true}]}}